{"id":11838,"date":"2023-09-14T04:38:11","date_gmt":"2023-09-14T09:38:11","guid":{"rendered":"https:\/\/grassrootsonline.org\/?page_id=11838"},"modified":"2025-08-05T22:06:33","modified_gmt":"2025-08-06T03:06:33","slug":"stay-informed","status":"publish","type":"page","link":"https:\/\/grassrootsonline.org\/es\/stay-informed\/","title":{"rendered":"Stay Informed"},"content":{"rendered":"<div class=\"wpb-content-wrapper\">[vc_row full_width=\u00bbstretch_row\u00bb el_class=\u00bbdonateSection__jobs\u00bb css=\u00bb.vc_custom_1688048580559{background-color: #c32c4c !important;}\u00bb local_scroll_id=\u00bbjobs\u00bb][vc_column][vc_row_inner el_class=\u00bbinner-row\u00bb][vc_column_inner][vc_column_text css=\u00bb.vc_custom_1754449486890{padding-bottom: 50px !important;}\u00bb el_class=\u00bbtext-element\u00bb]\n<p style=\"text-align: center;\"><strong>Mant\u00e9ngase Informade<br \/>\n<\/strong><\/p>\n<h2 style=\"text-align: center;\">Suscr\u00edbete a la lista de correo de GRI para mantenerte informade sobre las \u00faltimas noticias, eventos y para recibir alrteras de acci\u00f3n por correo electr\u00f3nico.<\/h2>\n[\/vc_column_text][vc_raw_html css=\u00bb\u00bb]JTNDbGluayUyMHJlbCUzRCUyN3ByZWxvYWQlMjclMjBocmVmJTNEJTI3aHR0cHMlM0ElMkYlMkZzdGF0aWMuZXZlcnlhY3Rpb24uY29tJTJGZWEtYWN0aW9udGFnJTJGYXQuanMlMjclMjBhcyUzRCUyN3NjcmlwdCUyNyUyMGNyb3Nzb3JpZ2luJTNEJTI3YW5vbnltb3VzJTI3JTNFJTBBJTIwJTNDbGluayUyMHJlbCUzRCUyN3ByZWxvYWQlMjclMjBocmVmJTNEJTI3aHR0cHMlM0ElMkYlMkZzdGF0aWMuZXZlcnlhY3Rpb24uY29tJTJGZWEtYWN0aW9udGFnJTJGYXQubWluLmNzcyUyNyUyMGFzJTNEJTI3c3R5bGUlMjclM0UlMEElMjAlM0NzY3JpcHQlMjB0eXBlJTNEJTI3dGV4dCUyRmphdmFzY3JpcHQlMjclMjBzcmMlM0QlMjdodHRwcyUzQSUyRiUyRnN0YXRpYy5ldmVyeWFjdGlvbi5jb20lMkZlYS1hY3Rpb250YWclMkZhdC5qcyUyNyUyMGNyb3Nzb3JpZ2luJTNEJTI3YW5vbnltb3VzJTI3JTNFJTNDJTJGc2NyaXB0JTNFJTBBJTIwJTNDbGluayUyMHJlbCUzRCUyN3ByZWxvYWQlMjclMjBocmVmJTNEJTI3aHR0cHMlM0ElMkYlMkZudmx1cGluLmJsb2IuY29yZS53aW5kb3dzLm5ldCUyRmRlc2lnbnMlMkZDdXN0b21TdHlsZXNoZWV0XzU5MzVkMjM4NTlhMDdjNDY4YTE2NmZkODgyNWUxY2NiNzhhMjY1OGI2MjY5YWFiNDJlMGRmNzI0MzJkMGYzZjguY3NzJTI3JTIwYXMlM0QlMjdzdHlsZSUyNyUzRSUwQSUyMCUzQ2RpdiUyMGNsYXNzJTNEJTIybmdwLWZvcm0lMjIlMEElMjAlMjAlMjAlMjAlMjBkYXRhLWZvcm0tdXJsJTNEJTIyaHR0cHMlM0ElMkYlMkZzZWN1cmUuZXZlcnlhY3Rpb24uY29tJTJGdjElMkZGb3JtcyUyRm9JS1FsRmRfZVUtdXhXN2hMUkExNmcyJTIyJTBBJTIwJTIwJTIwJTIwJTIwJTIwJTIwJTIwJTIwJTIwJTIwJTIwJTIwZGF0YS1jdXN0b20tY3NzJTNEJTI3aHR0cHMlM0ElMkYlMkZudmx1cGluLmJsb2IuY29yZS53aW5kb3dzLm5ldCUyRmRlc2lnbnMlMkZDdXN0b21TdHlsZXNoZWV0XzU5MzVkMjM4NTlhMDdjNDY4YTE2NmZkODgyNWUxY2NiNzhhMjY1OGI2MjY5YWFiNDJlMGRmNzI0MzJkMGYzZjguY3NzJTI3JTBBJTIwJTIwJTIwJTIwJTIwZGF0YS1mYXN0YWN0aW9uLWVuZHBvaW50JTNEJTIyaHR0cHMlM0ElMkYlMkZmYXN0YWN0aW9uLm5ncHZhbi5jb20lMjIlMEElMjAlMjAlMjAlMjAlMjBkYXRhLWlubGluZS1lcnJvcnMlM0QlMjJ0cnVlJTIyJTBBJTIwJTIwJTIwJTIwJTIwZGF0YS1mYXN0YWN0aW9uLW5vbG9naW4lM0QlMjJ0cnVlJTIyJTBBJTIwJTIwJTIwJTIwJTIwJTIwJTIwJTIwJTIwJTIwZGF0YS1tb2JpbGUtYXV0b2ZvY3VzJTNEJTIyZmFsc2UlMjIlM0UlMEElM0MlMkZkaXYlM0U=[\/vc_raw_html][\/vc_column_inner][\/vc_row_inner][\/vc_column][\/vc_row]\n<\/div>","protected":false},"excerpt":{"rendered":"<p>[vc_row full_width=\u00bbstretch_row\u00bb el_class=\u00bbdonateSection__jobs\u00bb css=\u00bb.vc_custom_1688048580559{background-color: #c32c4c !important;}\u00bb local_scroll_id=\u00bbjobs\u00bb][vc_column][vc_row_inner el_class=\u00bbinner-row\u00bb][vc_column_inner][vc_column_text css=\u00bb.vc_custom_1754449486890{padding-bottom: 50px !important;}\u00bb el_class=\u00bbtext-element\u00bb] Mant\u00e9ngase Informade Suscr\u00edbete a la lista de correo de GRI para mantenerte informade sobre las \u00faltimas noticias, eventos y para recibir alrteras de acci\u00f3n por correo electr\u00f3nico. [\/vc_column_text][vc_raw_html css=\u00bb\u00bb]JTNDbGluayUyMHJlbCUzRCUyN3ByZWxvYWQlMjclMjBocmVmJTNEJTI3aHR0cHMlM0ElMkYlMkZzdGF0aWMuZXZlcnlhY3Rpb24uY29tJTJGZWEtYWN0aW9udGFnJTJGYXQuanMlMjclMjBhcyUzRCUyN3NjcmlwdCUyNyUyMGNyb3Nzb3JpZ2luJTNEJTI3YW5vbnltb3VzJTI3JTNFJTBBJTIwJTNDbGluayUyMHJlbCUzRCUyN3ByZWxvYWQlMjclMjBocmVmJTNEJTI3aHR0cHMlM0ElMkYlMkZzdGF0aWMuZXZlcnlhY3Rpb24uY29tJTJGZWEtYWN0aW9udGFnJTJGYXQubWluLmNzcyUyNyUyMGFzJTNEJTI3c3R5bGUlMjclM0UlMEElMjAlM0NzY3JpcHQlMjB0eXBlJTNEJTI3dGV4dCUyRmphdmFzY3JpcHQlMjclMjBzcmMlM0QlMjdodHRwcyUzQSUyRiUyRnN0YXRpYy5ldmVyeWFjdGlvbi5jb20lMkZlYS1hY3Rpb250YWclMkZhdC5qcyUyNyUyMGNyb3Nzb3JpZ2luJTNEJTI3YW5vbnltb3VzJTI3JTNFJTNDJTJGc2NyaXB0JTNFJTBBJTIwJTNDbGluayUyMHJlbCUzRCUyN3ByZWxvYWQlMjclMjBocmVmJTNEJTI3aHR0cHMlM0ElMkYlMkZudmx1cGluLmJsb2IuY29yZS53aW5kb3dzLm5ldCUyRmRlc2lnbnMlMkZDdXN0b21TdHlsZXNoZWV0XzU5MzVkMjM4NTlhMDdjNDY4YTE2NmZkODgyNWUxY2NiNzhhMjY1OGI2MjY5YWFiNDJlMGRmNzI0MzJkMGYzZjguY3NzJTI3JTIwYXMlM0QlMjdzdHlsZSUyNyUzRSUwQSUyMCUzQ2RpdiUyMGNsYXNzJTNEJTIybmdwLWZvcm0lMjIlMEElMjAlMjAlMjAlMjAlMjBkYXRhLWZvcm0tdXJsJTNEJTIyaHR0cHMlM0ElMkYlMkZzZWN1cmUuZXZlcnlhY3Rpb24uY29tJTJGdjElMkZGb3JtcyUyRm9JS1FsRmRfZVUtdXhXN2hMUkExNmcyJTIyJTBBJTIwJTIwJTIwJTIwJTIwJTIwJTIwJTIwJTIwJTIwJTIwJTIwJTIwZGF0YS1jdXN0b20tY3NzJTNEJTI3aHR0cHMlM0ElMkYlMkZudmx1cGluLmJsb2IuY29yZS53aW5kb3dzLm5ldCUyRmRlc2lnbnMlMkZDdXN0b21TdHlsZXNoZWV0XzU5MzVkMjM4NTlhMDdjNDY4YTE2NmZkODgyNWUxY2NiNzhhMjY1OGI2MjY5YWFiNDJlMGRmNzI0MzJkMGYzZjguY3NzJTI3JTBBJTIwJTIwJTIwJTIwJTIwZGF0YS1mYXN0YWN0aW9uLWVuZHBvaW50JTNEJTIyaHR0cHMlM0ElMkYlMkZmYXN0YWN0aW9uLm5ncHZhbi5jb20lMjIlMEElMjAlMjAlMjAlMjAlMjBkYXRhLWlubGluZS1lcnJvcnMlM0QlMjJ0cnVlJTIyJTBBJTIwJTIwJTIwJTIwJTIwZGF0YS1mYXN0YWN0aW9uLW5vbG9naW4lM0QlMjJ0cnVlJTIyJTBBJTIwJTIwJTIwJTIwJTIwJTIwJTIwJTIwJTIwJTIwZGF0YS1tb2JpbGUtYXV0b2ZvY3VzJTNEJTIyZmFsc2UlMjIlM0UlMEElM0MlMkZkaXYlM0U=[\/vc_raw_html][\/vc_column_inner][\/vc_row_inner][\/vc_column][\/vc_row]<\/p>\n","protected":false},"author":7,"featured_media":0,"parent":0,"menu_order":0,"comment_status":"closed","ping_status":"closed","template":"","meta":{"_acf_changed":false,"inline_featured_image":false,"footnotes":"","_links_to":"","_links_to_target":""},"class_list":["post-11838","page","type-page","status-publish","hentry","entry","no-media"],"acf":[],"yoast_head":"<!-- This site is optimized with the Yoast SEO plugin v26.7 - https:\/\/yoast.com\/wordpress\/plugins\/seo\/ -->\n<title>Grassroots International | Stay Informed<\/title>\n<meta name=\"robots\" content=\"index, follow, max-snippet:-1, max-image-preview:large, max-video-preview:-1\" \/>\n<link rel=\"canonical\" href=\"https:\/\/grassrootsonline.org\/es\/stay-informed\/\" \/>\n<meta property=\"og:locale\" content=\"es_ES\" \/>\n<meta property=\"og:type\" content=\"article\" \/>\n<meta property=\"og:title\" content=\"Grassroots International | Stay Informed\" \/>\n<meta property=\"og:description\" content=\"[vc_row full_width=\u00bbstretch_row\u00bb el_class=\u00bbdonateSection__jobs\u00bb css=\u00bb.vc_custom_1688048580559{background-color: #c32c4c !important;}\u00bb local_scroll_id=\u00bbjobs\u00bb][vc_column][vc_row_inner el_class=\u00bbinner-row\u00bb][vc_column_inner][vc_column_text css=\u00bb.vc_custom_1754449486890{padding-bottom: 50px !important;}\u00bb el_class=\u00bbtext-element\u00bb] Mant\u00e9ngase Informade Suscr\u00edbete a la lista de correo de GRI para mantenerte informade sobre las \u00faltimas noticias, eventos y para recibir alrteras de acci\u00f3n por correo electr\u00f3nico. [\/vc_column_text][vc_raw_html css=\u00bb\u00bb]JTNDbGluayUyMHJlbCUzRCUyN3ByZWxvYWQlMjclMjBocmVmJTNEJTI3aHR0cHMlM0ElMkYlMkZzdGF0aWMuZXZlcnlhY3Rpb24uY29tJTJGZWEtYWN0aW9udGFnJTJGYXQuanMlMjclMjBhcyUzRCUyN3NjcmlwdCUyNyUyMGNyb3Nzb3JpZ2luJTNEJTI3YW5vbnltb3VzJTI3JTNFJTBBJTIwJTNDbGluayUyMHJlbCUzRCUyN3ByZWxvYWQlMjclMjBocmVmJTNEJTI3aHR0cHMlM0ElMkYlMkZzdGF0aWMuZXZlcnlhY3Rpb24uY29tJTJGZWEtYWN0aW9udGFnJTJGYXQubWluLmNzcyUyNyUyMGFzJTNEJTI3c3R5bGUlMjclM0UlMEElMjAlM0NzY3JpcHQlMjB0eXBlJTNEJTI3dGV4dCUyRmphdmFzY3JpcHQlMjclMjBzcmMlM0QlMjdodHRwcyUzQSUyRiUyRnN0YXRpYy5ldmVyeWFjdGlvbi5jb20lMkZlYS1hY3Rpb250YWclMkZhdC5qcyUyNyUyMGNyb3Nzb3JpZ2luJTNEJTI3YW5vbnltb3VzJTI3JTNFJTNDJTJGc2NyaXB0JTNFJTBBJTIwJTNDbGluayUyMHJlbCUzRCUyN3ByZWxvYWQlMjclMjBocmVmJTNEJTI3aHR0cHMlM0ElMkYlMkZudmx1cGluLmJsb2IuY29yZS53aW5kb3dzLm5ldCUyRmRlc2lnbnMlMkZDdXN0b21TdHlsZXNoZWV0XzU5MzVkMjM4NTlhMDdjNDY4YTE2NmZkODgyNWUxY2NiNzhhMjY1OGI2MjY5YWFiNDJlMGRmNzI0MzJkMGYzZjguY3NzJTI3JTIwYXMlM0QlMjdzdHlsZSUyNyUzRSUwQSUyMCUzQ2RpdiUyMGNsYXNzJTNEJTIybmdwLWZvcm0lMjIlMEElMjAlMjAlMjAlMjAlMjBkYXRhLWZvcm0tdXJsJTNEJTIyaHR0cHMlM0ElMkYlMkZzZWN1cmUuZXZlcnlhY3Rpb24uY29tJTJGdjElMkZGb3JtcyUyRm9JS1FsRmRfZVUtdXhXN2hMUkExNmcyJTIyJTBBJTIwJTIwJTIwJTIwJTIwJTIwJTIwJTIwJTIwJTIwJTIwJTIwJTIwZGF0YS1jdXN0b20tY3NzJTNEJTI3aHR0cHMlM0ElMkYlMkZudmx1cGluLmJsb2IuY29yZS53aW5kb3dzLm5ldCUyRmRlc2lnbnMlMkZDdXN0b21TdHlsZXNoZWV0XzU5MzVkMjM4NTlhMDdjNDY4YTE2NmZkODgyNWUxY2NiNzhhMjY1OGI2MjY5YWFiNDJlMGRmNzI0MzJkMGYzZjguY3NzJTI3JTBBJTIwJTIwJTIwJTIwJTIwZGF0YS1mYXN0YWN0aW9uLWVuZHBvaW50JTNEJTIyaHR0cHMlM0ElMkYlMkZmYXN0YWN0aW9uLm5ncHZhbi5jb20lMjIlMEElMjAlMjAlMjAlMjAlMjBkYXRhLWlubGluZS1lcnJvcnMlM0QlMjJ0cnVlJTIyJTBBJTIwJTIwJTIwJTIwJTIwZGF0YS1mYXN0YWN0aW9uLW5vbG9naW4lM0QlMjJ0cnVlJTIyJTBBJTIwJTIwJTIwJTIwJTIwJTIwJTIwJTIwJTIwJTIwZGF0YS1tb2JpbGUtYXV0b2ZvY3VzJTNEJTIyZmFsc2UlMjIlM0UlMEElM0MlMkZkaXYlM0U=[\/vc_raw_html][\/vc_column_inner][\/vc_row_inner][\/vc_column][\/vc_row]\" \/>\n<meta property=\"og:url\" content=\"https:\/\/grassrootsonline.org\/es\/stay-informed\/\" \/>\n<meta property=\"og:site_name\" content=\"Grassroots International\" \/>\n<meta property=\"article:publisher\" content=\"https:\/\/www.facebook.com\/GrassrootsIntl\" \/>\n<meta property=\"article:modified_time\" content=\"2025-08-06T03:06:33+00:00\" \/>\n<meta property=\"og:image\" content=\"https:\/\/grassrootsonline.org\/wp-content\/uploads\/2023\/10\/GRI-Web-Cover-03-min.jpeg\" \/>\n\t<meta property=\"og:image:width\" content=\"1200\" \/>\n\t<meta property=\"og:image:height\" content=\"675\" \/>\n\t<meta property=\"og:image:type\" content=\"image\/jpeg\" \/>\n<meta name=\"twitter:card\" content=\"summary_large_image\" \/>\n<meta name=\"twitter:site\" content=\"@grassrootsintl\" \/>\n<meta name=\"twitter:label1\" content=\"Tiempo de lectura\" \/>\n\t<meta name=\"twitter:data1\" content=\"1 minuto\" \/>\n<script type=\"application\/ld+json\" class=\"yoast-schema-graph\">{\"@context\":\"https:\/\/schema.org\",\"@graph\":[{\"@type\":\"WebPage\",\"@id\":\"https:\/\/grassrootsonline.org\/es\/stay-informed\/\",\"url\":\"https:\/\/grassrootsonline.org\/es\/stay-informed\/\",\"name\":\"Grassroots International | Stay Informed\",\"isPartOf\":{\"@id\":\"https:\/\/grassrootsonline.org\/#website\"},\"datePublished\":\"2023-09-14T09:38:11+00:00\",\"dateModified\":\"2025-08-06T03:06:33+00:00\",\"breadcrumb\":{\"@id\":\"https:\/\/grassrootsonline.org\/es\/stay-informed\/#breadcrumb\"},\"inLanguage\":\"es\",\"potentialAction\":[{\"@type\":\"ReadAction\",\"target\":[\"https:\/\/grassrootsonline.org\/es\/stay-informed\/\"]}]},{\"@type\":\"BreadcrumbList\",\"@id\":\"https:\/\/grassrootsonline.org\/es\/stay-informed\/#breadcrumb\",\"itemListElement\":[{\"@type\":\"ListItem\",\"position\":1,\"name\":\"Home\",\"item\":\"https:\/\/grassrootsonline.org\/es\/\"},{\"@type\":\"ListItem\",\"position\":2,\"name\":\"Stay Informed\"}]},{\"@type\":\"WebSite\",\"@id\":\"https:\/\/grassrootsonline.org\/#website\",\"url\":\"https:\/\/grassrootsonline.org\/\",\"name\":\"Grassroots International\",\"description\":\"Funding Global Movement for Social Change\",\"publisher\":{\"@id\":\"https:\/\/grassrootsonline.org\/#organization\"},\"potentialAction\":[{\"@type\":\"SearchAction\",\"target\":{\"@type\":\"EntryPoint\",\"urlTemplate\":\"https:\/\/grassrootsonline.org\/?s={search_term_string}\"},\"query-input\":{\"@type\":\"PropertyValueSpecification\",\"valueRequired\":true,\"valueName\":\"search_term_string\"}}],\"inLanguage\":\"es\"},{\"@type\":\"Organization\",\"@id\":\"https:\/\/grassrootsonline.org\/#organization\",\"name\":\"Grassroots International\",\"url\":\"https:\/\/grassrootsonline.org\/\",\"logo\":{\"@type\":\"ImageObject\",\"inLanguage\":\"es\",\"@id\":\"https:\/\/grassrootsonline.org\/#\/schema\/logo\/image\/\",\"url\":\"https:\/\/grassrootsonline.org\/wp-content\/uploads\/2023\/09\/GRI-Logo_Primary-Green.png\",\"contentUrl\":\"https:\/\/grassrootsonline.org\/wp-content\/uploads\/2023\/09\/GRI-Logo_Primary-Green.png\",\"width\":2560,\"height\":861,\"caption\":\"Grassroots International\"},\"image\":{\"@id\":\"https:\/\/grassrootsonline.org\/#\/schema\/logo\/image\/\"},\"sameAs\":[\"https:\/\/www.facebook.com\/GrassrootsIntl\",\"https:\/\/x.com\/grassrootsintl\",\"https:\/\/www.linkedin.com\/company\/grassroots-international\/\",\"https:\/\/www.youtube.com\/user\/GRIvideos\",\"https:\/\/www.instagram.com\/grassrootsintl\/\"]}]}<\/script>\n<!-- \/ Yoast SEO plugin. -->","yoast_head_json":{"title":"Grassroots International | Stay Informed","robots":{"index":"index","follow":"follow","max-snippet":"max-snippet:-1","max-image-preview":"max-image-preview:large","max-video-preview":"max-video-preview:-1"},"canonical":"https:\/\/grassrootsonline.org\/es\/stay-informed\/","og_locale":"es_ES","og_type":"article","og_title":"Grassroots International | Stay Informed","og_description":"[vc_row full_width=\u00bbstretch_row\u00bb el_class=\u00bbdonateSection__jobs\u00bb css=\u00bb.vc_custom_1688048580559{background-color: #c32c4c !important;}\u00bb local_scroll_id=\u00bbjobs\u00bb][vc_column][vc_row_inner el_class=\u00bbinner-row\u00bb][vc_column_inner][vc_column_text css=\u00bb.vc_custom_1754449486890{padding-bottom: 50px !important;}\u00bb el_class=\u00bbtext-element\u00bb] Mant\u00e9ngase Informade Suscr\u00edbete a la lista de correo de GRI para mantenerte informade sobre las \u00faltimas noticias, eventos y para recibir alrteras de acci\u00f3n por correo electr\u00f3nico. [\/vc_column_text][vc_raw_html css=\u00bb\u00bb]JTNDbGluayUyMHJlbCUzRCUyN3ByZWxvYWQlMjclMjBocmVmJTNEJTI3aHR0cHMlM0ElMkYlMkZzdGF0aWMuZXZlcnlhY3Rpb24uY29tJTJGZWEtYWN0aW9udGFnJTJGYXQuanMlMjclMjBhcyUzRCUyN3NjcmlwdCUyNyUyMGNyb3Nzb3JpZ2luJTNEJTI3YW5vbnltb3VzJTI3JTNFJTBBJTIwJTNDbGluayUyMHJlbCUzRCUyN3ByZWxvYWQlMjclMjBocmVmJTNEJTI3aHR0cHMlM0ElMkYlMkZzdGF0aWMuZXZlcnlhY3Rpb24uY29tJTJGZWEtYWN0aW9udGFnJTJGYXQubWluLmNzcyUyNyUyMGFzJTNEJTI3c3R5bGUlMjclM0UlMEElMjAlM0NzY3JpcHQlMjB0eXBlJTNEJTI3dGV4dCUyRmphdmFzY3JpcHQlMjclMjBzcmMlM0QlMjdodHRwcyUzQSUyRiUyRnN0YXRpYy5ldmVyeWFjdGlvbi5jb20lMkZlYS1hY3Rpb250YWclMkZhdC5qcyUyNyUyMGNyb3Nzb3JpZ2luJTNEJTI3YW5vbnltb3VzJTI3JTNFJTNDJTJGc2NyaXB0JTNFJTBBJTIwJTNDbGluayUyMHJlbCUzRCUyN3ByZWxvYWQlMjclMjBocmVmJTNEJTI3aHR0cHMlM0ElMkYlMkZudmx1cGluLmJsb2IuY29yZS53aW5kb3dzLm5ldCUyRmRlc2lnbnMlMkZDdXN0b21TdHlsZXNoZWV0XzU5MzVkMjM4NTlhMDdjNDY4YTE2NmZkODgyNWUxY2NiNzhhMjY1OGI2MjY5YWFiNDJlMGRmNzI0MzJkMGYzZjguY3NzJTI3JTIwYXMlM0QlMjdzdHlsZSUyNyUzRSUwQSUyMCUzQ2RpdiUyMGNsYXNzJTNEJTIybmdwLWZvcm0lMjIlMEElMjAlMjAlMjAlMjAlMjBkYXRhLWZvcm0tdXJsJTNEJTIyaHR0cHMlM0ElMkYlMkZzZWN1cmUuZXZlcnlhY3Rpb24uY29tJTJGdjElMkZGb3JtcyUyRm9JS1FsRmRfZVUtdXhXN2hMUkExNmcyJTIyJTBBJTIwJTIwJTIwJTIwJTIwJTIwJTIwJTIwJTIwJTIwJTIwJTIwJTIwZGF0YS1jdXN0b20tY3NzJTNEJTI3aHR0cHMlM0ElMkYlMkZudmx1cGluLmJsb2IuY29yZS53aW5kb3dzLm5ldCUyRmRlc2lnbnMlMkZDdXN0b21TdHlsZXNoZWV0XzU5MzVkMjM4NTlhMDdjNDY4YTE2NmZkODgyNWUxY2NiNzhhMjY1OGI2MjY5YWFiNDJlMGRmNzI0MzJkMGYzZjguY3NzJTI3JTBBJTIwJTIwJTIwJTIwJTIwZGF0YS1mYXN0YWN0aW9uLWVuZHBvaW50JTNEJTIyaHR0cHMlM0ElMkYlMkZmYXN0YWN0aW9uLm5ncHZhbi5jb20lMjIlMEElMjAlMjAlMjAlMjAlMjBkYXRhLWlubGluZS1lcnJvcnMlM0QlMjJ0cnVlJTIyJTBBJTIwJTIwJTIwJTIwJTIwZGF0YS1mYXN0YWN0aW9uLW5vbG9naW4lM0QlMjJ0cnVlJTIyJTBBJTIwJTIwJTIwJTIwJTIwJTIwJTIwJTIwJTIwJTIwZGF0YS1tb2JpbGUtYXV0b2ZvY3VzJTNEJTIyZmFsc2UlMjIlM0UlMEElM0MlMkZkaXYlM0U=[\/vc_raw_html][\/vc_column_inner][\/vc_row_inner][\/vc_column][\/vc_row]","og_url":"https:\/\/grassrootsonline.org\/es\/stay-informed\/","og_site_name":"Grassroots International","article_publisher":"https:\/\/www.facebook.com\/GrassrootsIntl","article_modified_time":"2025-08-06T03:06:33+00:00","og_image":[{"width":1200,"height":675,"url":"https:\/\/grassrootsonline.org\/wp-content\/uploads\/2023\/10\/GRI-Web-Cover-03-min.jpeg","type":"image\/jpeg"}],"twitter_card":"summary_large_image","twitter_site":"@grassrootsintl","twitter_misc":{"Tiempo de lectura":"1 minuto"},"schema":{"@context":"https:\/\/schema.org","@graph":[{"@type":"WebPage","@id":"https:\/\/grassrootsonline.org\/es\/stay-informed\/","url":"https:\/\/grassrootsonline.org\/es\/stay-informed\/","name":"Grassroots International | Stay Informed","isPartOf":{"@id":"https:\/\/grassrootsonline.org\/#website"},"datePublished":"2023-09-14T09:38:11+00:00","dateModified":"2025-08-06T03:06:33+00:00","breadcrumb":{"@id":"https:\/\/grassrootsonline.org\/es\/stay-informed\/#breadcrumb"},"inLanguage":"es","potentialAction":[{"@type":"ReadAction","target":["https:\/\/grassrootsonline.org\/es\/stay-informed\/"]}]},{"@type":"BreadcrumbList","@id":"https:\/\/grassrootsonline.org\/es\/stay-informed\/#breadcrumb","itemListElement":[{"@type":"ListItem","position":1,"name":"Home","item":"https:\/\/grassrootsonline.org\/es\/"},{"@type":"ListItem","position":2,"name":"Stay Informed"}]},{"@type":"WebSite","@id":"https:\/\/grassrootsonline.org\/#website","url":"https:\/\/grassrootsonline.org\/","name":"Grassroots International","description":"Funding Global Movement for Social Change","publisher":{"@id":"https:\/\/grassrootsonline.org\/#organization"},"potentialAction":[{"@type":"SearchAction","target":{"@type":"EntryPoint","urlTemplate":"https:\/\/grassrootsonline.org\/?s={search_term_string}"},"query-input":{"@type":"PropertyValueSpecification","valueRequired":true,"valueName":"search_term_string"}}],"inLanguage":"es"},{"@type":"Organization","@id":"https:\/\/grassrootsonline.org\/#organization","name":"Grassroots International","url":"https:\/\/grassrootsonline.org\/","logo":{"@type":"ImageObject","inLanguage":"es","@id":"https:\/\/grassrootsonline.org\/#\/schema\/logo\/image\/","url":"https:\/\/grassrootsonline.org\/wp-content\/uploads\/2023\/09\/GRI-Logo_Primary-Green.png","contentUrl":"https:\/\/grassrootsonline.org\/wp-content\/uploads\/2023\/09\/GRI-Logo_Primary-Green.png","width":2560,"height":861,"caption":"Grassroots International"},"image":{"@id":"https:\/\/grassrootsonline.org\/#\/schema\/logo\/image\/"},"sameAs":["https:\/\/www.facebook.com\/GrassrootsIntl","https:\/\/x.com\/grassrootsintl","https:\/\/www.linkedin.com\/company\/grassroots-international\/","https:\/\/www.youtube.com\/user\/GRIvideos","https:\/\/www.instagram.com\/grassrootsintl\/"]}]}},"_links":{"self":[{"href":"https:\/\/grassrootsonline.org\/es\/wp-json\/wp\/v2\/pages\/11838","targetHints":{"allow":["GET"]}}],"collection":[{"href":"https:\/\/grassrootsonline.org\/es\/wp-json\/wp\/v2\/pages"}],"about":[{"href":"https:\/\/grassrootsonline.org\/es\/wp-json\/wp\/v2\/types\/page"}],"author":[{"embeddable":true,"href":"https:\/\/grassrootsonline.org\/es\/wp-json\/wp\/v2\/users\/7"}],"replies":[{"embeddable":true,"href":"https:\/\/grassrootsonline.org\/es\/wp-json\/wp\/v2\/comments?post=11838"}],"version-history":[{"count":0,"href":"https:\/\/grassrootsonline.org\/es\/wp-json\/wp\/v2\/pages\/11838\/revisions"}],"wp:attachment":[{"href":"https:\/\/grassrootsonline.org\/es\/wp-json\/wp\/v2\/media?parent=11838"}],"curies":[{"name":"wp","href":"https:\/\/api.w.org\/{rel}","templated":true}]}}