{"id":11844,"date":"2023-06-30T01:25:25","date_gmt":"2023-06-30T06:25:25","guid":{"rendered":"https:\/\/grassrootsonline.org\/?page_id=11844"},"modified":"2025-08-20T14:02:18","modified_gmt":"2025-08-20T19:02:18","slug":"get-engaged","status":"publish","type":"page","link":"https:\/\/grassrootsonline.org\/es\/get-engaged\/","title":{"rendered":"Get Engaged"},"content":{"rendered":"<div class=\"wpb-content-wrapper\">[vc_row full_width=\u00bbstretch_row_content\u00bb equal_height=\u00bbyes\u00bb remove_bottom_col_margin=\u00bbtrue\u00bb el_class=\u00bbmonthlySustainer__hero hero-section berry\u00bb][vc_column width=\u00bb5\/12&#8243; css=\u00bb.vc_custom_1694683928950{background-image: url(https:\/\/grassrootsonline.org\/wp-content\/uploads\/2023\/09\/Sustainer-Hero-1.jpg?id=2178) !important;}\u00bb el_class=\u00bbimgCol\u00bb][\/vc_column][vc_column width=\u00bb7\/12&#8243; el_class=\u00bbtextCol\u00bb]<h2 class=\"vcex-heading vcex-heading-plain vcex-module wpex-heading wpex-text-2xl heading\"><span class=\"vcex-heading-inner wpex-inline-block\">M\u00e1s all\u00e1 de una Donaci\u00f3n: Invol\u00facrese y \u00danase a nuestra Comunidad<\/span><\/h2>[\/vc_column][vc_column el_class=\u00bbdecorCol\u00bb]<figure class=\"vcex-image vcex-module\"><div class=\"vcex-image-inner wpex-relative wpex-inline-block\"><img width=\"9999\" height=\"25\" src=\"https:\/\/grassrootsonline.org\/wp-content\/uploads\/2023\/05\/hero_wave.svg\" class=\"vcex-image-img wpex-align-middle\" alt=\"\" loading=\"lazy\" decoding=\"async\" \/><\/div><\/figure>[\/vc_column][\/vc_row][vc_row full_width=\u00bbstretch_row\u00bb el_class=\u00bbmonthlySustainer__engagement isRed isNotRed\u00bb][vc_column][vc_row_inner remove_bottom_col_margin=\u00bbtrue\u00bb el_class=\u00bbmonthlySustainer__engagement__header inner-row\u00bb][vc_column_inner]<h3 class=\"vcex-heading vcex-heading-plain vcex-module wpex-heading wpex-text-2xl\"><span class=\"vcex-heading-inner wpex-inline-block\">Programas de Participaci\u00f3n con Donantes y Financistas<\/span><\/h3>[vc_column_text css=\u00bb\u00bb]\n<h4>\u201cLa verdadera solidaridad se encuentra solamente en la plenitud de un acto de amor, en su existencialidad y en su praxis\u201d<\/h4>\n<h5 style=\"text-align: right;\">\u2014 <strong>Paulo Freire<\/strong><\/h5>\n<p>Invitamos a donantes y financistas a unirse al esfuerzo global de las acciones filantr\u00f3picas basadas en la solidaridad. Unirse a nuestra comunidad de donantes, financistas y movimientos sociales presenta una oportunidad de crecimiento personal y educaci\u00f3n popular. Estas actividades te inspirar\u00e1n y te conectar\u00e1n a\u00fan m\u00e1s con las soluciones que te comprometen.<\/p>\n<p>Las oportunidades como parte de nuestra comunidad incluyen:[\/vc_column_text][\/vc_column_inner][\/vc_row_inner][vc_row_inner remove_bottom_col_margin=\u00bbtrue\u00bb el_class=\u00bbmonthlySustainer__engagement__grid\u00bb][vc_column_inner]<div class=\"vcex-shortcode wpex-clr\"><div class=\"engagement_cards red\"><div class=\"engagement_cards__entry\"><\/div><\/div><\/div>[\/vc_column_inner][\/vc_row_inner][\/vc_column][\/vc_row][vc_section full_width=\u00bbstretch_row\u00bb disable_element=\u00bbyes\u00bb el_class=\u00bbmonthlySustainer\u00bb][vc_row full_width=\u00bbstretch_row\u00bb el_class=\u00bbmonthlySustainer__header\u00bb][vc_column][vc_row_inner remove_bottom_col_margin=\u00bbtrue\u00bb el_class=\u00bbinner-row\u00bb][vc_column_inner]<h3 class=\"vcex-heading vcex-heading-plain vcex-module wpex-heading wpex-text-2xl subheading\"><span class=\"vcex-heading-inner wpex-inline-block\">C\u00edrculo de Sustentadores<\/span><\/h3>[vc_column_text css=\u00bb\u00bb]Regalos mensuales recurrentes se aprecian mucho, al igual que los compromisos de varios a\u00f1os. Formamos relaciones solidarias de largo plazo\u00a0 con nuestros socios de movimiento, y entonces es de gran ayuda si nuestros donantes se comprometen a una relaci\u00f3n de largo plazo con nosotros tambi\u00e9n.[\/vc_column_text][\/vc_column_inner][\/vc_row_inner][\/vc_column][\/vc_row][vc_row full_width=\u00bbstretch_row\u00bb remove_bottom_col_margin=\u00bbtrue\u00bb el_class=\u00bbmonthlySustainer__donation\u00bb][vc_column][vc_row_inner el_class=\u00bbinner-row\u00bb][vc_column_inner]<h3 class=\"vcex-heading vcex-heading-plain vcex-module wpex-heading wpex-text-2xl\"><span class=\"vcex-heading-inner wpex-inline-block\">How to become a monthly sustainer?<\/span><\/h3>[vc_column_text css=\u00bb.vc_custom_1694683945781{padding-bottom: 40px !important;}\u00bb]If you give online below, you can join our Sustainers Circle by designating your contribution to be a recurring monthly donation.[\/vc_column_text][vc_raw_html]JTNDaWZyYW1lJTIwaWQlM0QlMjJmb3JtLWQxZmY0ZTcyLTA4NTMtNDg4Zi04YjJhLTI0NzZiMDVjYTg3OCUyMiUyMGNsYXNzJTNEJTIyYmxhY2tiYXVkLWRvbmF0aW9uLWZvcm0lMjIlMjBzdHlsZSUzRCUyMmJhY2tncm91bmQtY29sb3IlM0ElMjAlMjNGQkY3RjAlM0IlMjBtYXgtd2lkdGglM0ElMjA2MDBweCUzQiUyMG1pbi13aWR0aCUzQSUyMDMyMHB4JTNCJTIwd2lkdGglM0ElMjAxMDAlMjUlM0IlMjBoZWlnaHQlM0ElMjAxMDAlMjUlM0IlMjBib3JkZXIlM0ElMjBub25lJTNCJTIwb3ZlcmZsb3clM0ElMjBoaWRkZW4lM0IlMjIlMjB0aXRsZSUzRCUyMkRvbmF0aW9uJTIwRm9ybSUyMiUyMHNjcm9sbGluZyUzRCUyMm5vJTIyJTNFJTBBJTNDJTJGaWZyYW1lJTNFJTBBJTNDc2NyaXB0JTNFJTBBJTIwJTIwJTIwJTIwdmFyJTIwdXJsJTIwJTNEJTIwJTI3aHR0cHMlM0ElMkYlMkZob3N0Lm54dC5ibGFja2JhdWQuY29tJTJGZG9ub3ItZm9ybSUzRnN2Y2lkJTNEcmVueHQlMjZmb3JtSWQlM0RkMWZmNGU3Mi0wODUzLTQ4OGYtOGIyYS0yNDc2YjA1Y2E4NzglMjZlbnZpZCUzRHAtdDZUY3d3SklSa21xU2RsOVlkMjBZUSUyNyUzQiUwQSUyMCUyMCUyMCUyMHZhciUyMGlmcmFtZSUyMCUzRCUyMGRvY3VtZW50LmdldEVsZW1lbnRCeUlkJTI4JTI3Zm9ybS1kMWZmNGU3Mi0wODUzLTQ4OGYtOGIyYS0yNDc2YjA1Y2E4NzglMjclMjklM0IlMEElMjAlMjAlMjAlMjB2YXIlMjBiYmVtbFBhcnNlciUyMCUzRCUyMG5ldyUyMFJlZ0V4cCUyOCUyNyU1QiUzRiUyNiU1RGJiZW1sJTNEJTI4JTVCJTVFJTI2JTIzJTVEJTJBJTI5JTI3JTI5LmV4ZWMlMjhkb2N1bWVudC5sb2NhdGlvbi5zZWFyY2glMjklM0IlMEElMjAlMjAlMjAlMjB2YXIlMjBiYmVtbCUyMCUzRCUyMGJiZW1sUGFyc2VyJTIwJTNGJTIwZGVjb2RlVVJJJTI4YmJlbWxQYXJzZXIlNUIxJTVEJTI5JTIwJTdDJTdDJTIwMCUyMCUzQSUyMCUyNyUyNyUzQiUwQSUyMCUyMCUyMCUyMGlmcmFtZS5zcmMlMjAlM0QlMjB1cmwlMjAlMkIlMjAlMjclMjZyZWZlcnJhbCUzRCUyNyUyMCUyQiUyMGRvY3VtZW50LnJlZmVycmVyJTIwJTJCJTIwJTI3JTI2YmJlbWwlM0QlMjclMjAlMkIlMjBiYmVtbCUzQiUwQSUyMCUyMCUyMCUyMHdpbmRvdy5hZGRFdmVudExpc3RlbmVyJTI4JTI3bWVzc2FnZSUyNyUyQyUyMGZ1bmN0aW9uJTIwJTI4ZXZlbnQlMjklMjAlN0IlMEElMjAlMjAlMjAlMjAlMjAlMjAlMjAlMjBpZiUyMCUyOGV2ZW50LmRhdGElMjAlM0QlM0QlM0QlMjAlMjdjaGVja291dCUyMGxvYWRlZCUyNyUyOSUyMCU3QiUwQSUyMCUyMCUyMCUyMCUyMCUyMCUyMCUyMCUyMCUyMCUyMCUyMGRvY3VtZW50LmdldEVsZW1lbnRCeUlkJTI4JTI3Zm9ybS1kMWZmNGU3Mi0wODUzLTQ4OGYtOGIyYS0yNDc2YjA1Y2E4NzglMjclMjkuc2Nyb2xsSW50b1ZpZXclMjglMjklMEElMjAlMjAlMjAlMjAlMjAlMjAlMjAlMjAlN0QlMEElMjAlMjAlMjAlMjAlMjAlMjAlMjAlMjBpZiUyMCUyOGV2ZW50LmRhdGEubWVzc2FnZVR5cGUlMjAlM0QlM0QlM0QlMjAlMjdoZWlnaHQtY2hhbmdlJTI3JTI5JTIwJTdCJTBBJTIwJTIwJTIwJTIwJTIwJTIwJTIwJTIwJTIwJTIwJTIwJTIwZG9jdW1lbnQuZ2V0RWxlbWVudEJ5SWQlMjglMjdmb3JtLWQxZmY0ZTcyLTA4NTMtNDg4Zi04YjJhLTI0NzZiMDVjYTg3OCUyNyUyOS5zdHlsZS5taW5IZWlnaHQlMjAlM0QlMjBldmVudC5kYXRhLm1lc3NhZ2UuaGVpZ2h0JTNCJTBBJTIwJTIwJTIwJTIwJTIwJTIwJTIwJTIwJTdEJTBBJTIwJTIwJTIwJTIwJTdEJTI5JTNCJTBBJTNDJTJGc2NyaXB0JTNF[\/vc_raw_html][\/vc_column_inner][\/vc_row_inner][\/vc_column][\/vc_row][\/vc_section][vc_row full_width=\u00bbstretch_row\u00bb el_class=\u00bbmonthlySustainer__quote\u00bb][vc_column][vc_row_inner el_class=\u00bbinner-row\u00bb][vc_column_inner width=\u00bb4\/12&#8243;]<figure class=\"vcex-image vcex-module photo\"><div class=\"vcex-image-inner wpex-relative wpex-inline-block\"><img width=\"900\" height=\"900\" src=\"https:\/\/grassrootsonline.org\/wp-content\/uploads\/2023\/09\/Micky-McKinley.jpg\" class=\"vcex-image-img wpex-align-middle\" alt=\"\" loading=\"lazy\" decoding=\"async\" srcset=\"https:\/\/grassrootsonline.org\/wp-content\/uploads\/2023\/09\/Micky-McKinley.jpg 900w, https:\/\/grassrootsonline.org\/wp-content\/uploads\/2023\/09\/Micky-McKinley-300x300.jpg 300w, https:\/\/grassrootsonline.org\/wp-content\/uploads\/2023\/09\/Micky-McKinley-150x150.jpg 150w, https:\/\/grassrootsonline.org\/wp-content\/uploads\/2023\/09\/Micky-McKinley-768x768.jpg 768w\" sizes=\"auto, (max-width: 900px) 100vw, 900px\" \/><\/div><\/figure>[\/vc_column_inner][vc_column_inner el_class=\u00bbtext-element\u00bb width=\u00bb8\/12&#8243;][vc_column_text css=\u00bb\u00bb]\n<p class=\"quote\">\u201cHe tenido la oportunidad de estar en las delegaciones y conocer a los socios junto con el personal de Grassroots Internatonal, entonces conozco de primera mano sobre el trabajo tan respetuoso que se realiza con los grupos que conocimos. Me encanta que se generan relaciones de largo plazo con los grupos que financian. Por lo tanto, yo tambi\u00e9n estoy construyendo una relaci\u00f3n de largo plazo con Grassroots International!\u201d<\/p>\n<p class=\"name\">Micky McKinley<\/p>\n[\/vc_column_text][\/vc_column_inner][\/vc_row_inner][\/vc_column][\/vc_row][vc_row full_width=\u00bbstretch_row\u00bb disable_element=\u00bbyes\u00bb el_class=\u00bbmonthlySustainer__engagement\u00bb local_scroll_id=\u00bbfunder-engagement-spaces\u00bb el_id=\u00bbfunder-engagement-spaces\u00bb][vc_column][vc_row_inner remove_bottom_col_margin=\u00bbtrue\u00bb el_class=\u00bbmonthlySustainer__engagement__header inner-row\u00bb][vc_column_inner]<h3 class=\"vcex-heading vcex-heading-plain vcex-module wpex-heading wpex-text-2xl\"><span class=\"vcex-heading-inner wpex-inline-block\">Espacios Organizativos de Financistas<\/span><\/h3>[vc_column_text]TBC[\/vc_column_text][\/vc_column_inner][\/vc_row_inner][vc_row_inner remove_bottom_col_margin=\u00bbtrue\u00bb el_class=\u00bbmonthlySustainer__engagement__grid\u00bb][vc_column_inner]<div class=\"vcex-shortcode wpex-clr\"><div class=\"engagement_cards pine\"><div class=\"engagement_cards__entry\"><\/div><\/div><\/div>[\/vc_column_inner][\/vc_row_inner][\/vc_column][\/vc_row]\n<\/div>","protected":false},"excerpt":{"rendered":"<p>[vc_row full_width=\u00bbstretch_row_content\u00bb equal_height=\u00bbyes\u00bb remove_bottom_col_margin=\u00bbtrue\u00bb el_class=\u00bbmonthlySustainer__hero hero-section berry\u00bb][vc_column width=\u00bb5\/12&#8243; css=\u00bb.vc_custom_1694683928950{background-image: url(https:\/\/grassrootsonline.org\/wp-content\/uploads\/2023\/09\/Sustainer-Hero-1.jpg?id=2178) !important;}\u00bb el_class=\u00bbimgCol\u00bb][\/vc_column][vc_column width=\u00bb7\/12&#8243; el_class=\u00bbtextCol\u00bb][\/vc_column][vc_column el_class=\u00bbdecorCol\u00bb][\/vc_column][\/vc_row][vc_row full_width=\u00bbstretch_row\u00bb el_class=\u00bbmonthlySustainer__engagement isRed isNotRed\u00bb][vc_column][vc_row_inner remove_bottom_col_margin=\u00bbtrue\u00bb el_class=\u00bbmonthlySustainer__engagement__header inner-row\u00bb][vc_column_inner][vc_column_text css=\u00bb\u00bb] \u201cLa verdadera solidaridad se encuentra solamente en la plenitud de un acto de amor, en su existencialidad y en su praxis\u201d \u2014 Paulo Freire Invitamos a donantes y financistas a unirse al&hellip;<\/p>\n","protected":false},"author":7,"featured_media":0,"parent":0,"menu_order":0,"comment_status":"closed","ping_status":"closed","template":"","meta":{"_acf_changed":false,"inline_featured_image":false,"footnotes":"","_links_to":"","_links_to_target":""},"class_list":["post-11844","page","type-page","status-publish","hentry","entry","no-media"],"acf":[],"yoast_head":"<!-- This site is optimized with the Yoast SEO plugin v26.7 - https:\/\/yoast.com\/wordpress\/plugins\/seo\/ -->\n<title>Grassroots International | Get Engaged<\/title>\n<meta name=\"robots\" content=\"index, follow, max-snippet:-1, max-image-preview:large, max-video-preview:-1\" \/>\n<link rel=\"canonical\" href=\"https:\/\/grassrootsonline.org\/es\/get-engaged\/\" \/>\n<meta property=\"og:locale\" content=\"es_ES\" \/>\n<meta property=\"og:type\" content=\"article\" \/>\n<meta property=\"og:title\" content=\"Grassroots International | Get Engaged\" \/>\n<meta property=\"og:description\" content=\"[vc_row full_width=\u00bbstretch_row_content\u00bb equal_height=\u00bbyes\u00bb remove_bottom_col_margin=\u00bbtrue\u00bb el_class=\u00bbmonthlySustainer__hero hero-section berry\u00bb][vc_column width=\u00bb5\/12&#8243; css=\u00bb.vc_custom_1694683928950{background-image: url(https:\/\/grassrootsonline.org\/wp-content\/uploads\/2023\/09\/Sustainer-Hero-1.jpg?id=2178) !important;}\u00bb el_class=\u00bbimgCol\u00bb][\/vc_column][vc_column width=\u00bb7\/12&#8243; el_class=\u00bbtextCol\u00bb][\/vc_column][vc_column el_class=\u00bbdecorCol\u00bb][\/vc_column][\/vc_row][vc_row full_width=\u00bbstretch_row\u00bb el_class=\u00bbmonthlySustainer__engagement isRed isNotRed\u00bb][vc_column][vc_row_inner remove_bottom_col_margin=\u00bbtrue\u00bb el_class=\u00bbmonthlySustainer__engagement__header inner-row\u00bb][vc_column_inner][vc_column_text css=\u00bb\u00bb] \u201cLa verdadera solidaridad se encuentra solamente en la plenitud de un acto de amor, en su existencialidad y en su praxis\u201d \u2014 Paulo Freire Invitamos a donantes y financistas a unirse al&hellip;\" \/>\n<meta property=\"og:url\" content=\"https:\/\/grassrootsonline.org\/es\/get-engaged\/\" \/>\n<meta property=\"og:site_name\" content=\"Grassroots International\" \/>\n<meta property=\"article:publisher\" content=\"https:\/\/www.facebook.com\/GrassrootsIntl\" \/>\n<meta property=\"article:modified_time\" content=\"2025-08-20T19:02:18+00:00\" \/>\n<meta property=\"og:image\" content=\"https:\/\/grassrootsonline.org\/wp-content\/uploads\/2023\/10\/GRI-Web-Cover-03-min.jpeg\" \/>\n\t<meta property=\"og:image:width\" content=\"1200\" \/>\n\t<meta property=\"og:image:height\" content=\"675\" \/>\n\t<meta property=\"og:image:type\" content=\"image\/jpeg\" \/>\n<meta name=\"twitter:card\" content=\"summary_large_image\" \/>\n<meta name=\"twitter:site\" content=\"@grassrootsintl\" \/>\n<meta name=\"twitter:label1\" content=\"Tiempo de lectura\" \/>\n\t<meta name=\"twitter:data1\" content=\"2 minutos\" \/>\n<script type=\"application\/ld+json\" class=\"yoast-schema-graph\">{\"@context\":\"https:\/\/schema.org\",\"@graph\":[{\"@type\":\"WebPage\",\"@id\":\"https:\/\/grassrootsonline.org\/es\/get-engaged\/\",\"url\":\"https:\/\/grassrootsonline.org\/es\/get-engaged\/\",\"name\":\"Grassroots International | Get Engaged\",\"isPartOf\":{\"@id\":\"https:\/\/grassrootsonline.org\/#website\"},\"datePublished\":\"2023-06-30T06:25:25+00:00\",\"dateModified\":\"2025-08-20T19:02:18+00:00\",\"breadcrumb\":{\"@id\":\"https:\/\/grassrootsonline.org\/es\/get-engaged\/#breadcrumb\"},\"inLanguage\":\"es\",\"potentialAction\":[{\"@type\":\"ReadAction\",\"target\":[\"https:\/\/grassrootsonline.org\/es\/get-engaged\/\"]}]},{\"@type\":\"BreadcrumbList\",\"@id\":\"https:\/\/grassrootsonline.org\/es\/get-engaged\/#breadcrumb\",\"itemListElement\":[{\"@type\":\"ListItem\",\"position\":1,\"name\":\"Home\",\"item\":\"https:\/\/grassrootsonline.org\/es\/\"},{\"@type\":\"ListItem\",\"position\":2,\"name\":\"Get Engaged\"}]},{\"@type\":\"WebSite\",\"@id\":\"https:\/\/grassrootsonline.org\/#website\",\"url\":\"https:\/\/grassrootsonline.org\/\",\"name\":\"Grassroots International\",\"description\":\"Funding Global Movement for Social Change\",\"publisher\":{\"@id\":\"https:\/\/grassrootsonline.org\/#organization\"},\"potentialAction\":[{\"@type\":\"SearchAction\",\"target\":{\"@type\":\"EntryPoint\",\"urlTemplate\":\"https:\/\/grassrootsonline.org\/?s={search_term_string}\"},\"query-input\":{\"@type\":\"PropertyValueSpecification\",\"valueRequired\":true,\"valueName\":\"search_term_string\"}}],\"inLanguage\":\"es\"},{\"@type\":\"Organization\",\"@id\":\"https:\/\/grassrootsonline.org\/#organization\",\"name\":\"Grassroots International\",\"url\":\"https:\/\/grassrootsonline.org\/\",\"logo\":{\"@type\":\"ImageObject\",\"inLanguage\":\"es\",\"@id\":\"https:\/\/grassrootsonline.org\/#\/schema\/logo\/image\/\",\"url\":\"https:\/\/grassrootsonline.org\/wp-content\/uploads\/2023\/09\/GRI-Logo_Primary-Green.png\",\"contentUrl\":\"https:\/\/grassrootsonline.org\/wp-content\/uploads\/2023\/09\/GRI-Logo_Primary-Green.png\",\"width\":2560,\"height\":861,\"caption\":\"Grassroots International\"},\"image\":{\"@id\":\"https:\/\/grassrootsonline.org\/#\/schema\/logo\/image\/\"},\"sameAs\":[\"https:\/\/www.facebook.com\/GrassrootsIntl\",\"https:\/\/x.com\/grassrootsintl\",\"https:\/\/www.linkedin.com\/company\/grassroots-international\/\",\"https:\/\/www.youtube.com\/user\/GRIvideos\",\"https:\/\/www.instagram.com\/grassrootsintl\/\"]}]}<\/script>\n<!-- \/ Yoast SEO plugin. -->","yoast_head_json":{"title":"Grassroots International | Get Engaged","robots":{"index":"index","follow":"follow","max-snippet":"max-snippet:-1","max-image-preview":"max-image-preview:large","max-video-preview":"max-video-preview:-1"},"canonical":"https:\/\/grassrootsonline.org\/es\/get-engaged\/","og_locale":"es_ES","og_type":"article","og_title":"Grassroots International | Get Engaged","og_description":"[vc_row full_width=\u00bbstretch_row_content\u00bb equal_height=\u00bbyes\u00bb remove_bottom_col_margin=\u00bbtrue\u00bb el_class=\u00bbmonthlySustainer__hero hero-section berry\u00bb][vc_column width=\u00bb5\/12&#8243; css=\u00bb.vc_custom_1694683928950{background-image: url(https:\/\/grassrootsonline.org\/wp-content\/uploads\/2023\/09\/Sustainer-Hero-1.jpg?id=2178) !important;}\u00bb el_class=\u00bbimgCol\u00bb][\/vc_column][vc_column width=\u00bb7\/12&#8243; el_class=\u00bbtextCol\u00bb][\/vc_column][vc_column el_class=\u00bbdecorCol\u00bb][\/vc_column][\/vc_row][vc_row full_width=\u00bbstretch_row\u00bb el_class=\u00bbmonthlySustainer__engagement isRed isNotRed\u00bb][vc_column][vc_row_inner remove_bottom_col_margin=\u00bbtrue\u00bb el_class=\u00bbmonthlySustainer__engagement__header inner-row\u00bb][vc_column_inner][vc_column_text css=\u00bb\u00bb] \u201cLa verdadera solidaridad se encuentra solamente en la plenitud de un acto de amor, en su existencialidad y en su praxis\u201d \u2014 Paulo Freire Invitamos a donantes y financistas a unirse al&hellip;","og_url":"https:\/\/grassrootsonline.org\/es\/get-engaged\/","og_site_name":"Grassroots International","article_publisher":"https:\/\/www.facebook.com\/GrassrootsIntl","article_modified_time":"2025-08-20T19:02:18+00:00","og_image":[{"width":1200,"height":675,"url":"https:\/\/grassrootsonline.org\/wp-content\/uploads\/2023\/10\/GRI-Web-Cover-03-min.jpeg","type":"image\/jpeg"}],"twitter_card":"summary_large_image","twitter_site":"@grassrootsintl","twitter_misc":{"Tiempo de lectura":"2 minutos"},"schema":{"@context":"https:\/\/schema.org","@graph":[{"@type":"WebPage","@id":"https:\/\/grassrootsonline.org\/es\/get-engaged\/","url":"https:\/\/grassrootsonline.org\/es\/get-engaged\/","name":"Grassroots International | Get Engaged","isPartOf":{"@id":"https:\/\/grassrootsonline.org\/#website"},"datePublished":"2023-06-30T06:25:25+00:00","dateModified":"2025-08-20T19:02:18+00:00","breadcrumb":{"@id":"https:\/\/grassrootsonline.org\/es\/get-engaged\/#breadcrumb"},"inLanguage":"es","potentialAction":[{"@type":"ReadAction","target":["https:\/\/grassrootsonline.org\/es\/get-engaged\/"]}]},{"@type":"BreadcrumbList","@id":"https:\/\/grassrootsonline.org\/es\/get-engaged\/#breadcrumb","itemListElement":[{"@type":"ListItem","position":1,"name":"Home","item":"https:\/\/grassrootsonline.org\/es\/"},{"@type":"ListItem","position":2,"name":"Get Engaged"}]},{"@type":"WebSite","@id":"https:\/\/grassrootsonline.org\/#website","url":"https:\/\/grassrootsonline.org\/","name":"Grassroots International","description":"Funding Global Movement for Social Change","publisher":{"@id":"https:\/\/grassrootsonline.org\/#organization"},"potentialAction":[{"@type":"SearchAction","target":{"@type":"EntryPoint","urlTemplate":"https:\/\/grassrootsonline.org\/?s={search_term_string}"},"query-input":{"@type":"PropertyValueSpecification","valueRequired":true,"valueName":"search_term_string"}}],"inLanguage":"es"},{"@type":"Organization","@id":"https:\/\/grassrootsonline.org\/#organization","name":"Grassroots International","url":"https:\/\/grassrootsonline.org\/","logo":{"@type":"ImageObject","inLanguage":"es","@id":"https:\/\/grassrootsonline.org\/#\/schema\/logo\/image\/","url":"https:\/\/grassrootsonline.org\/wp-content\/uploads\/2023\/09\/GRI-Logo_Primary-Green.png","contentUrl":"https:\/\/grassrootsonline.org\/wp-content\/uploads\/2023\/09\/GRI-Logo_Primary-Green.png","width":2560,"height":861,"caption":"Grassroots International"},"image":{"@id":"https:\/\/grassrootsonline.org\/#\/schema\/logo\/image\/"},"sameAs":["https:\/\/www.facebook.com\/GrassrootsIntl","https:\/\/x.com\/grassrootsintl","https:\/\/www.linkedin.com\/company\/grassroots-international\/","https:\/\/www.youtube.com\/user\/GRIvideos","https:\/\/www.instagram.com\/grassrootsintl\/"]}]}},"_links":{"self":[{"href":"https:\/\/grassrootsonline.org\/es\/wp-json\/wp\/v2\/pages\/11844","targetHints":{"allow":["GET"]}}],"collection":[{"href":"https:\/\/grassrootsonline.org\/es\/wp-json\/wp\/v2\/pages"}],"about":[{"href":"https:\/\/grassrootsonline.org\/es\/wp-json\/wp\/v2\/types\/page"}],"author":[{"embeddable":true,"href":"https:\/\/grassrootsonline.org\/es\/wp-json\/wp\/v2\/users\/7"}],"replies":[{"embeddable":true,"href":"https:\/\/grassrootsonline.org\/es\/wp-json\/wp\/v2\/comments?post=11844"}],"version-history":[{"count":0,"href":"https:\/\/grassrootsonline.org\/es\/wp-json\/wp\/v2\/pages\/11844\/revisions"}],"wp:attachment":[{"href":"https:\/\/grassrootsonline.org\/es\/wp-json\/wp\/v2\/media?parent=11844"}],"curies":[{"name":"wp","href":"https:\/\/api.w.org\/{rel}","templated":true}]}}