{"id":8959,"date":"2023-05-12T08:52:48","date_gmt":"2023-05-12T13:52:48","guid":{"rendered":"https:\/\/grassrootsonline.org\/?page_id=8959"},"modified":"2024-07-05T09:10:09","modified_gmt":"2024-07-05T14:10:09","slug":"why-gri-works-es","status":"publish","type":"page","link":"https:\/\/grassrootsonline.org\/es\/why-gri-works-es\/","title":{"rendered":"Why GRI works Es"},"content":{"rendered":"<div class=\"wpb-content-wrapper\">[vc_section el_class=\u00bbwhyGRIworks\u00bb][vc_row full_width=\u00bbstretch_row_content\u00bb equal_height=\u00bbyes\u00bb remove_bottom_col_margin=\u00bbtrue\u00bb el_class=\u00bbwhyGRIworks__hero hero-section fern\u00bb][vc_column width=\u00bb5\/12&#8243; css=\u00bb.vc_custom_1693986163967{background-image: url(https:\/\/grassrootsonline.org\/wp-content\/uploads\/2023\/09\/Why-Grassroots-Hero-min.jpg?id=1444) !important;}\u00bb el_class=\u00bbimgCol\u00bb][\/vc_column][vc_column width=\u00bb7\/12&#8243; el_class=\u00bbtextCol\u00bb]<h1 class=\"vcex-heading vcex-heading-plain vcex-module wpex-heading wpex-text-2xl subheading\"><span class=\"vcex-heading-inner wpex-inline-block\">Por qu\u00e9 funciona la acci\u00f3n de base<\/span><\/h1><h2 class=\"vcex-heading vcex-heading-plain vcex-module wpex-heading wpex-text-2xl heading\"><span class=\"vcex-heading-inner wpex-inline-block\">Reimaginar la filantrop\u00eda al financiar aquello que funciona.<\/span><\/h2>[\/vc_column][vc_column el_class=\u00bbdecorCol\u00bb]<figure class=\"vcex-image vcex-module\"><div class=\"vcex-image-inner wpex-relative wpex-inline-block\"><img width=\"9999\" height=\"22\" src=\"https:\/\/grassrootsonline.org\/wp-content\/uploads\/2023\/04\/hero_decor_white.svg\" class=\"vcex-image-img wpex-align-middle\" alt=\"\" loading=\"lazy\" decoding=\"async\" \/><\/div><\/figure>[\/vc_column][\/vc_row][vc_row full_width=\u00bbstretch_row_content_no_spaces\u00bb disable_element=\u00bbyes\u00bb remove_bottom_col_margin=\u00bbtrue\u00bb video_bg=\u00bbself_hosted\u00bb el_class=\u00bbwhyGRIworks__video\u00bb][vc_column]<div class=\"vcex-shortcode wpex-clr\"><div class=\"whyGRIworks__video\"><div class=\"whyGRIworks__video__holder\"><video class=\"whyGRIworks__video__file\" preload=\"none\" poster=\"https:\/\/grassrootsonline.org\/wp-content\/uploads\/2023\/05\/issue_poster.png\"><source src=\"https:\/\/grassrootsonline.org\/wp-content\/uploads\/2023\/05\/video-with-sound.mp4\" type=\"video\/mp4\"><\/video><a href=\"#\" class=\"whyGRIworks__video__button js-playGRIvideo\"><i><svg width=\"140\" height=\"140\" viewBox=\"0 0 140 140\" fill=\"none\" xmlns=\"http:\/\/www.w3.org\/2000\/svg\">\n<circle cx=\"70\" cy=\"70\" r=\"70\" fill=\"#D1F34F\"\/>\n<path d=\"M33.4458 80V65.4545H39.1845C40.2877 65.4545 41.2276 65.6652 42.0041 66.0866C42.7806 66.5033 43.3725 67.0833 43.7797 67.8267C44.1916 68.5653 44.3976 69.4176 44.3976 70.3835C44.3976 71.3494 44.1892 72.2017 43.7726 72.9403C43.3559 73.679 42.7522 74.2543 41.9615 74.6662C41.1755 75.0781 40.2238 75.2841 39.1064 75.2841H35.4487V72.8196H38.6092C39.2011 72.8196 39.6887 72.7178 40.0723 72.5142C40.4605 72.3059 40.7493 72.0194 40.9387 71.6548C41.1329 71.2855 41.2299 70.8617 41.2299 70.3835C41.2299 69.9006 41.1329 69.4792 40.9387 69.1193C40.7493 68.7547 40.4605 68.473 40.0723 68.2741C39.684 68.0705 39.1916 67.9688 38.595 67.9688H36.5211V80H33.4458ZM46.3951 80V65.4545H49.4703V77.4645H55.7061V80H46.3951ZM60.6209 80H57.3255L62.3468 65.4545H66.3098L71.324 80H68.0286L64.3851 68.7784H64.2715L60.6209 80ZM60.415 74.2827H68.199V76.6832H60.415V74.2827ZM70.7381 65.4545H74.1827L77.4995 71.7188H77.6415L80.9583 65.4545H84.4029L79.0975 74.858V80H76.0435V74.858L70.7381 65.4545Z\" fill=\"#2A5A1E\"\/>\n<path d=\"M110.405 74.6791L99.0865 82.0029C97.7558 82.8639 96 81.9087 96 80.3237L96 65.6763C96 64.0913 97.7558 63.1361 99.0865 63.9971L110.405 71.3209C111.623 72.109 111.623 73.891 110.405 74.6791Z\" fill=\"#2A5A1E\"\/>\n<\/svg><\/i><\/a><\/div><\/div><\/div>[\/vc_column][\/vc_row][vc_row full_width=\u00bbstretch_row\u00bb el_class=\u00bbwhyGRIworks__introduction\u00bb][vc_column][vc_row_inner el_class=\u00bbinner-row introduction-row__description\u00bb][vc_column_inner]<h2 class=\"vcex-heading vcex-heading-plain vcex-module wpex-heading wpex-text-2xl heading\"><span class=\"vcex-heading-inner wpex-inline-block\">Introduction<\/span><\/h2><h3 class=\"vcex-heading vcex-heading-plain vcex-module wpex-heading wpex-text-2xl subheading\"><span class=\"vcex-heading-inner wpex-inline-block\">\u00bfPor qu\u00e9 financiamos movimientos sociales? Porque las soluciones de base funcionan.<\/span><\/h3>[vc_column_text css=\u00bb.vc_custom_1720187893462{padding-bottom: 40px !important;}\u00bb el_class=\u00bbtext-element\u00bb]Con demasiada frecuencia, las respuestas dominantes a los problemas actuales se basan en las mismas pr\u00e1cticas que nos han tra\u00eddo hasta aqu\u00ed: pr\u00e1cticas basadas en la explotaci\u00f3n implacable del mundo natural y del trabajo de las personas. Sin embargo, en una \u00e9poca de pandemias, caos clim\u00e1tico y desigualdad cada vez mayor, un cambio transformador es esencial para nuestra supervivencia colectiva.<\/p>\n<p>Los movimientos sociales, organizados colectivamente por las personas m\u00e1s afectadas por los sistemas de opresi\u00f3n, son quienes lideran dicho cambio. Identifican las principales causas de la injusticia, imaginan soluciones y toman medidas para que su visi\u00f3n se haga realidad.<\/p>\n<p>En el proceso, est\u00e1n logrando lo que aparentemente era imposible:[\/vc_column_text][\/vc_column_inner][\/vc_row_inner][vc_row_inner el_class=\u00bbinner-row introduction-row__advantages\u00bb][vc_column_inner el_class=\u00bbintroduction__item\u00bb width=\u00bb1\/2&#8243;]<style>.vcex-image.vcex_69e83549d5f89 .vcex-image-img{height:90px;}<\/style><figure class=\"vcex-image vcex-module introduction__icon vcex_69e83549d5f89\"><div class=\"vcex-image-inner wpex-relative wpex-inline-block vc_custom_1693431340667\"><img width=\"78\" height=\"90\" src=\"https:\/\/grassrootsonline.org\/wp-content\/uploads\/2023\/08\/Icon-Climate-Black.png\" class=\"vcex-image-img wpex-align-middle wpex-object-cover\" alt=\"\" loading=\"lazy\" decoding=\"async\" \/><\/div><\/figure>[vc_column_text css=\u00bb\u00bb]<strong>Plantar de forma colectiva decenas de millones de \u00e1rboles<\/strong> en la meseta central de Hait\u00ed en un contexto de inestabilidad pol\u00edtica, crisis econ\u00f3mica y cat\u00e1strofes por causas clim\u00e1ticas, para lograr innumerables beneficios sociales y ecol\u00f3gicos.[\/vc_column_text]<figure class=\"vcex-image vcex-module introduction__border\"><div class=\"vcex-image-inner wpex-relative wpex-inline-block\"><img width=\"9999\" height=\"18\" src=\"https:\/\/grassrootsonline.org\/wp-content\/uploads\/2023\/08\/introduction_decor_1.svg\" class=\"vcex-image-img wpex-align-middle\" alt=\"\" loading=\"lazy\" decoding=\"async\" \/><\/div><\/figure>[\/vc_column_inner][vc_column_inner el_class=\u00bbintroduction__item\u00bb width=\u00bb1\/2&#8243;]<style>.vcex-image.vcex_69e83549da7aa .vcex-image-img{height:90px;}<\/style><figure class=\"vcex-image vcex-module introduction__icon vcex_69e83549da7aa\"><div class=\"vcex-image-inner wpex-relative wpex-inline-block vc_custom_1693431344748\"><img width=\"54\" height=\"90\" src=\"https:\/\/grassrootsonline.org\/wp-content\/uploads\/2023\/08\/Icon-Movement-Protest-Black.png\" class=\"vcex-image-img wpex-align-middle wpex-object-cover\" alt=\"\" loading=\"lazy\" decoding=\"async\" \/><\/div><\/figure>[vc_column_text css=\u00bb\u00bb]<strong>Recuperar m\u00e1s de 30\u00a0millones de hect\u00e1reas de tierra<\/strong> por y para las personas sin tierra de Brasil, un pa\u00eds con uno de los niveles m\u00e1s altos del mundo de desigualdad en cuanto a la propiedad de tierras y de desigualdad en general.[\/vc_column_text]<figure class=\"vcex-image vcex-module introduction__border\"><div class=\"vcex-image-inner wpex-relative wpex-inline-block\"><img width=\"9999\" height=\"17\" src=\"https:\/\/grassrootsonline.org\/wp-content\/uploads\/2023\/08\/introduction_decor_2.svg\" class=\"vcex-image-img wpex-align-middle\" alt=\"\" loading=\"lazy\" decoding=\"async\" \/><\/div><\/figure>[\/vc_column_inner][\/vc_row_inner][vc_row_inner el_class=\u00bbinner-row introduction-row__advantages\u00bb][vc_column_inner el_class=\u00bbintroduction__item\u00bb width=\u00bb1\/2&#8243;]<style>.vcex-image.vcex_69e83549de78a .vcex-image-img{height:90px;}<\/style><figure class=\"vcex-image vcex-module introduction__icon vcex_69e83549de78a\"><div class=\"vcex-image-inner wpex-relative wpex-inline-block vc_custom_1693431350906\"><img width=\"106\" height=\"90\" src=\"https:\/\/grassrootsonline.org\/wp-content\/uploads\/2023\/08\/Icon-Food-Black.png\" class=\"vcex-image-img wpex-align-middle wpex-object-cover\" alt=\"\" loading=\"lazy\" decoding=\"async\" \/><\/div><\/figure>[vc_column_text css=\u00bb\u00bb]<strong>Trasladar la soberan\u00eda alimentaria<\/strong>, un concepto originario de los movimientos campesinos, a pol\u00edticas y marcos jur\u00eddicos a escala municipal, nacional e internacional, y cambiar los debates mundiales sobre pol\u00edtica agroalimentaria en el proceso.[\/vc_column_text]<figure class=\"vcex-image vcex-module introduction__border\"><div class=\"vcex-image-inner wpex-relative wpex-inline-block\"><img width=\"9999\" height=\"15\" src=\"https:\/\/grassrootsonline.org\/wp-content\/uploads\/2023\/08\/introduction_decor_3.svg\" class=\"vcex-image-img wpex-align-middle\" alt=\"\" loading=\"lazy\" decoding=\"async\" \/><\/div><\/figure>[\/vc_column_inner][vc_column_inner el_class=\u00bbintroduction__item\u00bb width=\u00bb1\/2&#8243;]<style>.vcex-image.vcex_69e83549e23c8 .vcex-image-img{height:90px;}<\/style><figure class=\"vcex-image vcex-module introduction__icon vcex_69e83549e23c8\"><div class=\"vcex-image-inner wpex-relative wpex-inline-block vc_custom_1693431356950\"><img width=\"98\" height=\"90\" src=\"https:\/\/grassrootsonline.org\/wp-content\/uploads\/2023\/08\/Icon-Capitalism-Black.png\" class=\"vcex-image-img wpex-align-middle wpex-object-cover\" alt=\"\" loading=\"lazy\" decoding=\"async\" \/><\/div><\/figure>[vc_column_text css=\u00bb\u00bb]<strong>Bloquear megaproyectos extractivistas<\/strong> como la represa de Agua Zarca, que amenazaba la cuenca vital y el territorio ancestral del pueblo lenca en Honduras.[\/vc_column_text]<figure class=\"vcex-image vcex-module introduction__border\"><div class=\"vcex-image-inner wpex-relative wpex-inline-block\"><img width=\"9999\" height=\"20\" src=\"https:\/\/grassrootsonline.org\/wp-content\/uploads\/2023\/08\/introduction_decor_4.svg\" class=\"vcex-image-img wpex-align-middle\" alt=\"\" loading=\"lazy\" decoding=\"async\" \/><\/div><\/figure>[\/vc_column_inner][\/vc_row_inner][vc_column_text css=\u00bb.vc_custom_1720188404713{padding-top: 50px !important;}\u00bb el_class=\u00bbtext-element\u00bb width=\u00bb790px\u00bb]<strong>Los movimientos de base no solo imaginan un mundo nuevo, sino que lo hacen realidad aqu\u00ed y ahora.<\/strong><br \/>\nOperan en las grietas de los sistemas existentes y, al mismo tiempo, construyen lo nuevo mientras trabajan para desmantelar lo viejo.<\/p>\n<p><strong>Les activistes de base son pensadores de sistemas estrat\u00e9gicos.<\/strong><br \/>\nSon interseccionales en sus pol\u00edticas, intergeneracionales y colectives en su liderazgo, as\u00ed como h\u00e1biles a la hora de trabajar a m\u00faltiples escalas.<\/p>\n<p><strong>Los movimientos de primera l\u00ednea llevan a cabo su labor con gran riesgo.<\/strong><br \/>\nLes activistes de primera l\u00ednea se enfrentan a una multitud de amenazas, a veces a su propia existencia, porque representan una amenaza para los poderes f\u00e1cticos.<\/p>\n<p>A pesar de la enorme influencia posible de la financiaci\u00f3n en el activismo de base, actualmente solo el 1\u00a0% de las donaciones internacionales por parte de las fundaciones estadounidenses se destina a ofrecer apoyo general a organizaciones locales. La filantrop\u00eda tradicional, cada vez m\u00e1s marcada por la velocidad y la escala, pasa por alto las soluciones sist\u00e9micas que presentan los movimientos de base. Si un nuevo mundo es posible, entonces una nueva filantrop\u00eda tambi\u00e9n lo es. La filantrop\u00eda debe enfrentarse a duras verdades para descolonizarse desde dentro al tiempo que practica una redistribuci\u00f3n radical de los fondos hacia la primera l\u00ednea de las luchas mundiales.<\/p>\n<p>Reimaginamos la filantrop\u00eda al tiempo que prestamos un apoyo fundamental a los movimientos sociales m\u00e1s vitales y eficaces de nuestro tiempo. A lo largo de cuatro d\u00e9cadas acompa\u00f1ando a los movimientos sociales, hemos perfeccionado nuestro enfoque, al que llamamos filantrop\u00eda solidaria. Esperamos que pueda unirse.<\/p>\n<a href=\"#\" class=\"vcex-button theme-button flat black small align-right inline popmake-8817\" title=\"Visit Site\" rel=\"none\"><span class=\"vcex-button-inner theme-button-inner wpex-flex wpex-flex-wrap wpex-items-center wpex-justify-center\">M\u00e1s informaci\u00f3n sobre nuestro modelo de filantrop\u00eda solidaria.<\/span><\/a> [\/vc_column_text][\/vc_column][\/vc_row][vc_row remove_bottom_col_margin=\u00bbtrue\u00bb el_class=\u00bbwhyGRIworks__statistic\u00bb][vc_column]<div class=\"templatera_shortcode\"><style type=\"text\/css\" data-type=\"vc_shortcodes-custom-css\">.vc_custom_1684138502341{background-color: #ebe4cf !important;}<\/style><div class=\"vc_row wpb_row vc_row-fluid satistic-section vc_custom_1684138502341 vc_row-o-content-middle vc_row-flex wpex-vc-full-width-row wpex-relative wpex-vc_row-has-fill no-bottom-margins wpex-vc-reset-negative-margin\"><div class=\"wpb_column vc_column_container vc_col-sm-12\"><div class=\"vc_column-inner\"><div class=\"wpb_wrapper\"><div class=\"vcex-heading vcex-heading-plain vcex-module wpex-heading wpex-text-2xl wpex-text-center\"><span class=\"vcex-heading-inner wpex-inline-block\">Su donaci\u00f3n marca la diferencia:<\/span><\/div><div class=\"vc_row wpb_row vc_inner vc_row-fluid inner-row wpex-relative\"><div class=\"wpb_column vc_column_container vc_col-sm-4\"><div class=\"vc_column-inner\"><div class=\"wpb_wrapper\">\n\t<div class=\"wpb_text_column wpb_content_element text-element\" >\n\t\t<div class=\"wpb_wrapper\">\n\t\t\t<p><strong>El 87 %<\/strong><br \/>\nde nuestro presupuesto se destina al apoyo directo a los movimientos sociales y la educaci\u00f3n.<\/p>\n\n\t\t<\/div>\n\t<\/div>\n<\/div><\/div><\/div><div class=\"wpb_column vc_column_container vc_col-sm-4\"><div class=\"vc_column-inner\"><div class=\"wpb_wrapper\">\n\t<div class=\"wpb_text_column wpb_content_element text-element\" >\n\t\t<div class=\"wpb_wrapper\">\n\t\t\t<p><strong>+ de 9 millones de d\u00f3lares de EE. UU.<\/strong><br \/>\nen subvenciones concedidas el a\u00f1o pasado.<\/p>\n\n\t\t<\/div>\n\t<\/div>\n<\/div><\/div><\/div><div class=\"wpb_column vc_column_container vc_col-sm-4\"><div class=\"vc_column-inner\"><div class=\"wpb_wrapper\">\n\t<div class=\"wpb_text_column wpb_content_element text-element\" >\n\t\t<div class=\"wpb_wrapper\">\n\t\t\t<p><strong>+ de 200 subvenciones<\/strong><\/p>\n<p>a grupos en 20 pa\u00edses y de \u00e1mbito regional y mundial.<\/p>\n\n\t\t<\/div>\n\t<\/div>\n<\/div><\/div><\/div><\/div><\/div><\/div><\/div><\/div><\/div>[\/vc_column][\/vc_row][vc_row full_width=\u00bbstretch_row_content_no_spaces\u00bb el_class=\u00bbdonate whyGRIworks__donate\u00bb][vc_column][vc_row_inner el_class=\u00bbinner-row\u00bb][vc_column_inner width=\u00bb2\/3&#8243;][vc_column_text css=\u00bb\u00bb el_class=\u00bbtext-element\u00bb]<strong>Formas de donar<\/strong><\/p>\n<p>\u00danase a nuestra comunidad de donantes que apoyan a los movimientos sociales de base.[\/vc_column_text][\/vc_column_inner][vc_column_inner el_class=\u00bbimgCol\u00bb width=\u00bb1\/3&#8243;]<figure class=\"vcex-image vcex-module image-1\"><div class=\"vcex-image-inner wpex-relative wpex-inline-block\"><img width=\"500\" height=\"508\" src=\"https:\/\/grassrootsonline.org\/wp-content\/uploads\/2023\/10\/New-Donate-Mosaic.png\" class=\"vcex-image-img wpex-align-middle\" alt=\"\" loading=\"lazy\" decoding=\"async\" srcset=\"https:\/\/grassrootsonline.org\/wp-content\/uploads\/2023\/10\/New-Donate-Mosaic.png 500w, https:\/\/grassrootsonline.org\/wp-content\/uploads\/2023\/10\/New-Donate-Mosaic-295x300.png 295w\" sizes=\"auto, (max-width: 500px) 100vw, 500px\" \/><\/div><\/figure>[\/vc_column_inner][\/vc_row_inner][\/vc_column][\/vc_row][vc_row full_width=\u00bbstretch_row_content_no_spaces\u00bb remove_bottom_col_margin=\u00bbtrue\u00bb el_class=\u00bbwhyGRIworks__donate-form\u00bb][vc_column]<div class=\"templatera_shortcode\"><div class=\"vc_row wpb_row vc_row-fluid donate-form vc_row-o-content-middle vc_row-flex wpex-vc-full-width-row wpex-vc-full-width-row--no-padding wpex-relative no-bottom-margins\"><div class=\"wpb_column vc_column_container vc_col-sm-12\"><div class=\"vc_column-inner\"><div class=\"wpb_wrapper\"><div class=\"vc_row wpb_row vc_inner vc_row-fluid inner-row wpex-relative no-bottom-margins\"><div class=\"wpb_column vc_column_container vc_col-sm-12\"><div class=\"vc_column-inner\"><div class=\"wpb_wrapper\"><div class=\"theme-button-wrap textcenter wpex-clr\"><a href=\"https:\/\/grassrootsonline.org\/donate\/\" class=\"vcex-button theme-button align-center inline\"><span class=\"vcex-button-inner theme-button-inner wpex-flex wpex-flex-wrap wpex-items-center wpex-justify-center\">Haga su donaci\u00f3n<\/span><\/a><\/div> <\/div><\/div><\/div><\/div><\/div><\/div><\/div><\/div>\r\n<\/div>[\/vc_column][\/vc_row][vc_row full_width=\u00bbstretch_row\u00bb el_class=\u00bbwhyGRIworks__quote\u00bb][vc_column][vc_row_inner el_class=\u00bbinner-row\u00bb][vc_column_inner width=\u00bb4\/12&#8243;]<figure class=\"vcex-image vcex-module photo\"><div class=\"vcex-image-inner wpex-relative wpex-inline-block\"><img width=\"300\" height=\"300\" src=\"https:\/\/grassrootsonline.org\/wp-content\/uploads\/2023\/09\/Donor-Quote-Photo-Jim-Graham-min-e1693986363255.jpg\" class=\"vcex-image-img wpex-align-middle\" alt=\"\" loading=\"lazy\" decoding=\"async\" \/><\/div><\/figure>[\/vc_column_inner][vc_column_inner el_class=\u00bbtext-element\u00bb width=\u00bb8\/12&#8243;][vc_column_text css=\u00bb\u00bb]\n<p class=\"quote\">\u201cA trav\u00e9s de Grassroots hemos aprendido c\u00f3mo la ayuda internacional ha ido a menudo en contra de los intereses y los derechos de los pueblos ind\u00edgenas. Hemos visto numerosas pruebas de personas creativas y valientes que defienden sus derechos, pero sin apoyo y defensa internacionales, su voz no llega muy lejos\u201d<\/p>\n<p class=\"name\">Jim Graham<\/p>\n[\/vc_column_text][\/vc_column_inner][\/vc_row_inner][\/vc_column][\/vc_row][\/vc_section]\n<\/div>","protected":false},"excerpt":{"rendered":"Por qu\u00e9 funciona la acci\u00f3n de baseReimaginar la filantrop\u00eda al financiar aquello que funciona.Introduction\u00bfPor qu\u00e9 financiamos movimientos sociales? Porque las soluciones de base funcionan. Con demasiada frecuencia, las respuestas dominantes a los problemas actuales se basan en las mismas pr\u00e1cticas que nos han tra\u00eddo hasta aqu\u00ed: pr\u00e1cticas basadas en la explotaci\u00f3n implacable del mundo natural&hellip;","protected":false},"author":6,"featured_media":0,"parent":0,"menu_order":0,"comment_status":"closed","ping_status":"closed","template":"","meta":{"_acf_changed":false,"inline_featured_image":false,"footnotes":"","_links_to":"","_links_to_target":""},"class_list":["post-8959","page","type-page","status-publish","hentry","entry","no-media"],"acf":[],"yoast_head":"<!-- This site is optimized with the Yoast SEO plugin v26.7 - https:\/\/yoast.com\/wordpress\/plugins\/seo\/ -->\n<title>Grassroots International | Why GRI works Es<\/title>\n<meta name=\"robots\" content=\"index, follow, max-snippet:-1, max-image-preview:large, max-video-preview:-1\" \/>\n<link rel=\"canonical\" href=\"https:\/\/grassrootsonline.org\/es\/why-gri-works-es\/\" \/>\n<meta property=\"og:locale\" content=\"es_ES\" \/>\n<meta property=\"og:type\" content=\"article\" \/>\n<meta property=\"og:title\" content=\"Grassroots International | Why GRI works Es\" \/>\n<meta property=\"og:url\" content=\"https:\/\/grassrootsonline.org\/es\/why-gri-works-es\/\" \/>\n<meta property=\"og:site_name\" content=\"Grassroots International\" \/>\n<meta property=\"article:publisher\" content=\"https:\/\/www.facebook.com\/GrassrootsIntl\" \/>\n<meta property=\"article:modified_time\" content=\"2024-07-05T14:10:09+00:00\" \/>\n<meta property=\"og:image\" content=\"https:\/\/grassrootsonline.org\/wp-content\/uploads\/2023\/10\/GRI-Web-Cover-03-min.jpeg\" \/>\n\t<meta property=\"og:image:width\" content=\"1200\" \/>\n\t<meta property=\"og:image:height\" content=\"675\" \/>\n\t<meta property=\"og:image:type\" content=\"image\/jpeg\" \/>\n<meta name=\"twitter:card\" content=\"summary_large_image\" \/>\n<meta name=\"twitter:site\" content=\"@grassrootsintl\" \/>\n<meta name=\"twitter:label1\" content=\"Tiempo de lectura\" \/>\n\t<meta name=\"twitter:data1\" content=\"6 minutos\" \/>\n<script type=\"application\/ld+json\" class=\"yoast-schema-graph\">{\"@context\":\"https:\/\/schema.org\",\"@graph\":[{\"@type\":\"WebPage\",\"@id\":\"https:\/\/grassrootsonline.org\/es\/why-gri-works-es\/\",\"url\":\"https:\/\/grassrootsonline.org\/es\/why-gri-works-es\/\",\"name\":\"Grassroots International | Why GRI works Es\",\"isPartOf\":{\"@id\":\"https:\/\/grassrootsonline.org\/#website\"},\"datePublished\":\"2023-05-12T13:52:48+00:00\",\"dateModified\":\"2024-07-05T14:10:09+00:00\",\"breadcrumb\":{\"@id\":\"https:\/\/grassrootsonline.org\/es\/why-gri-works-es\/#breadcrumb\"},\"inLanguage\":\"es\",\"potentialAction\":[{\"@type\":\"ReadAction\",\"target\":[\"https:\/\/grassrootsonline.org\/es\/why-gri-works-es\/\"]}]},{\"@type\":\"BreadcrumbList\",\"@id\":\"https:\/\/grassrootsonline.org\/es\/why-gri-works-es\/#breadcrumb\",\"itemListElement\":[{\"@type\":\"ListItem\",\"position\":1,\"name\":\"Home\",\"item\":\"https:\/\/grassrootsonline.org\/es\/\"},{\"@type\":\"ListItem\",\"position\":2,\"name\":\"Why GRI works Es\"}]},{\"@type\":\"WebSite\",\"@id\":\"https:\/\/grassrootsonline.org\/#website\",\"url\":\"https:\/\/grassrootsonline.org\/\",\"name\":\"Grassroots International\",\"description\":\"Funding Global Movement for Social Change\",\"publisher\":{\"@id\":\"https:\/\/grassrootsonline.org\/#organization\"},\"potentialAction\":[{\"@type\":\"SearchAction\",\"target\":{\"@type\":\"EntryPoint\",\"urlTemplate\":\"https:\/\/grassrootsonline.org\/?s={search_term_string}\"},\"query-input\":{\"@type\":\"PropertyValueSpecification\",\"valueRequired\":true,\"valueName\":\"search_term_string\"}}],\"inLanguage\":\"es\"},{\"@type\":\"Organization\",\"@id\":\"https:\/\/grassrootsonline.org\/#organization\",\"name\":\"Grassroots International\",\"url\":\"https:\/\/grassrootsonline.org\/\",\"logo\":{\"@type\":\"ImageObject\",\"inLanguage\":\"es\",\"@id\":\"https:\/\/grassrootsonline.org\/#\/schema\/logo\/image\/\",\"url\":\"https:\/\/grassrootsonline.org\/wp-content\/uploads\/2023\/09\/GRI-Logo_Primary-Green.png\",\"contentUrl\":\"https:\/\/grassrootsonline.org\/wp-content\/uploads\/2023\/09\/GRI-Logo_Primary-Green.png\",\"width\":2560,\"height\":861,\"caption\":\"Grassroots International\"},\"image\":{\"@id\":\"https:\/\/grassrootsonline.org\/#\/schema\/logo\/image\/\"},\"sameAs\":[\"https:\/\/www.facebook.com\/GrassrootsIntl\",\"https:\/\/x.com\/grassrootsintl\",\"https:\/\/www.linkedin.com\/company\/grassroots-international\/\",\"https:\/\/www.youtube.com\/user\/GRIvideos\",\"https:\/\/www.instagram.com\/grassrootsintl\/\"]}]}<\/script>\n<!-- \/ Yoast SEO plugin. -->","yoast_head_json":{"title":"Grassroots International | Why GRI works Es","robots":{"index":"index","follow":"follow","max-snippet":"max-snippet:-1","max-image-preview":"max-image-preview:large","max-video-preview":"max-video-preview:-1"},"canonical":"https:\/\/grassrootsonline.org\/es\/why-gri-works-es\/","og_locale":"es_ES","og_type":"article","og_title":"Grassroots International | Why GRI works Es","og_url":"https:\/\/grassrootsonline.org\/es\/why-gri-works-es\/","og_site_name":"Grassroots International","article_publisher":"https:\/\/www.facebook.com\/GrassrootsIntl","article_modified_time":"2024-07-05T14:10:09+00:00","og_image":[{"width":1200,"height":675,"url":"https:\/\/grassrootsonline.org\/wp-content\/uploads\/2023\/10\/GRI-Web-Cover-03-min.jpeg","type":"image\/jpeg"}],"twitter_card":"summary_large_image","twitter_site":"@grassrootsintl","twitter_misc":{"Tiempo de lectura":"6 minutos"},"schema":{"@context":"https:\/\/schema.org","@graph":[{"@type":"WebPage","@id":"https:\/\/grassrootsonline.org\/es\/why-gri-works-es\/","url":"https:\/\/grassrootsonline.org\/es\/why-gri-works-es\/","name":"Grassroots International | Why GRI works Es","isPartOf":{"@id":"https:\/\/grassrootsonline.org\/#website"},"datePublished":"2023-05-12T13:52:48+00:00","dateModified":"2024-07-05T14:10:09+00:00","breadcrumb":{"@id":"https:\/\/grassrootsonline.org\/es\/why-gri-works-es\/#breadcrumb"},"inLanguage":"es","potentialAction":[{"@type":"ReadAction","target":["https:\/\/grassrootsonline.org\/es\/why-gri-works-es\/"]}]},{"@type":"BreadcrumbList","@id":"https:\/\/grassrootsonline.org\/es\/why-gri-works-es\/#breadcrumb","itemListElement":[{"@type":"ListItem","position":1,"name":"Home","item":"https:\/\/grassrootsonline.org\/es\/"},{"@type":"ListItem","position":2,"name":"Why GRI works Es"}]},{"@type":"WebSite","@id":"https:\/\/grassrootsonline.org\/#website","url":"https:\/\/grassrootsonline.org\/","name":"Grassroots International","description":"Funding Global Movement for Social Change","publisher":{"@id":"https:\/\/grassrootsonline.org\/#organization"},"potentialAction":[{"@type":"SearchAction","target":{"@type":"EntryPoint","urlTemplate":"https:\/\/grassrootsonline.org\/?s={search_term_string}"},"query-input":{"@type":"PropertyValueSpecification","valueRequired":true,"valueName":"search_term_string"}}],"inLanguage":"es"},{"@type":"Organization","@id":"https:\/\/grassrootsonline.org\/#organization","name":"Grassroots International","url":"https:\/\/grassrootsonline.org\/","logo":{"@type":"ImageObject","inLanguage":"es","@id":"https:\/\/grassrootsonline.org\/#\/schema\/logo\/image\/","url":"https:\/\/grassrootsonline.org\/wp-content\/uploads\/2023\/09\/GRI-Logo_Primary-Green.png","contentUrl":"https:\/\/grassrootsonline.org\/wp-content\/uploads\/2023\/09\/GRI-Logo_Primary-Green.png","width":2560,"height":861,"caption":"Grassroots International"},"image":{"@id":"https:\/\/grassrootsonline.org\/#\/schema\/logo\/image\/"},"sameAs":["https:\/\/www.facebook.com\/GrassrootsIntl","https:\/\/x.com\/grassrootsintl","https:\/\/www.linkedin.com\/company\/grassroots-international\/","https:\/\/www.youtube.com\/user\/GRIvideos","https:\/\/www.instagram.com\/grassrootsintl\/"]}]}},"_links":{"self":[{"href":"https:\/\/grassrootsonline.org\/es\/wp-json\/wp\/v2\/pages\/8959","targetHints":{"allow":["GET"]}}],"collection":[{"href":"https:\/\/grassrootsonline.org\/es\/wp-json\/wp\/v2\/pages"}],"about":[{"href":"https:\/\/grassrootsonline.org\/es\/wp-json\/wp\/v2\/types\/page"}],"author":[{"embeddable":true,"href":"https:\/\/grassrootsonline.org\/es\/wp-json\/wp\/v2\/users\/6"}],"replies":[{"embeddable":true,"href":"https:\/\/grassrootsonline.org\/es\/wp-json\/wp\/v2\/comments?post=8959"}],"version-history":[{"count":0,"href":"https:\/\/grassrootsonline.org\/es\/wp-json\/wp\/v2\/pages\/8959\/revisions"}],"wp:attachment":[{"href":"https:\/\/grassrootsonline.org\/es\/wp-json\/wp\/v2\/media?parent=8959"}],"curies":[{"name":"wp","href":"https:\/\/api.w.org\/{rel}","templated":true}]}}