{"id":8979,"date":"2023-06-26T11:53:14","date_gmt":"2023-06-26T16:53:14","guid":{"rendered":"https:\/\/grassrootsonline.org\/events\/"},"modified":"2024-04-01T06:30:38","modified_gmt":"2024-04-01T11:30:38","slug":"events-es","status":"publish","type":"page","link":"https:\/\/grassrootsonline.org\/es\/events-es\/","title":{"rendered":"Eventos"},"content":{"rendered":"<div class=\"wpb-content-wrapper\">[vc_section full_width=\u00bbstretch_row\u00bb el_class=\u00bbevents\u00bb][vc_row remove_bottom_col_margin=\u00bbtrue\u00bb el_class=\u00bbevents__hero\u00bb][vc_column]<h1 class=\"vcex-heading vcex-heading-plain vcex-module wpex-heading wpex-text-2xl hero-title\"><span class=\"vcex-heading-inner wpex-inline-block\">Eventos<\/span><\/h1>[vc_column_text]Grassroots International celebra peri\u00f3dicamente eventos en l\u00ednea y presenciales para crear comunidad y fortalecer nuestra solidaridad. Entre nuestros eventos se incluyen los Encuentros Solidarios: una serie de foros participativos virtuales y en directo para donantes, posibles donantes e integrantes de nuestra comunidad.<\/p>\n<p>\u00danase para descubrir c\u00f3mo les activistas de base de los movimientos sociales m\u00e1s din\u00e1micos del mundo est\u00e1n impulsando cambios transformadores. Visite nuestro Centro de aprendizaje para ver los registros de eventos anteriores.[\/vc_column_text][\/vc_column][\/vc_row][vc_row disable_element=\u00bbyes\u00bb el_class=\u00bbevents__types\u00bb][vc_column width=\u00bb1\/4&#8243;]<h3 class=\"vcex-heading vcex-heading-plain vcex-module wpex-heading wpex-text-2xl\"><span class=\"vcex-heading-inner wpex-inline-block\">Event type 01<\/span><\/h3>[vc_column_text]Dorem ipsum dolor sit amet, consectetr adipiscing elit. Nunc vulputate libero et velit interdum, ac aliquet odio mattis.[\/vc_column_text][\/vc_column][vc_column width=\u00bb1\/4&#8243;]<h3 class=\"vcex-heading vcex-heading-plain vcex-module wpex-heading wpex-text-2xl\"><span class=\"vcex-heading-inner wpex-inline-block\">Event type 01<\/span><\/h3>[vc_column_text]Dorem ipsum dolor sit amet, consectetr adipiscing elit. Nunc vulputate libero et velit interdum, ac aliquet odio mattis.[\/vc_column_text][\/vc_column][vc_column width=\u00bb1\/4&#8243;]<h3 class=\"vcex-heading vcex-heading-plain vcex-module wpex-heading wpex-text-2xl\"><span class=\"vcex-heading-inner wpex-inline-block\">Event type 01<\/span><\/h3>[vc_column_text]Dorem ipsum dolor sit amet, consectetr adipiscing elit. Nunc vulputate libero et velit interdum, ac aliquet odio mattis.[\/vc_column_text][\/vc_column][vc_column width=\u00bb1\/4&#8243;]<h3 class=\"vcex-heading vcex-heading-plain vcex-module wpex-heading wpex-text-2xl\"><span class=\"vcex-heading-inner wpex-inline-block\">Solidarity Encounters<\/span><\/h3>[vc_column_text]Dorem ipsum dolor sit amet, consectetr adipiscing elit. Nunc vulputate libero et velit interdum, ac aliquet odio mattis.[\/vc_column_text][\/vc_column][\/vc_row][vc_row full_width=\u00bbstretch_row_content\u00bb remove_bottom_col_margin=\u00bbtrue\u00bb el_class=\u00bbevents__filter\u00bb][vc_column]<div class=\"m-eventsFilter\"><ul class=\"m-eventsFilter__list\"><li class=\"m-eventsFilter__list__item\"><a class=\"all active\" href=\"#\" data-selected=\"all\" data-termid=\"categories_events\">\n\t\t\t\t\t\t\tTODO<span class=\"quantity\">(35)<\/span><\/a><\/li><li class=\"m-eventsFilter__list__item\"><a href=\"#\" data-selected=\"our-events\" \n                                data-termid=\"17\">Our Events\n                                <span class=\"quantity\">(0)<\/span><\/a><\/li><\/ul><\/div><div class=\"vcex-shortcode wpex-clr\"><\/div>[\/vc_column][\/vc_row][vc_row full_width=\u00bbstretch_row\u00bb remove_bottom_col_margin=\u00bbtrue\u00bb el_class=\u00bbevents__upcoming\u00bb][vc_column]<h2 class=\"vcex-heading vcex-heading-plain vcex-module wpex-heading wpex-text-2xl\"><span class=\"vcex-heading-inner wpex-inline-block\">Upcoming Events<\/span><\/h2><div class=\"vcex-shortcode wpex-clr\">\n\n<div id=\"ymc-smart-filter-container-1\" \r\n\t\t\t\t  class=\"ymc-smart-filter-container ymc-filter-8972 ymc-loaded-filter ymc-no-filter-layout ymc-post-custom-layout ymc-pagination-numeric data-target-ymc8972-1 data-target-ymc1 \" data-loading=\"true\"\r\n\t\t\t\t  data-params='{\"cpt\":\"events\",\"tax\":\"tag_events,categories_events\",\"terms\":\"15,16,80,17,18\",\"default_terms\":\"\",\"exclude_posts\":\"off\",\"choices_posts\":\"\",\"posts_selected\":\"all\",\"preloader_icon\":\"preloader_6\",\"type_pg\":\"numeric\",\"per_page\":\"-1\",\"page\":\"1\",\"page_scroll\":\"1\",\"preloader_filters\":\"custom_filters\",\"preloader_filters_rate\":\"0.5\",\"preloader_filters_custom\":\"filter:brightness(0)saturate(100%)invert(20%)sepia(14%)saturate(3837%)hue-rotate(147deg)brightness(97%)contrast(99%);\",\"post_animation\":\"\",\"popup_animation\":\"normal\",\"letter\":\"\",\"post_layout\":\"post-custom-layout\",\"filter_layout\":\"no-filter-layout\",\"filter_id\":\"8972\",\"search\":\"\",\"search_filtered_posts\":\"0\",\"carousel_params\":&quot;&quot;,\"filter_date\":\"\",\"sort_order\":\"\",\"sort_orderby\":\"\",\"meta_key\":\"\",\"meta_query\":\"\",\"date_query\":\"\",\"data_target\":\"data-target-ymc1\",\"target_id\":\"1\",\"page_id\":\"0\"}'><div class=\"container-posts container-post-custom-layout\"><div class=\"post-entry ymc-xs-col-1 ymc-sm-col-2 ymc-md-col-3 ymc-lg-col-4 ymc-xl-col-4 ymc-xxl-col-4 post-custom-layout post-custom-layout-8972 post-custom-layout-8972-1\"><\/div><\/div><\/div><\/div>[\/vc_column][\/vc_row][vc_row full_width=\u00bbstretch_row\u00bb el_class=\u00bbevents__past\u00bb][vc_column]<h2 class=\"vcex-heading vcex-heading-plain vcex-module wpex-heading wpex-text-2xl\"><span class=\"vcex-heading-inner wpex-inline-block\">Past Events<\/span><\/h2><div class=\"vcex-shortcode wpex-clr news-layout\">\n\n<div id=\"ymc-smart-filter-container-2\" \r\n\t\t\t\t  class=\"ymc-smart-filter-container ymc-filter-8975 ymc-loaded-filter ymc-no-filter-layout ymc-post-custom-layout ymc-pagination-numeric data-target-ymc8975-2 data-target-ymc2 \" data-loading=\"true\"\r\n\t\t\t\t  data-params='{\"cpt\":\"events\",\"tax\":\"tag_events,categories_events\",\"terms\":\"15,16,80,17,18\",\"default_terms\":\"\",\"exclude_posts\":\"off\",\"choices_posts\":\"\",\"posts_selected\":\"all\",\"preloader_icon\":\"preloader_6\",\"type_pg\":\"numeric\",\"per_page\":\"8\",\"page\":\"1\",\"page_scroll\":\"1\",\"preloader_filters\":\"custom_filters\",\"preloader_filters_rate\":\"0.5\",\"preloader_filters_custom\":\"filter:brightness(0)saturate(100%)invert(20%)sepia(14%)saturate(3837%)hue-rotate(147deg)brightness(97%)contrast(99%);\",\"post_animation\":\"\",\"popup_animation\":\"normal\",\"letter\":\"\",\"post_layout\":\"post-custom-layout\",\"filter_layout\":\"no-filter-layout\",\"filter_id\":\"8975\",\"search\":\"\",\"search_filtered_posts\":\"0\",\"carousel_params\":&quot;&quot;,\"filter_date\":\"\",\"sort_order\":\"\",\"sort_orderby\":\"\",\"meta_key\":\"\",\"meta_query\":\"\",\"date_query\":\"\",\"data_target\":\"data-target-ymc2\",\"target_id\":\"2\",\"page_id\":\"0\"}'><div class=\"container-posts container-post-custom-layout\"><div class=\"post-entry ymc-xs-col-1 ymc-sm-col-2 ymc-md-col-3 ymc-lg-col-4 ymc-xl-col-4 ymc-xxl-col-4 post-custom-layout post-custom-layout-8975 post-custom-layout-8975-2\"><\/div><\/div><\/div><\/div>[\/vc_column][\/vc_row][\/vc_section]\n<\/div>","protected":false},"excerpt":{"rendered":"<p>[vc_section full_width=\u00bbstretch_row\u00bb el_class=\u00bbevents\u00bb][vc_row remove_bottom_col_margin=\u00bbtrue\u00bb el_class=\u00bbevents__hero\u00bb][vc_column][vc_column_text]Grassroots International celebra peri\u00f3dicamente eventos en l\u00ednea y presenciales para crear comunidad y fortalecer nuestra solidaridad. Entre nuestros eventos se incluyen los Encuentros Solidarios: una serie de foros participativos virtuales y en directo para donantes, posibles donantes e integrantes de nuestra comunidad. \u00danase para descubrir c\u00f3mo les activistas de base de&hellip;<\/p>\n","protected":false},"author":6,"featured_media":0,"parent":0,"menu_order":0,"comment_status":"closed","ping_status":"closed","template":"","meta":{"_acf_changed":false,"inline_featured_image":false,"footnotes":"","_links_to":"","_links_to_target":""},"class_list":["post-8979","page","type-page","status-publish","hentry","entry","no-media"],"acf":[],"yoast_head":"<!-- This site is optimized with the Yoast SEO plugin v26.7 - https:\/\/yoast.com\/wordpress\/plugins\/seo\/ -->\n<title>Grassroots International | Eventos<\/title>\n<meta name=\"description\" content=\"Grassroots International holds regular online and in-person events to build community and deepen our solidarity.\" \/>\n<meta name=\"robots\" content=\"index, follow, max-snippet:-1, max-image-preview:large, max-video-preview:-1\" \/>\n<link rel=\"canonical\" href=\"https:\/\/grassrootsonline.org\/es\/events-es\/\" \/>\n<meta property=\"og:locale\" content=\"es_ES\" \/>\n<meta property=\"og:type\" content=\"article\" \/>\n<meta property=\"og:title\" content=\"Grassroots International | Eventos\" \/>\n<meta property=\"og:description\" content=\"Grassroots International holds regular online and in-person events to build community and deepen our solidarity.\" \/>\n<meta property=\"og:url\" content=\"https:\/\/grassrootsonline.org\/es\/events-es\/\" \/>\n<meta property=\"og:site_name\" content=\"Grassroots International\" \/>\n<meta property=\"article:publisher\" content=\"https:\/\/www.facebook.com\/GrassrootsIntl\" \/>\n<meta property=\"article:modified_time\" content=\"2024-04-01T11:30:38+00:00\" \/>\n<meta property=\"og:image\" content=\"https:\/\/grassrootsonline.org\/wp-content\/uploads\/2023\/10\/GRI-Web-Cover-03-min.jpeg\" \/>\n\t<meta property=\"og:image:width\" content=\"1200\" \/>\n\t<meta property=\"og:image:height\" content=\"675\" \/>\n\t<meta property=\"og:image:type\" content=\"image\/jpeg\" \/>\n<meta name=\"twitter:card\" content=\"summary_large_image\" \/>\n<meta name=\"twitter:site\" content=\"@grassrootsintl\" \/>\n<meta name=\"twitter:label1\" content=\"Tiempo de lectura\" \/>\n\t<meta name=\"twitter:data1\" content=\"1 minuto\" \/>\n<script type=\"application\/ld+json\" class=\"yoast-schema-graph\">{\"@context\":\"https:\/\/schema.org\",\"@graph\":[{\"@type\":\"WebPage\",\"@id\":\"https:\/\/grassrootsonline.org\/es\/events-es\/\",\"url\":\"https:\/\/grassrootsonline.org\/es\/events-es\/\",\"name\":\"Grassroots International | Eventos\",\"isPartOf\":{\"@id\":\"https:\/\/grassrootsonline.org\/#website\"},\"datePublished\":\"2023-06-26T16:53:14+00:00\",\"dateModified\":\"2024-04-01T11:30:38+00:00\",\"description\":\"Grassroots International holds regular online and in-person events to build community and deepen our solidarity.\",\"breadcrumb\":{\"@id\":\"https:\/\/grassrootsonline.org\/es\/events-es\/#breadcrumb\"},\"inLanguage\":\"es\",\"potentialAction\":[{\"@type\":\"ReadAction\",\"target\":[\"https:\/\/grassrootsonline.org\/es\/events-es\/\"]}]},{\"@type\":\"BreadcrumbList\",\"@id\":\"https:\/\/grassrootsonline.org\/es\/events-es\/#breadcrumb\",\"itemListElement\":[{\"@type\":\"ListItem\",\"position\":1,\"name\":\"Home\",\"item\":\"https:\/\/grassrootsonline.org\/es\/\"},{\"@type\":\"ListItem\",\"position\":2,\"name\":\"Eventos\"}]},{\"@type\":\"WebSite\",\"@id\":\"https:\/\/grassrootsonline.org\/#website\",\"url\":\"https:\/\/grassrootsonline.org\/\",\"name\":\"Grassroots International\",\"description\":\"Funding Global Movement for Social Change\",\"publisher\":{\"@id\":\"https:\/\/grassrootsonline.org\/#organization\"},\"potentialAction\":[{\"@type\":\"SearchAction\",\"target\":{\"@type\":\"EntryPoint\",\"urlTemplate\":\"https:\/\/grassrootsonline.org\/?s={search_term_string}\"},\"query-input\":{\"@type\":\"PropertyValueSpecification\",\"valueRequired\":true,\"valueName\":\"search_term_string\"}}],\"inLanguage\":\"es\"},{\"@type\":\"Organization\",\"@id\":\"https:\/\/grassrootsonline.org\/#organization\",\"name\":\"Grassroots International\",\"url\":\"https:\/\/grassrootsonline.org\/\",\"logo\":{\"@type\":\"ImageObject\",\"inLanguage\":\"es\",\"@id\":\"https:\/\/grassrootsonline.org\/#\/schema\/logo\/image\/\",\"url\":\"https:\/\/grassrootsonline.org\/wp-content\/uploads\/2023\/09\/GRI-Logo_Primary-Green.png\",\"contentUrl\":\"https:\/\/grassrootsonline.org\/wp-content\/uploads\/2023\/09\/GRI-Logo_Primary-Green.png\",\"width\":2560,\"height\":861,\"caption\":\"Grassroots International\"},\"image\":{\"@id\":\"https:\/\/grassrootsonline.org\/#\/schema\/logo\/image\/\"},\"sameAs\":[\"https:\/\/www.facebook.com\/GrassrootsIntl\",\"https:\/\/x.com\/grassrootsintl\",\"https:\/\/www.linkedin.com\/company\/grassroots-international\/\",\"https:\/\/www.youtube.com\/user\/GRIvideos\",\"https:\/\/www.instagram.com\/grassrootsintl\/\"]}]}<\/script>\n<!-- \/ Yoast SEO plugin. -->","yoast_head_json":{"title":"Grassroots International | Eventos","description":"Grassroots International holds regular online and in-person events to build community and deepen our solidarity.","robots":{"index":"index","follow":"follow","max-snippet":"max-snippet:-1","max-image-preview":"max-image-preview:large","max-video-preview":"max-video-preview:-1"},"canonical":"https:\/\/grassrootsonline.org\/es\/events-es\/","og_locale":"es_ES","og_type":"article","og_title":"Grassroots International | Eventos","og_description":"Grassroots International holds regular online and in-person events to build community and deepen our solidarity.","og_url":"https:\/\/grassrootsonline.org\/es\/events-es\/","og_site_name":"Grassroots International","article_publisher":"https:\/\/www.facebook.com\/GrassrootsIntl","article_modified_time":"2024-04-01T11:30:38+00:00","og_image":[{"width":1200,"height":675,"url":"https:\/\/grassrootsonline.org\/wp-content\/uploads\/2023\/10\/GRI-Web-Cover-03-min.jpeg","type":"image\/jpeg"}],"twitter_card":"summary_large_image","twitter_site":"@grassrootsintl","twitter_misc":{"Tiempo de lectura":"1 minuto"},"schema":{"@context":"https:\/\/schema.org","@graph":[{"@type":"WebPage","@id":"https:\/\/grassrootsonline.org\/es\/events-es\/","url":"https:\/\/grassrootsonline.org\/es\/events-es\/","name":"Grassroots International | Eventos","isPartOf":{"@id":"https:\/\/grassrootsonline.org\/#website"},"datePublished":"2023-06-26T16:53:14+00:00","dateModified":"2024-04-01T11:30:38+00:00","description":"Grassroots International holds regular online and in-person events to build community and deepen our solidarity.","breadcrumb":{"@id":"https:\/\/grassrootsonline.org\/es\/events-es\/#breadcrumb"},"inLanguage":"es","potentialAction":[{"@type":"ReadAction","target":["https:\/\/grassrootsonline.org\/es\/events-es\/"]}]},{"@type":"BreadcrumbList","@id":"https:\/\/grassrootsonline.org\/es\/events-es\/#breadcrumb","itemListElement":[{"@type":"ListItem","position":1,"name":"Home","item":"https:\/\/grassrootsonline.org\/es\/"},{"@type":"ListItem","position":2,"name":"Eventos"}]},{"@type":"WebSite","@id":"https:\/\/grassrootsonline.org\/#website","url":"https:\/\/grassrootsonline.org\/","name":"Grassroots International","description":"Funding Global Movement for Social Change","publisher":{"@id":"https:\/\/grassrootsonline.org\/#organization"},"potentialAction":[{"@type":"SearchAction","target":{"@type":"EntryPoint","urlTemplate":"https:\/\/grassrootsonline.org\/?s={search_term_string}"},"query-input":{"@type":"PropertyValueSpecification","valueRequired":true,"valueName":"search_term_string"}}],"inLanguage":"es"},{"@type":"Organization","@id":"https:\/\/grassrootsonline.org\/#organization","name":"Grassroots International","url":"https:\/\/grassrootsonline.org\/","logo":{"@type":"ImageObject","inLanguage":"es","@id":"https:\/\/grassrootsonline.org\/#\/schema\/logo\/image\/","url":"https:\/\/grassrootsonline.org\/wp-content\/uploads\/2023\/09\/GRI-Logo_Primary-Green.png","contentUrl":"https:\/\/grassrootsonline.org\/wp-content\/uploads\/2023\/09\/GRI-Logo_Primary-Green.png","width":2560,"height":861,"caption":"Grassroots International"},"image":{"@id":"https:\/\/grassrootsonline.org\/#\/schema\/logo\/image\/"},"sameAs":["https:\/\/www.facebook.com\/GrassrootsIntl","https:\/\/x.com\/grassrootsintl","https:\/\/www.linkedin.com\/company\/grassroots-international\/","https:\/\/www.youtube.com\/user\/GRIvideos","https:\/\/www.instagram.com\/grassrootsintl\/"]}]}},"_links":{"self":[{"href":"https:\/\/grassrootsonline.org\/es\/wp-json\/wp\/v2\/pages\/8979","targetHints":{"allow":["GET"]}}],"collection":[{"href":"https:\/\/grassrootsonline.org\/es\/wp-json\/wp\/v2\/pages"}],"about":[{"href":"https:\/\/grassrootsonline.org\/es\/wp-json\/wp\/v2\/types\/page"}],"author":[{"embeddable":true,"href":"https:\/\/grassrootsonline.org\/es\/wp-json\/wp\/v2\/users\/6"}],"replies":[{"embeddable":true,"href":"https:\/\/grassrootsonline.org\/es\/wp-json\/wp\/v2\/comments?post=8979"}],"version-history":[{"count":0,"href":"https:\/\/grassrootsonline.org\/es\/wp-json\/wp\/v2\/pages\/8979\/revisions"}],"wp:attachment":[{"href":"https:\/\/grassrootsonline.org\/es\/wp-json\/wp\/v2\/media?parent=8979"}],"curies":[{"name":"wp","href":"https:\/\/api.w.org\/{rel}","templated":true}]}}