{"id":8982,"date":"2023-06-20T07:38:30","date_gmt":"2023-06-20T12:38:30","guid":{"rendered":"https:\/\/grassrootsonline.org\/annual-reports\/"},"modified":"2024-04-01T06:32:47","modified_gmt":"2024-04-01T11:32:47","slug":"annual-reports","status":"publish","type":"page","link":"https:\/\/grassrootsonline.org\/es\/annual-reports\/","title":{"rendered":"Annual Reports Es"},"content":{"rendered":"<div class=\"wpb-content-wrapper\">[vc_section full_width=\u00bbstretch_row\u00bb el_class=\u00bbannualReports\u00bb][vc_row remove_bottom_col_margin=\u00bbtrue\u00bb el_class=\u00bbannualReports__hero\u00bb][vc_column]<h1 class=\"vcex-heading vcex-heading-plain vcex-module wpex-heading wpex-text-2xl hero-title\"><span class=\"vcex-heading-inner wpex-inline-block\">Informes anuales<\/span><\/h1>[vc_column_text]Lea nuestros informes anuales para conocer c\u00f3mo Grassroots International ha acompa\u00f1ado a los movimientos sociales en la defensa de los derechos humanos, la respuesta a las crisis, la movilizaci\u00f3n masiva, la promoci\u00f3n de visiones transformadoras, la superaci\u00f3n de los l\u00edmites de la filantrop\u00eda y mucho m\u00e1s.[\/vc_column_text]<a href=\"#\" class=\"vcex-button theme-txt-link wpex-inline-block inline filter-btn reportsFilter\"><span class=\"vcex-button-inner theme-button-inner wpex-flex wpex-flex-wrap wpex-items-center wpex-justify-center\">Filtrar<\/span><\/a> [\/vc_column][\/vc_row][vc_row full_width=\u00bbstretch_row_content_no_spaces\u00bb remove_bottom_col_margin=\u00bbtrue\u00bb][vc_column]<div class=\"vcex-shortcode wpex-clr\">\n\n<div id=\"ymc-smart-filter-container-1\" \r\n\t\t\t\t  class=\"ymc-smart-filter-container ymc-filter-8984 ymc-loaded-filter ymc-no-filter-layout ymc-post-custom-layout ymc-pagination-numeric data-target-ymc8984-1 data-target-ymc1 annualReports__filter\" data-loading=\"true\"\r\n\t\t\t\t  data-params='{\"cpt\":\"portfolio\",\"tax\":\"portfolio_category,issue,year_news,language_news\",\"terms\":\"61,60,59,58,57,56,55,54,53,52,51\",\"default_terms\":\"\",\"exclude_posts\":\"off\",\"choices_posts\":\"\",\"posts_selected\":\"all\",\"preloader_icon\":\"preloader_6\",\"type_pg\":\"numeric\",\"per_page\":\"-1\",\"page\":\"1\",\"page_scroll\":\"1\",\"preloader_filters\":\"custom_filters\",\"preloader_filters_rate\":\"0.5\",\"preloader_filters_custom\":\"filter:brightness(0)saturate(100%)invert(19%)sepia(12%)saturate(6593%)hue-rotate(154deg)brightness(98%)contrast(99%);\",\"post_animation\":\"\",\"popup_animation\":\"normal\",\"letter\":\"\",\"post_layout\":\"post-custom-layout\",\"filter_layout\":\"no-filter-layout\",\"filter_id\":\"8984\",\"search\":\"\",\"search_filtered_posts\":\"0\",\"carousel_params\":&quot;&quot;,\"filter_date\":\"\",\"sort_order\":\"\",\"sort_orderby\":\"\",\"meta_key\":\"\",\"meta_query\":\"\",\"date_query\":\"\",\"data_target\":\"data-target-ymc1\",\"target_id\":\"1\",\"page_id\":\"0\"}'><div class=\"container-posts container-post-custom-layout\"><div class=\"post-entry ymc-xs-col-1 ymc-sm-col-2 ymc-md-col-3 ymc-lg-col-4 ymc-xl-col-4 ymc-xxl-col-4 post-custom-layout post-custom-layout-8984 post-custom-layout-8984-1\"><\/div><\/div><\/div><\/div>[\/vc_column][\/vc_row][\/vc_section]\n<\/div>","protected":false},"excerpt":{"rendered":"<p>[vc_section full_width=\u00bbstretch_row\u00bb el_class=\u00bbannualReports\u00bb][vc_row remove_bottom_col_margin=\u00bbtrue\u00bb el_class=\u00bbannualReports__hero\u00bb][vc_column][vc_column_text]Lea nuestros informes anuales para conocer c\u00f3mo Grassroots International ha acompa\u00f1ado a los movimientos sociales en la defensa de los derechos humanos, la respuesta a las crisis, la movilizaci\u00f3n masiva, la promoci\u00f3n de visiones transformadoras, la superaci\u00f3n de los l\u00edmites de la filantrop\u00eda y mucho m\u00e1s.[\/vc_column_text][\/vc_column][\/vc_row][vc_row full_width=\u00bbstretch_row_content_no_spaces\u00bb remove_bottom_col_margin=\u00bbtrue\u00bb][vc_column][\/vc_column][\/vc_row][\/vc_section]<\/p>\n","protected":false},"author":6,"featured_media":0,"parent":0,"menu_order":0,"comment_status":"closed","ping_status":"closed","template":"","meta":{"_acf_changed":false,"inline_featured_image":false,"footnotes":"","_links_to":"","_links_to_target":""},"class_list":["post-8982","page","type-page","status-publish","hentry","entry","no-media"],"acf":[],"yoast_head":"<!-- This site is optimized with the Yoast SEO plugin v26.7 - https:\/\/yoast.com\/wordpress\/plugins\/seo\/ -->\n<title>Grassroots International | Annual Reports Es<\/title>\n<meta name=\"description\" content=\"Read our annual reports to learn how Grassroots International has been accompanying social movements in defending human rights.\" \/>\n<meta name=\"robots\" content=\"index, follow, max-snippet:-1, max-image-preview:large, max-video-preview:-1\" \/>\n<link rel=\"canonical\" href=\"https:\/\/grassrootsonline.org\/es\/annual-reports\/\" \/>\n<meta property=\"og:locale\" content=\"es_ES\" \/>\n<meta property=\"og:type\" content=\"article\" \/>\n<meta property=\"og:title\" content=\"Grassroots International | Annual Reports Es\" \/>\n<meta property=\"og:description\" content=\"Read our annual reports to learn how Grassroots International has been accompanying social movements in defending human rights.\" \/>\n<meta property=\"og:url\" content=\"https:\/\/grassrootsonline.org\/es\/annual-reports\/\" \/>\n<meta property=\"og:site_name\" content=\"Grassroots International\" \/>\n<meta property=\"article:publisher\" content=\"https:\/\/www.facebook.com\/GrassrootsIntl\" \/>\n<meta property=\"article:modified_time\" content=\"2024-04-01T11:32:47+00:00\" \/>\n<meta property=\"og:image\" content=\"https:\/\/grassrootsonline.org\/wp-content\/uploads\/2023\/10\/GRI-Web-Cover-03-min.jpeg\" \/>\n\t<meta property=\"og:image:width\" content=\"1200\" \/>\n\t<meta property=\"og:image:height\" content=\"675\" \/>\n\t<meta property=\"og:image:type\" content=\"image\/jpeg\" \/>\n<meta name=\"twitter:card\" content=\"summary_large_image\" \/>\n<meta name=\"twitter:site\" content=\"@grassrootsintl\" \/>\n<meta name=\"twitter:label1\" content=\"Tiempo de lectura\" \/>\n\t<meta name=\"twitter:data1\" content=\"1 minuto\" \/>\n<script type=\"application\/ld+json\" class=\"yoast-schema-graph\">{\"@context\":\"https:\/\/schema.org\",\"@graph\":[{\"@type\":\"WebPage\",\"@id\":\"https:\/\/grassrootsonline.org\/es\/annual-reports\/\",\"url\":\"https:\/\/grassrootsonline.org\/es\/annual-reports\/\",\"name\":\"Grassroots International | Annual Reports Es\",\"isPartOf\":{\"@id\":\"https:\/\/grassrootsonline.org\/#website\"},\"datePublished\":\"2023-06-20T12:38:30+00:00\",\"dateModified\":\"2024-04-01T11:32:47+00:00\",\"description\":\"Read our annual reports to learn how Grassroots International has been accompanying social movements in defending human rights.\",\"breadcrumb\":{\"@id\":\"https:\/\/grassrootsonline.org\/es\/annual-reports\/#breadcrumb\"},\"inLanguage\":\"es\",\"potentialAction\":[{\"@type\":\"ReadAction\",\"target\":[\"https:\/\/grassrootsonline.org\/es\/annual-reports\/\"]}]},{\"@type\":\"BreadcrumbList\",\"@id\":\"https:\/\/grassrootsonline.org\/es\/annual-reports\/#breadcrumb\",\"itemListElement\":[{\"@type\":\"ListItem\",\"position\":1,\"name\":\"Home\",\"item\":\"https:\/\/grassrootsonline.org\/es\/\"},{\"@type\":\"ListItem\",\"position\":2,\"name\":\"Annual Reports Es\"}]},{\"@type\":\"WebSite\",\"@id\":\"https:\/\/grassrootsonline.org\/#website\",\"url\":\"https:\/\/grassrootsonline.org\/\",\"name\":\"Grassroots International\",\"description\":\"Funding Global Movement for Social Change\",\"publisher\":{\"@id\":\"https:\/\/grassrootsonline.org\/#organization\"},\"potentialAction\":[{\"@type\":\"SearchAction\",\"target\":{\"@type\":\"EntryPoint\",\"urlTemplate\":\"https:\/\/grassrootsonline.org\/?s={search_term_string}\"},\"query-input\":{\"@type\":\"PropertyValueSpecification\",\"valueRequired\":true,\"valueName\":\"search_term_string\"}}],\"inLanguage\":\"es\"},{\"@type\":\"Organization\",\"@id\":\"https:\/\/grassrootsonline.org\/#organization\",\"name\":\"Grassroots International\",\"url\":\"https:\/\/grassrootsonline.org\/\",\"logo\":{\"@type\":\"ImageObject\",\"inLanguage\":\"es\",\"@id\":\"https:\/\/grassrootsonline.org\/#\/schema\/logo\/image\/\",\"url\":\"https:\/\/grassrootsonline.org\/wp-content\/uploads\/2023\/09\/GRI-Logo_Primary-Green.png\",\"contentUrl\":\"https:\/\/grassrootsonline.org\/wp-content\/uploads\/2023\/09\/GRI-Logo_Primary-Green.png\",\"width\":2560,\"height\":861,\"caption\":\"Grassroots International\"},\"image\":{\"@id\":\"https:\/\/grassrootsonline.org\/#\/schema\/logo\/image\/\"},\"sameAs\":[\"https:\/\/www.facebook.com\/GrassrootsIntl\",\"https:\/\/x.com\/grassrootsintl\",\"https:\/\/www.linkedin.com\/company\/grassroots-international\/\",\"https:\/\/www.youtube.com\/user\/GRIvideos\",\"https:\/\/www.instagram.com\/grassrootsintl\/\"]}]}<\/script>\n<!-- \/ Yoast SEO plugin. -->","yoast_head_json":{"title":"Grassroots International | Annual Reports Es","description":"Read our annual reports to learn how Grassroots International has been accompanying social movements in defending human rights.","robots":{"index":"index","follow":"follow","max-snippet":"max-snippet:-1","max-image-preview":"max-image-preview:large","max-video-preview":"max-video-preview:-1"},"canonical":"https:\/\/grassrootsonline.org\/es\/annual-reports\/","og_locale":"es_ES","og_type":"article","og_title":"Grassroots International | Annual Reports Es","og_description":"Read our annual reports to learn how Grassroots International has been accompanying social movements in defending human rights.","og_url":"https:\/\/grassrootsonline.org\/es\/annual-reports\/","og_site_name":"Grassroots International","article_publisher":"https:\/\/www.facebook.com\/GrassrootsIntl","article_modified_time":"2024-04-01T11:32:47+00:00","og_image":[{"width":1200,"height":675,"url":"https:\/\/grassrootsonline.org\/wp-content\/uploads\/2023\/10\/GRI-Web-Cover-03-min.jpeg","type":"image\/jpeg"}],"twitter_card":"summary_large_image","twitter_site":"@grassrootsintl","twitter_misc":{"Tiempo de lectura":"1 minuto"},"schema":{"@context":"https:\/\/schema.org","@graph":[{"@type":"WebPage","@id":"https:\/\/grassrootsonline.org\/es\/annual-reports\/","url":"https:\/\/grassrootsonline.org\/es\/annual-reports\/","name":"Grassroots International | Annual Reports Es","isPartOf":{"@id":"https:\/\/grassrootsonline.org\/#website"},"datePublished":"2023-06-20T12:38:30+00:00","dateModified":"2024-04-01T11:32:47+00:00","description":"Read our annual reports to learn how Grassroots International has been accompanying social movements in defending human rights.","breadcrumb":{"@id":"https:\/\/grassrootsonline.org\/es\/annual-reports\/#breadcrumb"},"inLanguage":"es","potentialAction":[{"@type":"ReadAction","target":["https:\/\/grassrootsonline.org\/es\/annual-reports\/"]}]},{"@type":"BreadcrumbList","@id":"https:\/\/grassrootsonline.org\/es\/annual-reports\/#breadcrumb","itemListElement":[{"@type":"ListItem","position":1,"name":"Home","item":"https:\/\/grassrootsonline.org\/es\/"},{"@type":"ListItem","position":2,"name":"Annual Reports Es"}]},{"@type":"WebSite","@id":"https:\/\/grassrootsonline.org\/#website","url":"https:\/\/grassrootsonline.org\/","name":"Grassroots International","description":"Funding Global Movement for Social Change","publisher":{"@id":"https:\/\/grassrootsonline.org\/#organization"},"potentialAction":[{"@type":"SearchAction","target":{"@type":"EntryPoint","urlTemplate":"https:\/\/grassrootsonline.org\/?s={search_term_string}"},"query-input":{"@type":"PropertyValueSpecification","valueRequired":true,"valueName":"search_term_string"}}],"inLanguage":"es"},{"@type":"Organization","@id":"https:\/\/grassrootsonline.org\/#organization","name":"Grassroots International","url":"https:\/\/grassrootsonline.org\/","logo":{"@type":"ImageObject","inLanguage":"es","@id":"https:\/\/grassrootsonline.org\/#\/schema\/logo\/image\/","url":"https:\/\/grassrootsonline.org\/wp-content\/uploads\/2023\/09\/GRI-Logo_Primary-Green.png","contentUrl":"https:\/\/grassrootsonline.org\/wp-content\/uploads\/2023\/09\/GRI-Logo_Primary-Green.png","width":2560,"height":861,"caption":"Grassroots International"},"image":{"@id":"https:\/\/grassrootsonline.org\/#\/schema\/logo\/image\/"},"sameAs":["https:\/\/www.facebook.com\/GrassrootsIntl","https:\/\/x.com\/grassrootsintl","https:\/\/www.linkedin.com\/company\/grassroots-international\/","https:\/\/www.youtube.com\/user\/GRIvideos","https:\/\/www.instagram.com\/grassrootsintl\/"]}]}},"_links":{"self":[{"href":"https:\/\/grassrootsonline.org\/es\/wp-json\/wp\/v2\/pages\/8982","targetHints":{"allow":["GET"]}}],"collection":[{"href":"https:\/\/grassrootsonline.org\/es\/wp-json\/wp\/v2\/pages"}],"about":[{"href":"https:\/\/grassrootsonline.org\/es\/wp-json\/wp\/v2\/types\/page"}],"author":[{"embeddable":true,"href":"https:\/\/grassrootsonline.org\/es\/wp-json\/wp\/v2\/users\/6"}],"replies":[{"embeddable":true,"href":"https:\/\/grassrootsonline.org\/es\/wp-json\/wp\/v2\/comments?post=8982"}],"version-history":[{"count":0,"href":"https:\/\/grassrootsonline.org\/es\/wp-json\/wp\/v2\/pages\/8982\/revisions"}],"wp:attachment":[{"href":"https:\/\/grassrootsonline.org\/es\/wp-json\/wp\/v2\/media?parent=8982"}],"curies":[{"name":"wp","href":"https:\/\/api.w.org\/{rel}","templated":true}]}}