{"id":8986,"date":"2023-05-31T07:37:16","date_gmt":"2023-05-31T12:37:16","guid":{"rendered":"https:\/\/grassrootsonline.org\/impact-stories\/"},"modified":"2025-08-05T22:13:06","modified_gmt":"2025-08-06T03:13:06","slug":"historias-de-impacto","status":"publish","type":"page","link":"https:\/\/grassrootsonline.org\/es\/historias-de-impacto\/","title":{"rendered":"Historias De Impacto"},"content":{"rendered":"<div class=\"wpb-content-wrapper\">[vc_section full_width=\u00bbstretch_row\u00bb el_class=\u00bbimpactStories\u00bb][vc_row full_width=\u00bbstretch_row_content\u00bb el_class=\u00bbimpactStories__hero\u00bb][vc_column][vc_row_inner remove_bottom_col_margin=\u00bbtrue\u00bb el_class=\u00bbinner-row inner-row-1&#8243;][vc_column_inner]<h1 class=\"vcex-heading vcex-heading-plain vcex-module wpex-heading wpex-text-2xl\"><span class=\"vcex-heading-inner wpex-inline-block\">Historias de Impacto<\/span><\/h1>[vc_column_text]La historia de Grassroots International es realmente la historia de la gente. Gente asombrosa. Organizado, compasivo, creativo, implacable, de gran coraz\u00f3n y de pies firmes. Conozca a algunos de los firmes l\u00edderes del movimiento y donantes-organizadores que est\u00e1n transformando el mundo.[\/vc_column_text][\/vc_column_inner][\/vc_row_inner][\/vc_column][\/vc_row][vc_row full_width=\u00bbstretch_row_content_no_spaces\u00bb][vc_column]<div class=\"vcex-shortcode wpex-clr\">\n\n<div id=\"ymc-smart-filter-container-1\" \r\n\t\t\t\t  class=\"ymc-smart-filter-container ymc-filter-8989 ymc-loaded-filter ymc-filter-custom-layout ymc-post-custom-layout ymc-pagination-numeric data-target-ymc8989-1 data-target-ymc1 impact-stories\" data-loading=\"true\"\r\n\t\t\t\t  data-params='{\"cpt\":\"testimonials\",\"tax\":\"testimonials_category\",\"terms\":\"\",\"default_terms\":\"\",\"exclude_posts\":\"off\",\"choices_posts\":\"\",\"posts_selected\":\"all\",\"preloader_icon\":\"preloader_6\",\"type_pg\":\"numeric\",\"per_page\":\"5\",\"page\":\"1\",\"page_scroll\":\"1\",\"preloader_filters\":\"custom_filters\",\"preloader_filters_rate\":\"0.5\",\"preloader_filters_custom\":\"filter:brightness(0)saturate(100%)invert(22%)sepia(12%)saturate(4619%)hue-rotate(147deg)brightness(92%)contrast(101%);\",\"post_animation\":\"\",\"popup_animation\":\"normal\",\"letter\":\"\",\"post_layout\":\"post-custom-layout\",\"filter_layout\":\"filter-custom-layout\",\"filter_id\":\"8989\",\"search\":\"\",\"search_filtered_posts\":\"0\",\"carousel_params\":&quot;&quot;,\"filter_date\":\"\",\"sort_order\":\"\",\"sort_orderby\":\"\",\"meta_key\":\"\",\"meta_query\":\"\",\"date_query\":\"\",\"data_target\":\"data-target-ymc1\",\"target_id\":\"1\",\"page_id\":\"0\"}'>\r\n<div id=\"filter-custom-layout1\" class=\"filter-layout filter-custom-layout filter-custom-layout-8989 filter-custom-layout-8989-1 \">\r\n\r\n\t\r\n<\/div>\r\n<div class=\"container-posts container-post-custom-layout\"><div class=\"post-entry ymc-xs-col-1 ymc-sm-col-2 ymc-md-col-3 ymc-lg-col-4 ymc-xl-col-4 ymc-xxl-col-4 post-custom-layout post-custom-layout-8989 post-custom-layout-8989-1\"><\/div><\/div><\/div><\/div>[\/vc_column][\/vc_row][\/vc_section]\n<\/div>","protected":false},"excerpt":{"rendered":"<p>[vc_section full_width=\u00bbstretch_row\u00bb el_class=\u00bbimpactStories\u00bb][vc_row full_width=\u00bbstretch_row_content\u00bb el_class=\u00bbimpactStories__hero\u00bb][vc_column][vc_row_inner remove_bottom_col_margin=\u00bbtrue\u00bb el_class=\u00bbinner-row inner-row-1&#8243;][vc_column_inner][vc_column_text]La historia de Grassroots International es realmente la historia de la gente. Gente asombrosa. Organizado, compasivo, creativo, implacable, de gran coraz\u00f3n y de pies firmes. Conozca a algunos de los firmes l\u00edderes del movimiento y donantes-organizadores que est\u00e1n transformando el mundo.[\/vc_column_text][\/vc_column_inner][\/vc_row_inner][\/vc_column][\/vc_row][vc_row full_width=\u00bbstretch_row_content_no_spaces\u00bb][vc_column][\/vc_column][\/vc_row][\/vc_section]<\/p>\n","protected":false},"author":6,"featured_media":0,"parent":0,"menu_order":0,"comment_status":"closed","ping_status":"closed","template":"","meta":{"_acf_changed":false,"inline_featured_image":false,"footnotes":"","_links_to":"","_links_to_target":""},"class_list":["post-8986","page","type-page","status-publish","hentry","entry","no-media"],"acf":[],"yoast_head":"<!-- This site is optimized with the Yoast SEO plugin v26.7 - https:\/\/yoast.com\/wordpress\/plugins\/seo\/ -->\n<title>Grassroots International | Historias De Impacto<\/title>\n<meta name=\"description\" content=\"The story of Grassroots International is really the story of people.\" \/>\n<meta name=\"robots\" content=\"index, follow, max-snippet:-1, max-image-preview:large, max-video-preview:-1\" \/>\n<link rel=\"canonical\" href=\"https:\/\/grassrootsonline.org\/es\/historias-de-impacto\/\" \/>\n<meta property=\"og:locale\" content=\"es_ES\" \/>\n<meta property=\"og:type\" content=\"article\" \/>\n<meta property=\"og:title\" content=\"Grassroots International | Historias De Impacto\" \/>\n<meta property=\"og:description\" content=\"The story of Grassroots International is really the story of people.\" \/>\n<meta property=\"og:url\" content=\"https:\/\/grassrootsonline.org\/es\/historias-de-impacto\/\" \/>\n<meta property=\"og:site_name\" content=\"Grassroots International\" \/>\n<meta property=\"article:publisher\" content=\"https:\/\/www.facebook.com\/GrassrootsIntl\" \/>\n<meta property=\"article:modified_time\" content=\"2025-08-06T03:13:06+00:00\" \/>\n<meta property=\"og:image\" content=\"https:\/\/grassrootsonline.org\/wp-content\/uploads\/2023\/10\/GRI-Web-Cover-03-min.jpeg\" \/>\n\t<meta property=\"og:image:width\" content=\"1200\" \/>\n\t<meta property=\"og:image:height\" content=\"675\" \/>\n\t<meta property=\"og:image:type\" content=\"image\/jpeg\" \/>\n<meta name=\"twitter:card\" content=\"summary_large_image\" \/>\n<meta name=\"twitter:site\" content=\"@grassrootsintl\" \/>\n<meta name=\"twitter:label1\" content=\"Tiempo de lectura\" \/>\n\t<meta name=\"twitter:data1\" content=\"1 minuto\" \/>\n<script type=\"application\/ld+json\" class=\"yoast-schema-graph\">{\"@context\":\"https:\/\/schema.org\",\"@graph\":[{\"@type\":\"WebPage\",\"@id\":\"https:\/\/grassrootsonline.org\/es\/historias-de-impacto\/\",\"url\":\"https:\/\/grassrootsonline.org\/es\/historias-de-impacto\/\",\"name\":\"Grassroots International | Historias De Impacto\",\"isPartOf\":{\"@id\":\"https:\/\/grassrootsonline.org\/#website\"},\"datePublished\":\"2023-05-31T12:37:16+00:00\",\"dateModified\":\"2025-08-06T03:13:06+00:00\",\"description\":\"The story of Grassroots International is really the story of people.\",\"breadcrumb\":{\"@id\":\"https:\/\/grassrootsonline.org\/es\/historias-de-impacto\/#breadcrumb\"},\"inLanguage\":\"es\",\"potentialAction\":[{\"@type\":\"ReadAction\",\"target\":[\"https:\/\/grassrootsonline.org\/es\/historias-de-impacto\/\"]}]},{\"@type\":\"BreadcrumbList\",\"@id\":\"https:\/\/grassrootsonline.org\/es\/historias-de-impacto\/#breadcrumb\",\"itemListElement\":[{\"@type\":\"ListItem\",\"position\":1,\"name\":\"Home\",\"item\":\"https:\/\/grassrootsonline.org\/es\/\"},{\"@type\":\"ListItem\",\"position\":2,\"name\":\"Historias De Impacto\"}]},{\"@type\":\"WebSite\",\"@id\":\"https:\/\/grassrootsonline.org\/#website\",\"url\":\"https:\/\/grassrootsonline.org\/\",\"name\":\"Grassroots International\",\"description\":\"Funding Global Movement for Social Change\",\"publisher\":{\"@id\":\"https:\/\/grassrootsonline.org\/#organization\"},\"potentialAction\":[{\"@type\":\"SearchAction\",\"target\":{\"@type\":\"EntryPoint\",\"urlTemplate\":\"https:\/\/grassrootsonline.org\/?s={search_term_string}\"},\"query-input\":{\"@type\":\"PropertyValueSpecification\",\"valueRequired\":true,\"valueName\":\"search_term_string\"}}],\"inLanguage\":\"es\"},{\"@type\":\"Organization\",\"@id\":\"https:\/\/grassrootsonline.org\/#organization\",\"name\":\"Grassroots International\",\"url\":\"https:\/\/grassrootsonline.org\/\",\"logo\":{\"@type\":\"ImageObject\",\"inLanguage\":\"es\",\"@id\":\"https:\/\/grassrootsonline.org\/#\/schema\/logo\/image\/\",\"url\":\"https:\/\/grassrootsonline.org\/wp-content\/uploads\/2023\/09\/GRI-Logo_Primary-Green.png\",\"contentUrl\":\"https:\/\/grassrootsonline.org\/wp-content\/uploads\/2023\/09\/GRI-Logo_Primary-Green.png\",\"width\":2560,\"height\":861,\"caption\":\"Grassroots International\"},\"image\":{\"@id\":\"https:\/\/grassrootsonline.org\/#\/schema\/logo\/image\/\"},\"sameAs\":[\"https:\/\/www.facebook.com\/GrassrootsIntl\",\"https:\/\/x.com\/grassrootsintl\",\"https:\/\/www.linkedin.com\/company\/grassroots-international\/\",\"https:\/\/www.youtube.com\/user\/GRIvideos\",\"https:\/\/www.instagram.com\/grassrootsintl\/\"]}]}<\/script>\n<!-- \/ Yoast SEO plugin. -->","yoast_head_json":{"title":"Grassroots International | Historias De Impacto","description":"The story of Grassroots International is really the story of people.","robots":{"index":"index","follow":"follow","max-snippet":"max-snippet:-1","max-image-preview":"max-image-preview:large","max-video-preview":"max-video-preview:-1"},"canonical":"https:\/\/grassrootsonline.org\/es\/historias-de-impacto\/","og_locale":"es_ES","og_type":"article","og_title":"Grassroots International | Historias De Impacto","og_description":"The story of Grassroots International is really the story of people.","og_url":"https:\/\/grassrootsonline.org\/es\/historias-de-impacto\/","og_site_name":"Grassroots International","article_publisher":"https:\/\/www.facebook.com\/GrassrootsIntl","article_modified_time":"2025-08-06T03:13:06+00:00","og_image":[{"width":1200,"height":675,"url":"https:\/\/grassrootsonline.org\/wp-content\/uploads\/2023\/10\/GRI-Web-Cover-03-min.jpeg","type":"image\/jpeg"}],"twitter_card":"summary_large_image","twitter_site":"@grassrootsintl","twitter_misc":{"Tiempo de lectura":"1 minuto"},"schema":{"@context":"https:\/\/schema.org","@graph":[{"@type":"WebPage","@id":"https:\/\/grassrootsonline.org\/es\/historias-de-impacto\/","url":"https:\/\/grassrootsonline.org\/es\/historias-de-impacto\/","name":"Grassroots International | Historias De Impacto","isPartOf":{"@id":"https:\/\/grassrootsonline.org\/#website"},"datePublished":"2023-05-31T12:37:16+00:00","dateModified":"2025-08-06T03:13:06+00:00","description":"The story of Grassroots International is really the story of people.","breadcrumb":{"@id":"https:\/\/grassrootsonline.org\/es\/historias-de-impacto\/#breadcrumb"},"inLanguage":"es","potentialAction":[{"@type":"ReadAction","target":["https:\/\/grassrootsonline.org\/es\/historias-de-impacto\/"]}]},{"@type":"BreadcrumbList","@id":"https:\/\/grassrootsonline.org\/es\/historias-de-impacto\/#breadcrumb","itemListElement":[{"@type":"ListItem","position":1,"name":"Home","item":"https:\/\/grassrootsonline.org\/es\/"},{"@type":"ListItem","position":2,"name":"Historias De Impacto"}]},{"@type":"WebSite","@id":"https:\/\/grassrootsonline.org\/#website","url":"https:\/\/grassrootsonline.org\/","name":"Grassroots International","description":"Funding Global Movement for Social Change","publisher":{"@id":"https:\/\/grassrootsonline.org\/#organization"},"potentialAction":[{"@type":"SearchAction","target":{"@type":"EntryPoint","urlTemplate":"https:\/\/grassrootsonline.org\/?s={search_term_string}"},"query-input":{"@type":"PropertyValueSpecification","valueRequired":true,"valueName":"search_term_string"}}],"inLanguage":"es"},{"@type":"Organization","@id":"https:\/\/grassrootsonline.org\/#organization","name":"Grassroots International","url":"https:\/\/grassrootsonline.org\/","logo":{"@type":"ImageObject","inLanguage":"es","@id":"https:\/\/grassrootsonline.org\/#\/schema\/logo\/image\/","url":"https:\/\/grassrootsonline.org\/wp-content\/uploads\/2023\/09\/GRI-Logo_Primary-Green.png","contentUrl":"https:\/\/grassrootsonline.org\/wp-content\/uploads\/2023\/09\/GRI-Logo_Primary-Green.png","width":2560,"height":861,"caption":"Grassroots International"},"image":{"@id":"https:\/\/grassrootsonline.org\/#\/schema\/logo\/image\/"},"sameAs":["https:\/\/www.facebook.com\/GrassrootsIntl","https:\/\/x.com\/grassrootsintl","https:\/\/www.linkedin.com\/company\/grassroots-international\/","https:\/\/www.youtube.com\/user\/GRIvideos","https:\/\/www.instagram.com\/grassrootsintl\/"]}]}},"_links":{"self":[{"href":"https:\/\/grassrootsonline.org\/es\/wp-json\/wp\/v2\/pages\/8986","targetHints":{"allow":["GET"]}}],"collection":[{"href":"https:\/\/grassrootsonline.org\/es\/wp-json\/wp\/v2\/pages"}],"about":[{"href":"https:\/\/grassrootsonline.org\/es\/wp-json\/wp\/v2\/types\/page"}],"author":[{"embeddable":true,"href":"https:\/\/grassrootsonline.org\/es\/wp-json\/wp\/v2\/users\/6"}],"replies":[{"embeddable":true,"href":"https:\/\/grassrootsonline.org\/es\/wp-json\/wp\/v2\/comments?post=8986"}],"version-history":[{"count":0,"href":"https:\/\/grassrootsonline.org\/es\/wp-json\/wp\/v2\/pages\/8986\/revisions"}],"wp:attachment":[{"href":"https:\/\/grassrootsonline.org\/es\/wp-json\/wp\/v2\/media?parent=8986"}],"curies":[{"name":"wp","href":"https:\/\/api.w.org\/{rel}","templated":true}]}}