{"id":8821,"date":"2023-07-27T06:15:32","date_gmt":"2023-07-27T11:15:32","guid":{"rendered":"https:\/\/grassrootsonline.org\/learning-hub\/"},"modified":"2024-03-28T08:30:23","modified_gmt":"2024-03-28T13:30:23","slug":"learning-hub","status":"publish","type":"page","link":"https:\/\/grassrootsonline.org\/fr\/learning-hub\/","title":{"rendered":"Learning Hub"},"content":{"rendered":"<div class=\"wpb-content-wrapper\">[vc_section full_width=\u00a0\u00bbstretch_row\u00a0\u00bb el_class=\u00a0\u00bblearningHub\u00a0\u00bb][vc_row full_width=\u00a0\u00bbstretch_row_content\u00a0\u00bb remove_bottom_col_margin=\u00a0\u00bbtrue\u00a0\u00bb el_class=\u00a0\u00bblearningHub__hero\u00a0\u00bb][vc_column][vc_row_inner remove_bottom_col_margin=\u00a0\u00bbtrue\u00a0\u00bb el_class=\u00a0\u00bbinner-row inner-row-1&Prime;][vc_column_inner]<h1 class=\"vcex-heading vcex-heading-plain vcex-module wpex-heading wpex-text-2xl\"><span class=\"vcex-heading-inner wpex-inline-block\">P\u00f4le d'apprentissage<\/span><\/h1>[vc_column_text]Nous sommes fier\u00b7e\u00b7s d&rsquo;\u00eatre une organisation en apprentissage continu. Les liens \u00e9troits que nous entretenons avec nos partenaires sur le terrain nous permettent d&rsquo;apprendre en permanence, et nous nous engageons \u00e0 partager ces connaissances. Construire une communaut\u00e9 mondiale forte et engag\u00e9e de donateur\u00b7rice\u00b7s, de sympathisant\u00b7e\u00b7s et de partenaires, tout comme construire un mouvement, n\u00e9cessite une \u00e9ducation politique. Vous trouverez ci-dessous des ressources \u00e9labor\u00e9es par nous-m\u00eames, par nos partenaires et par nos alli\u00e9\u00b7e\u00b7s afin d&rsquo;approfondir votre engagement aupr\u00e8s de notre communaut\u00e9 mondiale.[\/vc_column_text][\/vc_column_inner][\/vc_row_inner][\/vc_column][\/vc_row][vc_row full_width=\u00a0\u00bbstretch_row_content_no_spaces\u00a0\u00bb el_class=\u00a0\u00bblearningHub__filter\u00a0\u00bb][vc_column]<div class=\"vcex-shortcode wpex-clr news-layout\">\n\n<div id=\"ymc-smart-filter-container-1\" \r\n\t\t\t\t  class=\"ymc-smart-filter-container ymc-filter-8963 ymc-loaded-filter ymc-filter-custom-layout ymc-post-custom-layout ymc-pagination-numeric data-target-ymc8963-1 data-target-ymc1 filter-container\" data-loading=\"true\"\r\n\t\t\t\t  data-params='{\"cpt\":\"learning_hub\",\"tax\":\"region,issue,year_news,language_news,hub_resources,content_type\",\"terms\":\"187,190,184,193\",\"default_terms\":\"\",\"exclude_posts\":\"off\",\"choices_posts\":\"\",\"posts_selected\":\"all\",\"preloader_icon\":\"preloader_6\",\"type_pg\":\"numeric\",\"per_page\":\"24\",\"page\":\"1\",\"page_scroll\":\"1\",\"preloader_filters\":\"custom_filters\",\"preloader_filters_rate\":\"0.629\",\"preloader_filters_custom\":\"filter:brightness(0)saturate(100%)invert(15%)sepia(49%)saturate(4582%)hue-rotate(224deg)brightness(99%)contrast(87%);\",\"post_animation\":\"\",\"popup_animation\":\"fade-in\",\"letter\":\"\",\"post_layout\":\"post-custom-layout\",\"filter_layout\":\"filter-custom-layout\",\"filter_id\":\"8963\",\"search\":\"\",\"search_filtered_posts\":\"0\",\"carousel_params\":&quot;&quot;,\"filter_date\":\"\",\"sort_order\":\"\",\"sort_orderby\":\"\",\"meta_key\":\"\",\"meta_query\":\"\",\"date_query\":\"\",\"data_target\":\"data-target-ymc1\",\"target_id\":\"1\",\"page_id\":\"0\"}'>\r\n<div id=\"filter-custom-layout1\" class=\"filter-layout filter-custom-layout filter-custom-layout-8963 filter-custom-layout-8963-1 \">\r\n\r\n\t\n        <script type=\"application\/javascript\">\n            window.addEventListener('DOMContentLoaded', () => {\n                let _target = \".data-target-ymc1\";\n                document.querySelectorAll( _target + ' .filter-custom-layout [data-termid]' ).forEach((el) => {\n                    el.addEventListener('click', function (e) {\n                        e.preventDefault();\n                        let ymc = YMCTools({\n                            target: _target,\n                            self: this\n                        });\n                        ymc.updateParams();\n                        ymc.getFilterPosts();\n                    });\n                });\n            });\n        <\/script>\n\n\t\t<div class=\"filter-lists\"><ul class=\"terms-list\"><li><a class=\"all active\" href=\"#\" data-selected=\"all\" data-termid=\"187,190,184,193\">\n\t\t\t\t\t\t\tAll<span class=\"quantity\">(1477)<\/span><\/a><\/li><li><ul><li><ul><li><ul><li><ul><li><ul><li><a class=\"\" href=\"#\" data-selected=\"matin-baro-initiative-fr\" \n                                data-termid=\"187\">Initiative Mart\u00edn-Bar\u00f3\n                                <span class=\"quantity\">(0)<\/span><\/a><\/li><li><a class=\"\" href=\"#\" data-selected=\"our-resources-fr\" \n                                data-termid=\"190\">Nos ressources\n                                <span class=\"quantity\">(7)<\/span><\/a><\/li><li><a class=\"\" href=\"#\" data-selected=\"allies-resources-fr\" \n                                data-termid=\"184\">Ressources des alli\u00e9s\n                                <span class=\"quantity\">(2)<\/span><\/a><\/li><li><a class=\"\" href=\"#\" data-selected=\"partner-resources-fr\" \n                                data-termid=\"193\">Ressources partenaires\n                                <span class=\"quantity\">(0)<\/span><\/a><\/li><li><ul><\/ul><\/div><div class=\"posts-found\"><\/div>\r\n<\/div>\r\n<div class=\"container-posts container-post-custom-layout\"><div class=\"post-entry ymc-xs-col-1 ymc-sm-col-2 ymc-md-col-3 ymc-lg-col-4 ymc-xl-col-4 ymc-xxl-col-4 post-custom-layout post-custom-layout-8963 post-custom-layout-8963-1\"><\/div><\/div><\/div><\/div>[\/vc_column][\/vc_row][\/vc_section]\n<\/div>","protected":false},"excerpt":{"rendered":"<p>[vc_section full_width=\u00a0\u00bbstretch_row\u00a0\u00bb el_class=\u00a0\u00bblearningHub\u00a0\u00bb][vc_row full_width=\u00a0\u00bbstretch_row_content\u00a0\u00bb remove_bottom_col_margin=\u00a0\u00bbtrue\u00a0\u00bb el_class=\u00a0\u00bblearningHub__hero\u00a0\u00bb][vc_column][vc_row_inner remove_bottom_col_margin=\u00a0\u00bbtrue\u00a0\u00bb el_class=\u00a0\u00bbinner-row inner-row-1&Prime;][vc_column_inner][vc_column_text]Nous sommes fier\u00b7e\u00b7s d&rsquo;\u00eatre une organisation en apprentissage continu. Les liens \u00e9troits que nous entretenons avec nos partenaires sur le terrain nous permettent d&rsquo;apprendre en permanence, et nous nous engageons \u00e0 partager ces connaissances. Construire une communaut\u00e9 mondiale forte et engag\u00e9e de donateur\u00b7rice\u00b7s, de sympathisant\u00b7e\u00b7s et de&hellip;<\/p>\n","protected":false},"author":6,"featured_media":0,"parent":0,"menu_order":0,"comment_status":"closed","ping_status":"closed","template":"","meta":{"_acf_changed":false,"inline_featured_image":false,"footnotes":"","_links_to":"","_links_to_target":""},"class_list":["post-8821","page","type-page","status-publish","hentry","entry","no-media"],"acf":[],"yoast_head":"<!-- This site is optimized with the Yoast SEO plugin v26.7 - https:\/\/yoast.com\/wordpress\/plugins\/seo\/ -->\n<title>Grassroots International | Learning Hub<\/title>\n<meta name=\"description\" content=\"At Grassroots International, we pride ourselves on being an on-going learning organization.\" \/>\n<meta name=\"robots\" content=\"index, follow, max-snippet:-1, max-image-preview:large, max-video-preview:-1\" \/>\n<link rel=\"canonical\" href=\"https:\/\/grassrootsonline.org\/fr\/learning-hub\/\" \/>\n<meta property=\"og:locale\" content=\"fr_FR\" \/>\n<meta property=\"og:type\" content=\"article\" \/>\n<meta property=\"og:title\" content=\"Grassroots International | Learning Hub\" \/>\n<meta property=\"og:description\" content=\"At Grassroots International, we pride ourselves on being an on-going learning organization.\" \/>\n<meta property=\"og:url\" content=\"https:\/\/grassrootsonline.org\/fr\/learning-hub\/\" \/>\n<meta property=\"og:site_name\" content=\"Grassroots International\" \/>\n<meta property=\"article:publisher\" content=\"https:\/\/www.facebook.com\/GrassrootsIntl\" \/>\n<meta property=\"article:modified_time\" content=\"2024-03-28T13:30:23+00:00\" \/>\n<meta property=\"og:image\" content=\"https:\/\/grassrootsonline.org\/wp-content\/uploads\/2023\/10\/GRI-Web-Cover-03-min.jpeg\" \/>\n\t<meta property=\"og:image:width\" content=\"1200\" \/>\n\t<meta property=\"og:image:height\" content=\"675\" \/>\n\t<meta property=\"og:image:type\" content=\"image\/jpeg\" \/>\n<meta name=\"twitter:card\" content=\"summary_large_image\" \/>\n<meta name=\"twitter:site\" content=\"@grassrootsintl\" \/>\n<meta name=\"twitter:label1\" content=\"Dur\u00e9e de lecture estim\u00e9e\" \/>\n\t<meta name=\"twitter:data1\" content=\"1 minute\" \/>\n<script type=\"application\/ld+json\" class=\"yoast-schema-graph\">{\"@context\":\"https:\/\/schema.org\",\"@graph\":[{\"@type\":\"WebPage\",\"@id\":\"https:\/\/grassrootsonline.org\/fr\/learning-hub\/\",\"url\":\"https:\/\/grassrootsonline.org\/fr\/learning-hub\/\",\"name\":\"Grassroots International | Learning Hub\",\"isPartOf\":{\"@id\":\"https:\/\/grassrootsonline.org\/#website\"},\"datePublished\":\"2023-07-27T11:15:32+00:00\",\"dateModified\":\"2024-03-28T13:30:23+00:00\",\"description\":\"At Grassroots International, we pride ourselves on being an on-going learning organization.\",\"breadcrumb\":{\"@id\":\"https:\/\/grassrootsonline.org\/fr\/learning-hub\/#breadcrumb\"},\"inLanguage\":\"fr-FR\",\"potentialAction\":[{\"@type\":\"ReadAction\",\"target\":[\"https:\/\/grassrootsonline.org\/fr\/learning-hub\/\"]}]},{\"@type\":\"BreadcrumbList\",\"@id\":\"https:\/\/grassrootsonline.org\/fr\/learning-hub\/#breadcrumb\",\"itemListElement\":[{\"@type\":\"ListItem\",\"position\":1,\"name\":\"Home\",\"item\":\"https:\/\/grassrootsonline.org\/fr\/\"},{\"@type\":\"ListItem\",\"position\":2,\"name\":\"Learning Hub\"}]},{\"@type\":\"WebSite\",\"@id\":\"https:\/\/grassrootsonline.org\/#website\",\"url\":\"https:\/\/grassrootsonline.org\/\",\"name\":\"Grassroots International\",\"description\":\"Funding Global Movement for Social Change\",\"publisher\":{\"@id\":\"https:\/\/grassrootsonline.org\/#organization\"},\"potentialAction\":[{\"@type\":\"SearchAction\",\"target\":{\"@type\":\"EntryPoint\",\"urlTemplate\":\"https:\/\/grassrootsonline.org\/?s={search_term_string}\"},\"query-input\":{\"@type\":\"PropertyValueSpecification\",\"valueRequired\":true,\"valueName\":\"search_term_string\"}}],\"inLanguage\":\"fr-FR\"},{\"@type\":\"Organization\",\"@id\":\"https:\/\/grassrootsonline.org\/#organization\",\"name\":\"Grassroots International\",\"url\":\"https:\/\/grassrootsonline.org\/\",\"logo\":{\"@type\":\"ImageObject\",\"inLanguage\":\"fr-FR\",\"@id\":\"https:\/\/grassrootsonline.org\/#\/schema\/logo\/image\/\",\"url\":\"https:\/\/grassrootsonline.org\/wp-content\/uploads\/2023\/09\/GRI-Logo_Primary-Green.png\",\"contentUrl\":\"https:\/\/grassrootsonline.org\/wp-content\/uploads\/2023\/09\/GRI-Logo_Primary-Green.png\",\"width\":2560,\"height\":861,\"caption\":\"Grassroots International\"},\"image\":{\"@id\":\"https:\/\/grassrootsonline.org\/#\/schema\/logo\/image\/\"},\"sameAs\":[\"https:\/\/www.facebook.com\/GrassrootsIntl\",\"https:\/\/x.com\/grassrootsintl\",\"https:\/\/www.linkedin.com\/company\/grassroots-international\/\",\"https:\/\/www.youtube.com\/user\/GRIvideos\",\"https:\/\/www.instagram.com\/grassrootsintl\/\"]}]}<\/script>\n<!-- \/ Yoast SEO plugin. -->","yoast_head_json":{"title":"Grassroots International | Learning Hub","description":"At Grassroots International, we pride ourselves on being an on-going learning organization.","robots":{"index":"index","follow":"follow","max-snippet":"max-snippet:-1","max-image-preview":"max-image-preview:large","max-video-preview":"max-video-preview:-1"},"canonical":"https:\/\/grassrootsonline.org\/fr\/learning-hub\/","og_locale":"fr_FR","og_type":"article","og_title":"Grassroots International | Learning Hub","og_description":"At Grassroots International, we pride ourselves on being an on-going learning organization.","og_url":"https:\/\/grassrootsonline.org\/fr\/learning-hub\/","og_site_name":"Grassroots International","article_publisher":"https:\/\/www.facebook.com\/GrassrootsIntl","article_modified_time":"2024-03-28T13:30:23+00:00","og_image":[{"width":1200,"height":675,"url":"https:\/\/grassrootsonline.org\/wp-content\/uploads\/2023\/10\/GRI-Web-Cover-03-min.jpeg","type":"image\/jpeg"}],"twitter_card":"summary_large_image","twitter_site":"@grassrootsintl","twitter_misc":{"Dur\u00e9e de lecture estim\u00e9e":"1 minute"},"schema":{"@context":"https:\/\/schema.org","@graph":[{"@type":"WebPage","@id":"https:\/\/grassrootsonline.org\/fr\/learning-hub\/","url":"https:\/\/grassrootsonline.org\/fr\/learning-hub\/","name":"Grassroots International | Learning Hub","isPartOf":{"@id":"https:\/\/grassrootsonline.org\/#website"},"datePublished":"2023-07-27T11:15:32+00:00","dateModified":"2024-03-28T13:30:23+00:00","description":"At Grassroots International, we pride ourselves on being an on-going learning organization.","breadcrumb":{"@id":"https:\/\/grassrootsonline.org\/fr\/learning-hub\/#breadcrumb"},"inLanguage":"fr-FR","potentialAction":[{"@type":"ReadAction","target":["https:\/\/grassrootsonline.org\/fr\/learning-hub\/"]}]},{"@type":"BreadcrumbList","@id":"https:\/\/grassrootsonline.org\/fr\/learning-hub\/#breadcrumb","itemListElement":[{"@type":"ListItem","position":1,"name":"Home","item":"https:\/\/grassrootsonline.org\/fr\/"},{"@type":"ListItem","position":2,"name":"Learning Hub"}]},{"@type":"WebSite","@id":"https:\/\/grassrootsonline.org\/#website","url":"https:\/\/grassrootsonline.org\/","name":"Grassroots International","description":"Funding Global Movement for Social Change","publisher":{"@id":"https:\/\/grassrootsonline.org\/#organization"},"potentialAction":[{"@type":"SearchAction","target":{"@type":"EntryPoint","urlTemplate":"https:\/\/grassrootsonline.org\/?s={search_term_string}"},"query-input":{"@type":"PropertyValueSpecification","valueRequired":true,"valueName":"search_term_string"}}],"inLanguage":"fr-FR"},{"@type":"Organization","@id":"https:\/\/grassrootsonline.org\/#organization","name":"Grassroots International","url":"https:\/\/grassrootsonline.org\/","logo":{"@type":"ImageObject","inLanguage":"fr-FR","@id":"https:\/\/grassrootsonline.org\/#\/schema\/logo\/image\/","url":"https:\/\/grassrootsonline.org\/wp-content\/uploads\/2023\/09\/GRI-Logo_Primary-Green.png","contentUrl":"https:\/\/grassrootsonline.org\/wp-content\/uploads\/2023\/09\/GRI-Logo_Primary-Green.png","width":2560,"height":861,"caption":"Grassroots International"},"image":{"@id":"https:\/\/grassrootsonline.org\/#\/schema\/logo\/image\/"},"sameAs":["https:\/\/www.facebook.com\/GrassrootsIntl","https:\/\/x.com\/grassrootsintl","https:\/\/www.linkedin.com\/company\/grassroots-international\/","https:\/\/www.youtube.com\/user\/GRIvideos","https:\/\/www.instagram.com\/grassrootsintl\/"]}]}},"_links":{"self":[{"href":"https:\/\/grassrootsonline.org\/fr\/wp-json\/wp\/v2\/pages\/8821","targetHints":{"allow":["GET"]}}],"collection":[{"href":"https:\/\/grassrootsonline.org\/fr\/wp-json\/wp\/v2\/pages"}],"about":[{"href":"https:\/\/grassrootsonline.org\/fr\/wp-json\/wp\/v2\/types\/page"}],"author":[{"embeddable":true,"href":"https:\/\/grassrootsonline.org\/fr\/wp-json\/wp\/v2\/users\/6"}],"replies":[{"embeddable":true,"href":"https:\/\/grassrootsonline.org\/fr\/wp-json\/wp\/v2\/comments?post=8821"}],"version-history":[{"count":0,"href":"https:\/\/grassrootsonline.org\/fr\/wp-json\/wp\/v2\/pages\/8821\/revisions"}],"wp:attachment":[{"href":"https:\/\/grassrootsonline.org\/fr\/wp-json\/wp\/v2\/media?parent=8821"}],"curies":[{"name":"wp","href":"https:\/\/api.w.org\/{rel}","templated":true}]}}