{"id":9886,"date":"2023-07-06T08:44:32","date_gmt":"2023-07-06T13:44:32","guid":{"rendered":"https:\/\/grassrootsonline.org\/mbi\/"},"modified":"2024-07-05T09:27:37","modified_gmt":"2024-07-05T14:27:37","slug":"mbi","status":"publish","type":"page","link":"https:\/\/grassrootsonline.org\/fr\/mbi\/","title":{"rendered":"MBI"},"content":{"rendered":"<div class=\"wpb-content-wrapper\">[vc_row full_width=\u00a0\u00bbstretch_row_content\u00a0\u00bb equal_height=\u00a0\u00bbyes\u00a0\u00bb remove_bottom_col_margin=\u00a0\u00bbtrue\u00a0\u00bb el_class=\u00a0\u00bbmbi__hero hero-section maize\u00a0\u00bb][vc_column width=\u00a0\u00bb5\/12&Prime; css=\u00a0\u00bb.vc_custom_1693916118055{background-image: url(https:\/\/grassrootsonline.org\/wp-content\/uploads\/2023\/09\/MBI-Hero-min.jpg?id=1421) !important;}\u00a0\u00bb el_class=\u00a0\u00bbimgCol\u00a0\u00bb][\/vc_column][vc_column width=\u00a0\u00bb7\/12&Prime; el_class=\u00a0\u00bbtextCol\u00a0\u00bb]<h1 class=\"vcex-heading vcex-heading-plain vcex-module wpex-heading wpex-text-2xl subheading\"><span class=\"vcex-heading-inner wpex-inline-block\">Special Initiatives<\/span><\/h1><h2 class=\"vcex-heading vcex-heading-plain vcex-module wpex-heading wpex-text-2xl heading\"><span class=\"vcex-heading-inner wpex-inline-block\">The Mart\u00edn-Bar\u00f3 Initiative<\/span><\/h2>[\/vc_column][vc_column el_class=\u00a0\u00bbdecorCol\u00a0\u00bb]<figure class=\"vcex-image vcex-module\"><div class=\"vcex-image-inner wpex-relative wpex-inline-block\"><img width=\"9999\" height=\"25\" src=\"https:\/\/grassrootsonline.org\/wp-content\/uploads\/2023\/07\/hero_blue_vawe.svg\" class=\"vcex-image-img wpex-align-middle\" alt=\"\" loading=\"lazy\" decoding=\"async\" \/><\/div><\/figure>[\/vc_column][\/vc_row][vc_row full_width=\u00a0\u00bbstretch_row_content_no_spaces\u00a0\u00bb content_placement=\u00a0\u00bbmiddle\u00a0\u00bb el_class=\u00a0\u00bbsticky-menu isBlue\u00a0\u00bb][vc_column]<nav class=\"vcex-navbar vcex-module vcex-navbar-sticky wpex-transition-opacity wpex-duration-300 vcex-navbar-sticky-offset wpex-ls-offset align-center wpex-text-center local-scroll\"><div class=\"vcex-navbar-inner wpex-clr wpex-last-mr-0\"><a href=\"https:\/\/grassrootsonline.org\/mbi\/#mbi-about\" class=\"vcex-navbar-link vcex-navbar-link--975 wpex-inline-block wpex-mr-5 wpex-mb-5 theme-button minimal-border local-scroll\"><span class=\"vcex-navbar-link-text\">About Ignacio Mart\u00edn-Bar\u00f3<\/span><\/a><a href=\"https:\/\/grassrootsonline.org\/mbi\/#mbi-newsletter\" class=\"vcex-navbar-link vcex-navbar-link--976 wpex-inline-block wpex-mr-5 wpex-mb-5 theme-button minimal-border local-scroll\"><span class=\"vcex-navbar-link-text\">Newsletter<\/span><\/a><a href=\"https:\/\/grassrootsonline.org\/mbi\/#mbi-grantees\" class=\"vcex-navbar-link vcex-navbar-link--977 wpex-inline-block wpex-mr-5 wpex-mb-5 theme-button minimal-border local-scroll\"><span class=\"vcex-navbar-link-text\">Grantees<\/span><\/a><a href=\"https:\/\/grassrootsonline.org\/mbi\/#mbi-resources\" class=\"vcex-navbar-link vcex-navbar-link--978 wpex-inline-block wpex-mr-5 wpex-mb-5 theme-button minimal-border local-scroll\"><span class=\"vcex-navbar-link-text\">Resources<\/span><\/a><a href=\"https:\/\/grassrootsonline.org\/mbi\/#mbi-donate\" class=\"vcex-navbar-link vcex-navbar-link--979 wpex-inline-block wpex-mr-5 wpex-mb-5 theme-button minimal-border local-scroll\"><span class=\"vcex-navbar-link-text\">Donate<\/span><\/a><\/div><\/nav>[\/vc_column][\/vc_row][vc_row full_width=\u00a0\u00bbstretch_row\u00a0\u00bb el_class=\u00a0\u00bbmbi__introduction mbi__intro\u00a0\u00bb][vc_column][vc_row_inner el_class=\u00a0\u00bbinner-row\u00a0\u00bb][vc_column_inner]<h3 class=\"vcex-heading vcex-heading-plain vcex-module wpex-heading wpex-text-2xl subheading\"><span class=\"vcex-heading-inner wpex-inline-block\">An introduction<\/span><\/h3>[vc_column_text css=\u00a0\u00bb\u00a0\u00bb el_class=\u00a0\u00bbtext-element\u00a0\u00bb]Grassroots International reconoce las profundas heridas causadas por el colonialismo, el militarismo y otros sistemas de opresi\u00f3n. Adem\u00e1s, creemos en el poder de los movimientos sociales para curar dichas heridas al desarrollar recursos a trav\u00e9s de los cuales las personas directamente afectadas puedan volver a contar sus vidas mientras crean un cambio transformador y alcanzan la liberaci\u00f3n.<\/p>\n<p>Por ello, tenemos el honor de presentar la Iniciativa Mart\u00edn-Bar\u00f3 para el Bienestar y los Derechos Humanos (MBI, por sus siglas en ingl\u00e9s). MBI, en estrecha colaboraci\u00f3n con un grupo voluntario formado por profesionales de la psicolog\u00eda, personas investigadoras, docentes, estudiantes y activistas, concede subvenciones a iniciativas de base en comunidades afectadas por la violencia institucional, la represi\u00f3n y la injusticia social. Estos proyectos promueven el bienestar psicol\u00f3gico, la conciencia social, la resistencia pol\u00edtica y la justicia social, a menudo a partir de conocimientos y pr\u00e1cticas ancestrales.[\/vc_column_text]<div class=\"vc_custom_1720189213188 wpex-clr\"><a href=\"#\" class=\"vcex-button theme-txt-link wpex-inline-block inline more popmake-9892\"><span class=\"vcex-button-inner theme-button-inner wpex-flex wpex-flex-wrap wpex-items-center wpex-justify-center\">Read more on MBI<\/span><\/a><\/div> <a href=\"http:\/\/grassrootsonline.org\/es\/issues-areas-we-work-on\/?postID=5073\" class=\"vcex-button theme-txt-link wpex-inline-block inline more\"><span class=\"vcex-button-inner theme-button-inner wpex-flex wpex-flex-wrap wpex-items-center wpex-justify-center\">M\u00e1s informaci\u00f3n sobre las \u00faltimas iniciativas beneficiarias de la MBI<\/span><\/a> [\/vc_column_inner][\/vc_row_inner][\/vc_column][\/vc_row][vc_row full_width=\u00a0\u00bbstretch_row\u00a0\u00bb el_class=\u00a0\u00bbmbi__about\u00a0\u00bb el_id=\u00a0\u00bbmbi-about\u00a0\u00bb][vc_column][vc_row_inner el_class=\u00a0\u00bbinner-row\u00a0\u00bb][vc_column_inner width=\u00a0\u00bb1\/2&Prime;]<figure class=\"vcex-image vcex-module\"><div class=\"vcex-image-inner wpex-relative wpex-inline-block\"><img width=\"494\" height=\"431\" src=\"https:\/\/grassrootsonline.org\/wp-content\/uploads\/2023\/07\/Rectangle-4375.png\" class=\"vcex-image-img wpex-align-middle\" alt=\"\" loading=\"lazy\" decoding=\"async\" srcset=\"https:\/\/grassrootsonline.org\/wp-content\/uploads\/2023\/07\/Rectangle-4375.png 494w, https:\/\/grassrootsonline.org\/wp-content\/uploads\/2023\/07\/Rectangle-4375-300x262.png 300w\" sizes=\"auto, (max-width: 494px) 100vw, 494px\" \/><\/div><\/figure>[vc_column_text el_class=\u00a0\u00bbcaption\u00a0\u00bb]<img decoding=\"async\" class=\"alignnone size-full wp-image-993 attachment-svg\" src=\"https:\/\/grassrootsonline.org\/wp-content\/uploads\/2023\/07\/Group-9682.svg\" alt=\"\" \/><img decoding=\"async\" class=\"alignnone size-full wp-image-994 attachment-svg\" src=\"https:\/\/grassrootsonline.org\/wp-content\/uploads\/2023\/07\/Group-9683.svg\" alt=\"\" \/>[\/vc_column_text][\/vc_column_inner][vc_column_inner width=\u00a0\u00bb1\/2&Prime;]<h2 class=\"vcex-heading vcex-heading-plain vcex-module wpex-heading wpex-text-2xl heading\"><span class=\"vcex-heading-inner wpex-inline-block\">About Ignacio Mart\u00edn-Bar\u00f3<\/span><\/h2>[vc_column_text el_class=\u00a0\u00bbtext-element\u00a0\u00bb]Ignacio Mart\u00edn-Bar\u00f3 was a social psychologist, scholar, activist, and Jesuit priest renowned for his cutting-edge work around liberation psychology. He was one of six Jesuits who, along with their housekeeper and her daughter, were murdered by the Salvadoran military in 1989 at the Central American University in San Salvador. At the time of his death, he was the Vice-Rector of the University and the Director of the University\u2019s Center for Public Opinion.[\/vc_column_text]<a href=\"#\" class=\"vcex-button theme-txt-link wpex-inline-block inline more popmake-1002\"><span class=\"vcex-button-inner theme-button-inner wpex-flex wpex-flex-wrap wpex-items-center wpex-justify-center\">Read more about Ignacio<\/span><\/a> <a href=\"https:\/\/grassrootsonline.org\/wp-content\/uploads\/2023\/09\/Ignacio-Martin-Baro-Lawsuit-Update-2022.pdf\" class=\"vcex-button theme-txt-link wpex-inline-block inline more\" target=\"_blank\" rel=\"noopener noreferrer\"><span class=\"vcex-button-inner theme-button-inner wpex-flex wpex-flex-wrap wpex-items-center wpex-justify-center\">Seeking justice through the legal system<\/span><\/a> [\/vc_column_inner][\/vc_row_inner][\/vc_column][\/vc_row][vc_row full_width=\u00a0\u00bbstretch_row\u00a0\u00bb el_class=\u00a0\u00bbmbi__newsletter\u00a0\u00bb el_id=\u00a0\u00bbmbi-newsletter\u00a0\u00bb][vc_column][vc_row_inner el_class=\u00a0\u00bbinner-row\u00a0\u00bb][vc_column_inner el_class=\u00a0\u00bbaccentCol\u00a0\u00bb width=\u00a0\u00bb1\/2&Prime;][vc_column_text]The Just Word:<\/p>\n<h2>The Mart\u00edn-Bar\u00f3 Initiative Newsletter<\/h2>\n[\/vc_column_text]<a href=\"https:\/\/grassrootsonline.org\/wp-content\/uploads\/2023\/11\/MBIFall23Web.pdf\" class=\"vcex-button theme-txt-link wpex-inline-block inline latest-link\" target=\"_blank\" rel=\"noopener noreferrer\"><span class=\"vcex-button-inner theme-button-inner wpex-flex wpex-flex-wrap wpex-items-center wpex-justify-center\">Click to view latest <b>2023 edition<\/b><\/span><\/a> [vc_column_text]\n<p style=\"text-align: center; font-size: 1.2rem;\">or<\/p>\n[\/vc_column_text]<a href=\"https:\/\/grassrootsonline.org\/wp-content\/uploads\/2023\/11\/MBIFall23Web.pdf\" class=\"vcex-button theme-txt-link wpex-inline-block inline download-link\" download><span class=\"vcex-button-inner theme-button-inner wpex-flex wpex-flex-wrap wpex-items-center wpex-justify-center\">Download here<\/span><\/a> [\/vc_column_inner][vc_column_inner el_class=\u00a0\u00bblettersCol\u00a0\u00bb width=\u00a0\u00bb1\/2&Prime;][vc_column_text el_class=\u00a0\u00bbnewsletters-year\u00a0\u00bb]\n<h3>2020<\/h3>\n[\/vc_column_text][vc_column_text el_class=\u00a0\u00bbnewsletters-year\u00a0\u00bb]\n<h3>2021<\/h3>\n[\/vc_column_text][vc_column_text el_class=\u00a0\u00bbnewsletters-archive\u00a0\u00bb text_align=\u00a0\u00bbcenter\u00a0\u00bb]See all our Newsletters stored in our archive<\/p>\n<p><a class=\"newsletter-link popmake-2599\" href=\"#\">Click here<\/a>[\/vc_column_text][\/vc_column_inner][\/vc_row_inner][\/vc_column][\/vc_row][vc_row full_width=\u00a0\u00bbstretch_row\u00a0\u00bb el_class=\u00a0\u00bbmbi__grantees\u00a0\u00bb el_id=\u00a0\u00bbmbi-grantees\u00a0\u00bb][vc_column][vc_row_inner remove_bottom_col_margin=\u00a0\u00bbtrue\u00a0\u00bb][vc_column_inner]<h2 class=\"vcex-heading vcex-heading-plain vcex-module wpex-heading wpex-text-2xl\"><span class=\"vcex-heading-inner wpex-inline-block\">Current Grantees<\/span><\/h2>[\/vc_column_inner][\/vc_row_inner]<div class=\"vcex-shortcode wpex-clr\"><div class=\"mbiGrantees\"><\/div><\/div><div class=\"theme-button-wrap textcenter wpex-clr\"><a href=\"#\" class=\"vcex-button theme-txt-link align-center wpex-inline-block inline mbi-grantees-btn popmake-2946\"><span class=\"vcex-button-inner theme-button-inner wpex-flex wpex-flex-wrap wpex-items-center wpex-justify-center\">Archives of past grantees<\/span><\/a><\/div> [\/vc_column][\/vc_row][vc_row full_width=\u00a0\u00bbstretch_row_content_no_spaces\u00a0\u00bb el_class=\u00a0\u00bbmbi__relevantResources\u00a0\u00bb el_id=\u00a0\u00bbmbi-resources\u00a0\u00bb][vc_column][vc_row_inner remove_bottom_col_margin=\u00a0\u00bbtrue\u00a0\u00bb el_class=\u00a0\u00bbinner-row\u00a0\u00bb][vc_column_inner]<h2 class=\"vcex-heading vcex-heading-plain vcex-module wpex-heading wpex-text-2xl\"><span class=\"vcex-heading-inner wpex-inline-block\">Explore our relevant resources<\/span><\/h2>[\/vc_column_inner][\/vc_row_inner]<div class=\"vcex-shortcode wpex-clr news-layout\">\n\n<div id=\"ymc-smart-filter-container-1\" \r\n\t\t\t\t  class=\"ymc-smart-filter-container ymc-filter-1033 ymc-loaded-filter ymc-no-filter-layout ymc-post-custom-layout ymc-pagination-numeric data-target-ymc1033-1 data-target-ymc1 \" data-loading=\"true\"\r\n\t\t\t\t  data-params='{\"cpt\":\"learning_hub\",\"tax\":\"hub_resources\",\"terms\":\"84\",\"default_terms\":\"\",\"exclude_posts\":\"off\",\"choices_posts\":\"\",\"posts_selected\":\"all\",\"preloader_icon\":\"preloader_1\",\"type_pg\":\"numeric\",\"per_page\":\"4\",\"page\":\"1\",\"page_scroll\":\"1\",\"preloader_filters\":\"none\",\"preloader_filters_rate\":\"0.5\",\"preloader_filters_custom\":\"\",\"post_animation\":\"\",\"popup_animation\":\"normal\",\"letter\":\"\",\"post_layout\":\"post-custom-layout\",\"filter_layout\":\"no-filter-layout\",\"filter_id\":\"1033\",\"search\":\"\",\"search_filtered_posts\":\"0\",\"carousel_params\":&quot;&quot;,\"filter_date\":\"\",\"sort_order\":\"\",\"sort_orderby\":\"\",\"meta_key\":\"\",\"meta_query\":\"\",\"date_query\":\"\",\"data_target\":\"data-target-ymc1\",\"target_id\":\"1\",\"page_id\":\"0\"}'><div class=\"container-posts container-post-custom-layout\"><div class=\"post-entry ymc-xs-col-1 ymc-sm-col-2 ymc-md-col-3 ymc-lg-col-4 ymc-xl-col-4 ymc-xxl-col-4 post-custom-layout post-custom-layout-1033 post-custom-layout-1033-1\"><\/div><\/div><\/div><\/div><div class=\"theme-button-wrap textcenter wpex-clr\"><a href=\"http:\/\/grassrootsonline.org\/learning-hub\/\" class=\"vcex-button theme-txt-link align-center wpex-inline-block inline\"><span class=\"vcex-button-inner theme-button-inner wpex-flex wpex-flex-wrap wpex-items-center wpex-justify-center\">Go to Learning Hub<\/span><\/a><\/div> [\/vc_column][\/vc_row][vc_row full_width=\u00a0\u00bbstretch_row\u00a0\u00bb el_class=\u00a0\u00bbmbi__donate\u00a0\u00bb el_id=\u00a0\u00bbmbi-donate\u00a0\u00bb local_scroll_id=\u00a0\u00bbmbi-donate\u00a0\u00bb][vc_column][vc_row_inner equal_height=\u00a0\u00bbyes\u00a0\u00bb remove_bottom_col_margin=\u00a0\u00bbtrue\u00a0\u00bb el_class=\u00a0\u00bbmbi__donate__row\u00a0\u00bb][vc_column_inner el_class=\u00a0\u00bbimgCol\u00a0\u00bb width=\u00a0\u00bb1\/3&Prime; css=\u00a0\u00bb.vc_custom_1693916645548{background-image: url(https:\/\/grassrootsonline.org\/wp-content\/uploads\/2023\/09\/MBI-Donate-min-e1693916611620.jpeg?id=1423) !important;}\u00a0\u00bb][\/vc_column_inner][vc_column_inner el_class=\u00a0\u00bbtextCol\u00a0\u00bb width=\u00a0\u00bb2\/3&Prime;]<figure class=\"vcex-image vcex-module\"><div class=\"vcex-image-inner wpex-relative wpex-inline-block\"><img width=\"9999\" height=\"34\" src=\"https:\/\/grassrootsonline.org\/wp-content\/uploads\/2023\/07\/Frame-9270.svg\" class=\"vcex-image-img wpex-align-middle\" alt=\"\" loading=\"lazy\" decoding=\"async\" \/><\/div><\/figure><h3 class=\"vcex-heading vcex-heading-plain vcex-module wpex-heading wpex-text-2xl\"><span class=\"vcex-heading-inner wpex-inline-block\">Donate today to support the Mart\u00edn-Bar\u00f3 Initiative<\/span><\/h3>[vc_column_text]Click below to donate online or send checks to Grassroots International, with Mart\u00edn-Bar\u00f3 Initiative (or MBI) in the memo line and send to: Grassroots International, 179 Boylston Street, Boston, MA 02130.[\/vc_column_text]<a href=\"#\" class=\"vcex-button theme-button inline donate_btn popmake-2643\"><span class=\"vcex-button-inner theme-button-inner wpex-flex wpex-flex-wrap wpex-items-center wpex-justify-center\">Donate today<\/span><\/a> [\/vc_column_inner][\/vc_row_inner][\/vc_column][\/vc_row]\n<\/div>","protected":false},"excerpt":{"rendered":"<p>[vc_row full_width=\u00a0\u00bbstretch_row_content\u00a0\u00bb equal_height=\u00a0\u00bbyes\u00a0\u00bb remove_bottom_col_margin=\u00a0\u00bbtrue\u00a0\u00bb el_class=\u00a0\u00bbmbi__hero hero-section maize\u00a0\u00bb][vc_column width=\u00a0\u00bb5\/12&Prime; css=\u00a0\u00bb.vc_custom_1693916118055{background-image: url(https:\/\/grassrootsonline.org\/wp-content\/uploads\/2023\/09\/MBI-Hero-min.jpg?id=1421) !important;}\u00a0\u00bb el_class=\u00a0\u00bbimgCol\u00a0\u00bb][\/vc_column][vc_column width=\u00a0\u00bb7\/12&Prime; el_class=\u00a0\u00bbtextCol\u00a0\u00bb][\/vc_column][vc_column el_class=\u00a0\u00bbdecorCol\u00a0\u00bb][\/vc_column][\/vc_row][vc_row full_width=\u00a0\u00bbstretch_row_content_no_spaces\u00a0\u00bb content_placement=\u00a0\u00bbmiddle\u00a0\u00bb el_class=\u00a0\u00bbsticky-menu isBlue\u00a0\u00bb][vc_column][\/vc_column][\/vc_row][vc_row full_width=\u00a0\u00bbstretch_row\u00a0\u00bb el_class=\u00a0\u00bbmbi__introduction mbi__intro\u00a0\u00bb][vc_column][vc_row_inner el_class=\u00a0\u00bbinner-row\u00a0\u00bb][vc_column_inner][vc_column_text css=\u00a0\u00bb\u00a0\u00bb el_class=\u00a0\u00bbtext-element\u00a0\u00bb]Grassroots International reconoce las profundas heridas causadas por el colonialismo, el militarismo y otros sistemas de opresi\u00f3n. Adem\u00e1s, creemos en el poder de los movimientos sociales para curar dichas heridas al&hellip;<\/p>\n","protected":false},"author":6,"featured_media":0,"parent":0,"menu_order":0,"comment_status":"closed","ping_status":"closed","template":"","meta":{"_acf_changed":false,"inline_featured_image":false,"footnotes":"","_links_to":"","_links_to_target":""},"class_list":["post-9886","page","type-page","status-publish","hentry","entry","no-media"],"acf":[],"yoast_head":"<!-- This site is optimized with the Yoast SEO plugin v26.7 - https:\/\/yoast.com\/wordpress\/plugins\/seo\/ -->\n<title>Grassroots International | MBI<\/title>\n<meta name=\"description\" content=\"Ignacio Mart\u00edn-Bar\u00f3 was a social psychologist, scholar, activist, and Jesuit priest renowned for his cutting-edge work around liberation psychology.\" \/>\n<meta name=\"robots\" content=\"index, follow, max-snippet:-1, max-image-preview:large, max-video-preview:-1\" \/>\n<link rel=\"canonical\" href=\"https:\/\/grassrootsonline.org\/fr\/mbi\/\" \/>\n<meta property=\"og:locale\" content=\"fr_FR\" \/>\n<meta property=\"og:type\" content=\"article\" \/>\n<meta property=\"og:title\" content=\"Grassroots International | MBI\" \/>\n<meta property=\"og:description\" content=\"Ignacio Mart\u00edn-Bar\u00f3 was a social psychologist, scholar, activist, and Jesuit priest renowned for his cutting-edge work around liberation psychology.\" \/>\n<meta property=\"og:url\" content=\"https:\/\/grassrootsonline.org\/fr\/mbi\/\" \/>\n<meta property=\"og:site_name\" content=\"Grassroots International\" \/>\n<meta property=\"article:publisher\" content=\"https:\/\/www.facebook.com\/GrassrootsIntl\" \/>\n<meta property=\"article:modified_time\" content=\"2024-07-05T14:27:37+00:00\" \/>\n<meta property=\"og:image\" content=\"https:\/\/grassrootsonline.org\/wp-content\/uploads\/2023\/07\/Group-9682.svg\" \/>\n<meta name=\"twitter:card\" content=\"summary_large_image\" \/>\n<meta name=\"twitter:site\" content=\"@grassrootsintl\" \/>\n<meta name=\"twitter:label1\" content=\"Dur\u00e9e de lecture estim\u00e9e\" \/>\n\t<meta name=\"twitter:data1\" content=\"4 minutes\" \/>\n<script type=\"application\/ld+json\" class=\"yoast-schema-graph\">{\"@context\":\"https:\/\/schema.org\",\"@graph\":[{\"@type\":\"WebPage\",\"@id\":\"https:\/\/grassrootsonline.org\/fr\/mbi\/\",\"url\":\"https:\/\/grassrootsonline.org\/fr\/mbi\/\",\"name\":\"Grassroots International | MBI\",\"isPartOf\":{\"@id\":\"https:\/\/grassrootsonline.org\/#website\"},\"primaryImageOfPage\":{\"@id\":\"https:\/\/grassrootsonline.org\/fr\/mbi\/#primaryimage\"},\"image\":{\"@id\":\"https:\/\/grassrootsonline.org\/fr\/mbi\/#primaryimage\"},\"thumbnailUrl\":\"https:\/\/grassrootsonline.org\/wp-content\/uploads\/2023\/07\/Group-9682.svg\",\"datePublished\":\"2023-07-06T13:44:32+00:00\",\"dateModified\":\"2024-07-05T14:27:37+00:00\",\"description\":\"Ignacio Mart\u00edn-Bar\u00f3 was a social psychologist, scholar, activist, and Jesuit priest renowned for his cutting-edge work around liberation psychology.\",\"breadcrumb\":{\"@id\":\"https:\/\/grassrootsonline.org\/fr\/mbi\/#breadcrumb\"},\"inLanguage\":\"fr-FR\",\"potentialAction\":[{\"@type\":\"ReadAction\",\"target\":[\"https:\/\/grassrootsonline.org\/fr\/mbi\/\"]}]},{\"@type\":\"ImageObject\",\"inLanguage\":\"fr-FR\",\"@id\":\"https:\/\/grassrootsonline.org\/fr\/mbi\/#primaryimage\",\"url\":\"https:\/\/grassrootsonline.org\/wp-content\/uploads\/2023\/07\/Group-9682.svg\",\"contentUrl\":\"https:\/\/grassrootsonline.org\/wp-content\/uploads\/2023\/07\/Group-9682.svg\"},{\"@type\":\"BreadcrumbList\",\"@id\":\"https:\/\/grassrootsonline.org\/fr\/mbi\/#breadcrumb\",\"itemListElement\":[{\"@type\":\"ListItem\",\"position\":1,\"name\":\"Home\",\"item\":\"https:\/\/grassrootsonline.org\/fr\/\"},{\"@type\":\"ListItem\",\"position\":2,\"name\":\"MBI\"}]},{\"@type\":\"WebSite\",\"@id\":\"https:\/\/grassrootsonline.org\/#website\",\"url\":\"https:\/\/grassrootsonline.org\/\",\"name\":\"Grassroots International\",\"description\":\"Funding Global Movement for Social Change\",\"publisher\":{\"@id\":\"https:\/\/grassrootsonline.org\/#organization\"},\"potentialAction\":[{\"@type\":\"SearchAction\",\"target\":{\"@type\":\"EntryPoint\",\"urlTemplate\":\"https:\/\/grassrootsonline.org\/?s={search_term_string}\"},\"query-input\":{\"@type\":\"PropertyValueSpecification\",\"valueRequired\":true,\"valueName\":\"search_term_string\"}}],\"inLanguage\":\"fr-FR\"},{\"@type\":\"Organization\",\"@id\":\"https:\/\/grassrootsonline.org\/#organization\",\"name\":\"Grassroots International\",\"url\":\"https:\/\/grassrootsonline.org\/\",\"logo\":{\"@type\":\"ImageObject\",\"inLanguage\":\"fr-FR\",\"@id\":\"https:\/\/grassrootsonline.org\/#\/schema\/logo\/image\/\",\"url\":\"https:\/\/grassrootsonline.org\/wp-content\/uploads\/2023\/09\/GRI-Logo_Primary-Green.png\",\"contentUrl\":\"https:\/\/grassrootsonline.org\/wp-content\/uploads\/2023\/09\/GRI-Logo_Primary-Green.png\",\"width\":2560,\"height\":861,\"caption\":\"Grassroots International\"},\"image\":{\"@id\":\"https:\/\/grassrootsonline.org\/#\/schema\/logo\/image\/\"},\"sameAs\":[\"https:\/\/www.facebook.com\/GrassrootsIntl\",\"https:\/\/x.com\/grassrootsintl\",\"https:\/\/www.linkedin.com\/company\/grassroots-international\/\",\"https:\/\/www.youtube.com\/user\/GRIvideos\",\"https:\/\/www.instagram.com\/grassrootsintl\/\"]}]}<\/script>\n<!-- \/ Yoast SEO plugin. -->","yoast_head_json":{"title":"Grassroots International | MBI","description":"Ignacio Mart\u00edn-Bar\u00f3 was a social psychologist, scholar, activist, and Jesuit priest renowned for his cutting-edge work around liberation psychology.","robots":{"index":"index","follow":"follow","max-snippet":"max-snippet:-1","max-image-preview":"max-image-preview:large","max-video-preview":"max-video-preview:-1"},"canonical":"https:\/\/grassrootsonline.org\/fr\/mbi\/","og_locale":"fr_FR","og_type":"article","og_title":"Grassroots International | MBI","og_description":"Ignacio Mart\u00edn-Bar\u00f3 was a social psychologist, scholar, activist, and Jesuit priest renowned for his cutting-edge work around liberation psychology.","og_url":"https:\/\/grassrootsonline.org\/fr\/mbi\/","og_site_name":"Grassroots International","article_publisher":"https:\/\/www.facebook.com\/GrassrootsIntl","article_modified_time":"2024-07-05T14:27:37+00:00","og_image":[{"url":"https:\/\/grassrootsonline.org\/wp-content\/uploads\/2023\/07\/Group-9682.svg","type":"","width":"","height":""}],"twitter_card":"summary_large_image","twitter_site":"@grassrootsintl","twitter_misc":{"Dur\u00e9e de lecture estim\u00e9e":"4 minutes"},"schema":{"@context":"https:\/\/schema.org","@graph":[{"@type":"WebPage","@id":"https:\/\/grassrootsonline.org\/fr\/mbi\/","url":"https:\/\/grassrootsonline.org\/fr\/mbi\/","name":"Grassroots International | MBI","isPartOf":{"@id":"https:\/\/grassrootsonline.org\/#website"},"primaryImageOfPage":{"@id":"https:\/\/grassrootsonline.org\/fr\/mbi\/#primaryimage"},"image":{"@id":"https:\/\/grassrootsonline.org\/fr\/mbi\/#primaryimage"},"thumbnailUrl":"https:\/\/grassrootsonline.org\/wp-content\/uploads\/2023\/07\/Group-9682.svg","datePublished":"2023-07-06T13:44:32+00:00","dateModified":"2024-07-05T14:27:37+00:00","description":"Ignacio Mart\u00edn-Bar\u00f3 was a social psychologist, scholar, activist, and Jesuit priest renowned for his cutting-edge work around liberation psychology.","breadcrumb":{"@id":"https:\/\/grassrootsonline.org\/fr\/mbi\/#breadcrumb"},"inLanguage":"fr-FR","potentialAction":[{"@type":"ReadAction","target":["https:\/\/grassrootsonline.org\/fr\/mbi\/"]}]},{"@type":"ImageObject","inLanguage":"fr-FR","@id":"https:\/\/grassrootsonline.org\/fr\/mbi\/#primaryimage","url":"https:\/\/grassrootsonline.org\/wp-content\/uploads\/2023\/07\/Group-9682.svg","contentUrl":"https:\/\/grassrootsonline.org\/wp-content\/uploads\/2023\/07\/Group-9682.svg"},{"@type":"BreadcrumbList","@id":"https:\/\/grassrootsonline.org\/fr\/mbi\/#breadcrumb","itemListElement":[{"@type":"ListItem","position":1,"name":"Home","item":"https:\/\/grassrootsonline.org\/fr\/"},{"@type":"ListItem","position":2,"name":"MBI"}]},{"@type":"WebSite","@id":"https:\/\/grassrootsonline.org\/#website","url":"https:\/\/grassrootsonline.org\/","name":"Grassroots International","description":"Funding Global Movement for Social Change","publisher":{"@id":"https:\/\/grassrootsonline.org\/#organization"},"potentialAction":[{"@type":"SearchAction","target":{"@type":"EntryPoint","urlTemplate":"https:\/\/grassrootsonline.org\/?s={search_term_string}"},"query-input":{"@type":"PropertyValueSpecification","valueRequired":true,"valueName":"search_term_string"}}],"inLanguage":"fr-FR"},{"@type":"Organization","@id":"https:\/\/grassrootsonline.org\/#organization","name":"Grassroots International","url":"https:\/\/grassrootsonline.org\/","logo":{"@type":"ImageObject","inLanguage":"fr-FR","@id":"https:\/\/grassrootsonline.org\/#\/schema\/logo\/image\/","url":"https:\/\/grassrootsonline.org\/wp-content\/uploads\/2023\/09\/GRI-Logo_Primary-Green.png","contentUrl":"https:\/\/grassrootsonline.org\/wp-content\/uploads\/2023\/09\/GRI-Logo_Primary-Green.png","width":2560,"height":861,"caption":"Grassroots International"},"image":{"@id":"https:\/\/grassrootsonline.org\/#\/schema\/logo\/image\/"},"sameAs":["https:\/\/www.facebook.com\/GrassrootsIntl","https:\/\/x.com\/grassrootsintl","https:\/\/www.linkedin.com\/company\/grassroots-international\/","https:\/\/www.youtube.com\/user\/GRIvideos","https:\/\/www.instagram.com\/grassrootsintl\/"]}]}},"_links":{"self":[{"href":"https:\/\/grassrootsonline.org\/fr\/wp-json\/wp\/v2\/pages\/9886","targetHints":{"allow":["GET"]}}],"collection":[{"href":"https:\/\/grassrootsonline.org\/fr\/wp-json\/wp\/v2\/pages"}],"about":[{"href":"https:\/\/grassrootsonline.org\/fr\/wp-json\/wp\/v2\/types\/page"}],"author":[{"embeddable":true,"href":"https:\/\/grassrootsonline.org\/fr\/wp-json\/wp\/v2\/users\/6"}],"replies":[{"embeddable":true,"href":"https:\/\/grassrootsonline.org\/fr\/wp-json\/wp\/v2\/comments?post=9886"}],"version-history":[{"count":0,"href":"https:\/\/grassrootsonline.org\/fr\/wp-json\/wp\/v2\/pages\/9886\/revisions"}],"wp:attachment":[{"href":"https:\/\/grassrootsonline.org\/fr\/wp-json\/wp\/v2\/media?parent=9886"}],"curies":[{"name":"wp","href":"https:\/\/api.w.org\/{rel}","templated":true}]}}