{"id":8978,"date":"2023-06-26T11:53:14","date_gmt":"2023-06-26T16:53:14","guid":{"rendered":"https:\/\/grassrootsonline.org\/?page_id=8978"},"modified":"2024-03-28T09:38:00","modified_gmt":"2024-03-28T14:38:00","slug":"eventos","status":"publish","type":"page","link":"https:\/\/grassrootsonline.org\/pt\/eventos\/","title":{"rendered":"Eventos"},"content":{"rendered":"<div class=\"wpb-content-wrapper\">[vc_section full_width=&#8221;stretch_row&#8221; el_class=&#8221;events&#8221;][vc_row remove_bottom_col_margin=&#8221;true&#8221; el_class=&#8221;events__hero&#8221;][vc_column]<h1 class=\"vcex-heading vcex-heading-plain vcex-module wpex-heading wpex-text-2xl hero-title\"><span class=\"vcex-heading-inner wpex-inline-block\">Eventos<\/span><\/h1>[vc_column_text]A Grassroots International realiza eventos on-line e presenciais com regularidade para criar uma comunidade e aprofundar nossa solidariedade. Nossos eventos incluem os Encontros Solid\u00e1rios: uma s\u00e9rie de f\u00f3runs virtuais ao vivo e participativos para doadores\/as, poss\u00edveis doadores\/as e outros membros de nossa comunidade.<\/p>\n<p>Junte-se a n\u00f3s para saber o que os\/as ativistas de base dos movimentos sociais mais din\u00e2micos do mundo est\u00e3o fazendo para promover mudan\u00e7as transformadoras. Volte sempre para conhecer oportunidades novas e futuras \u2013 ou visite nosso Centro de Aprendizagem para assistir \u00e0s grava\u00e7\u00f5es de eventos anteriores.[\/vc_column_text][\/vc_column][\/vc_row][vc_row disable_element=&#8221;yes&#8221; el_class=&#8221;events__types&#8221;][vc_column width=&#8221;1\/4&#8243;]<h3 class=\"vcex-heading vcex-heading-plain vcex-module wpex-heading wpex-text-2xl\"><span class=\"vcex-heading-inner wpex-inline-block\">Event type 01<\/span><\/h3>[vc_column_text]Dorem ipsum dolor sit amet, consectetr adipiscing elit. Nunc vulputate libero et velit interdum, ac aliquet odio mattis.[\/vc_column_text][\/vc_column][vc_column width=&#8221;1\/4&#8243;]<h3 class=\"vcex-heading vcex-heading-plain vcex-module wpex-heading wpex-text-2xl\"><span class=\"vcex-heading-inner wpex-inline-block\">Event type 01<\/span><\/h3>[vc_column_text]Dorem ipsum dolor sit amet, consectetr adipiscing elit. Nunc vulputate libero et velit interdum, ac aliquet odio mattis.[\/vc_column_text][\/vc_column][vc_column width=&#8221;1\/4&#8243;]<h3 class=\"vcex-heading vcex-heading-plain vcex-module wpex-heading wpex-text-2xl\"><span class=\"vcex-heading-inner wpex-inline-block\">Event type 01<\/span><\/h3>[vc_column_text]Dorem ipsum dolor sit amet, consectetr adipiscing elit. Nunc vulputate libero et velit interdum, ac aliquet odio mattis.[\/vc_column_text][\/vc_column][vc_column width=&#8221;1\/4&#8243;]<h3 class=\"vcex-heading vcex-heading-plain vcex-module wpex-heading wpex-text-2xl\"><span class=\"vcex-heading-inner wpex-inline-block\">Solidarity Encounters<\/span><\/h3>[vc_column_text]Dorem ipsum dolor sit amet, consectetr adipiscing elit. Nunc vulputate libero et velit interdum, ac aliquet odio mattis.[\/vc_column_text][\/vc_column][\/vc_row][vc_row full_width=&#8221;stretch_row_content&#8221; remove_bottom_col_margin=&#8221;true&#8221; el_class=&#8221;events__filter&#8221;][vc_column]<div class=\"m-eventsFilter\"><ul class=\"m-eventsFilter__list\"><li class=\"m-eventsFilter__list__item\"><a class=\"all active\" href=\"#\" data-selected=\"all\" data-termid=\"categories_events\">\n\t\t\t\t\t\t\tTODO<span class=\"quantity\">(35)<\/span><\/a><\/li><li class=\"m-eventsFilter__list__item\"><a href=\"#\" data-selected=\"our-events\" \n                                data-termid=\"17\">Our Events\n                                <span class=\"quantity\">(0)<\/span><\/a><\/li><\/ul><\/div><div class=\"vcex-shortcode wpex-clr\"><\/div>[\/vc_column][\/vc_row][vc_row full_width=&#8221;stretch_row&#8221; remove_bottom_col_margin=&#8221;true&#8221; el_class=&#8221;events__upcoming&#8221;][vc_column]<h2 class=\"vcex-heading vcex-heading-plain vcex-module wpex-heading wpex-text-2xl\"><span class=\"vcex-heading-inner wpex-inline-block\">Upcoming Events<\/span><\/h2><div class=\"vcex-shortcode wpex-clr\">\n\n<div id=\"ymc-smart-filter-container-1\" \r\n\t\t\t\t  class=\"ymc-smart-filter-container ymc-filter-8971 ymc-loaded-filter ymc-no-filter-layout ymc-post-custom-layout ymc-pagination-numeric data-target-ymc8971-1 data-target-ymc1 \" data-loading=\"true\"\r\n\t\t\t\t  data-params='{\"cpt\":\"events\",\"tax\":\"tag_events,categories_events\",\"terms\":\"15,17,18\",\"default_terms\":\"\",\"exclude_posts\":\"off\",\"choices_posts\":\"\",\"posts_selected\":\"all\",\"preloader_icon\":\"preloader_6\",\"type_pg\":\"numeric\",\"per_page\":\"-1\",\"page\":\"1\",\"page_scroll\":\"1\",\"preloader_filters\":\"custom_filters\",\"preloader_filters_rate\":\"0.5\",\"preloader_filters_custom\":\"filter:brightness(0)saturate(100%)invert(20%)sepia(14%)saturate(3837%)hue-rotate(147deg)brightness(97%)contrast(99%);\",\"post_animation\":\"\",\"popup_animation\":\"normal\",\"letter\":\"\",\"post_layout\":\"post-custom-layout\",\"filter_layout\":\"no-filter-layout\",\"filter_id\":\"8971\",\"search\":\"\",\"search_filtered_posts\":\"0\",\"carousel_params\":&quot;&quot;,\"filter_date\":\"\",\"sort_order\":\"\",\"sort_orderby\":\"\",\"meta_key\":\"\",\"meta_query\":\"\",\"date_query\":\"\",\"data_target\":\"data-target-ymc1\",\"target_id\":\"1\",\"page_id\":\"0\"}'><div class=\"container-posts container-post-custom-layout\"><div class=\"post-entry ymc-xs-col-1 ymc-sm-col-2 ymc-md-col-3 ymc-lg-col-4 ymc-xl-col-4 ymc-xxl-col-4 post-custom-layout post-custom-layout-8971 post-custom-layout-8971-1\"><\/div><\/div><\/div><\/div>[\/vc_column][\/vc_row][vc_row full_width=&#8221;stretch_row&#8221; el_class=&#8221;events__past&#8221;][vc_column]<h2 class=\"vcex-heading vcex-heading-plain vcex-module wpex-heading wpex-text-2xl\"><span class=\"vcex-heading-inner wpex-inline-block\">Past Events<\/span><\/h2><div class=\"vcex-shortcode wpex-clr news-layout\">\n\n<div id=\"ymc-smart-filter-container-2\" \r\n\t\t\t\t  class=\"ymc-smart-filter-container ymc-filter-8974 ymc-loaded-filter ymc-no-filter-layout ymc-post-custom-layout ymc-pagination-numeric data-target-ymc8974-2 data-target-ymc2 \" data-loading=\"true\"\r\n\t\t\t\t  data-params='{\"cpt\":\"events\",\"tax\":\"tag_events,categories_events\",\"terms\":\"15,17,18\",\"default_terms\":\"\",\"exclude_posts\":\"off\",\"choices_posts\":\"\",\"posts_selected\":\"all\",\"preloader_icon\":\"preloader_6\",\"type_pg\":\"numeric\",\"per_page\":\"8\",\"page\":\"1\",\"page_scroll\":\"1\",\"preloader_filters\":\"custom_filters\",\"preloader_filters_rate\":\"0.5\",\"preloader_filters_custom\":\"filter:brightness(0)saturate(100%)invert(20%)sepia(14%)saturate(3837%)hue-rotate(147deg)brightness(97%)contrast(99%);\",\"post_animation\":\"\",\"popup_animation\":\"normal\",\"letter\":\"\",\"post_layout\":\"post-custom-layout\",\"filter_layout\":\"no-filter-layout\",\"filter_id\":\"8974\",\"search\":\"\",\"search_filtered_posts\":\"0\",\"carousel_params\":&quot;&quot;,\"filter_date\":\"\",\"sort_order\":\"\",\"sort_orderby\":\"\",\"meta_key\":\"\",\"meta_query\":\"\",\"date_query\":\"\",\"data_target\":\"data-target-ymc2\",\"target_id\":\"2\",\"page_id\":\"0\"}'><div class=\"container-posts container-post-custom-layout\"><div class=\"post-entry ymc-xs-col-1 ymc-sm-col-2 ymc-md-col-3 ymc-lg-col-4 ymc-xl-col-4 ymc-xxl-col-4 post-custom-layout post-custom-layout-8974 post-custom-layout-8974-2\"><\/div><\/div><\/div><\/div>[\/vc_column][\/vc_row][\/vc_section]\n<\/div>","protected":false},"excerpt":{"rendered":"<p>[vc_section full_width=&#8221;stretch_row&#8221; el_class=&#8221;events&#8221;][vc_row remove_bottom_col_margin=&#8221;true&#8221; el_class=&#8221;events__hero&#8221;][vc_column][vc_column_text]A Grassroots International realiza eventos on-line e presenciais com regularidade para criar uma comunidade e aprofundar nossa solidariedade. Nossos eventos incluem os Encontros Solid\u00e1rios: uma s\u00e9rie de f\u00f3runs virtuais ao vivo e participativos para doadores\/as, poss\u00edveis doadores\/as e outros membros de nossa comunidade. Junte-se a n\u00f3s para saber o que os\/as&hellip;<\/p>\n","protected":false},"author":6,"featured_media":0,"parent":0,"menu_order":0,"comment_status":"closed","ping_status":"closed","template":"","meta":{"_acf_changed":false,"inline_featured_image":false,"footnotes":"","_links_to":"","_links_to_target":""},"class_list":["post-8978","page","type-page","status-publish","hentry","entry","no-media"],"acf":[],"yoast_head":"<!-- This site is optimized with the Yoast SEO plugin v26.7 - https:\/\/yoast.com\/wordpress\/plugins\/seo\/ -->\n<title>Grassroots International | Eventos<\/title>\n<meta name=\"robots\" content=\"index, follow, max-snippet:-1, max-image-preview:large, max-video-preview:-1\" \/>\n<link rel=\"canonical\" href=\"https:\/\/grassrootsonline.org\/pt\/eventos\/\" \/>\n<meta property=\"og:locale\" content=\"pt_PT\" \/>\n<meta property=\"og:type\" content=\"article\" \/>\n<meta property=\"og:title\" content=\"Grassroots International | Eventos\" \/>\n<meta property=\"og:description\" content=\"[vc_section full_width=&#8221;stretch_row&#8221; el_class=&#8221;events&#8221;][vc_row remove_bottom_col_margin=&#8221;true&#8221; el_class=&#8221;events__hero&#8221;][vc_column][vc_column_text]A Grassroots International realiza eventos on-line e presenciais com regularidade para criar uma comunidade e aprofundar nossa solidariedade. Nossos eventos incluem os Encontros Solid\u00e1rios: uma s\u00e9rie de f\u00f3runs virtuais ao vivo e participativos para doadores\/as, poss\u00edveis doadores\/as e outros membros de nossa comunidade. Junte-se a n\u00f3s para saber o que os\/as&hellip;\" \/>\n<meta property=\"og:url\" content=\"https:\/\/grassrootsonline.org\/pt\/eventos\/\" \/>\n<meta property=\"og:site_name\" content=\"Grassroots International\" \/>\n<meta property=\"article:publisher\" content=\"https:\/\/www.facebook.com\/GrassrootsIntl\" \/>\n<meta property=\"article:modified_time\" content=\"2024-03-28T14:38:00+00:00\" \/>\n<meta property=\"og:image\" content=\"https:\/\/grassrootsonline.org\/wp-content\/uploads\/2023\/10\/GRI-Web-Cover-03-min.jpeg\" \/>\n\t<meta property=\"og:image:width\" content=\"1200\" \/>\n\t<meta property=\"og:image:height\" content=\"675\" \/>\n\t<meta property=\"og:image:type\" content=\"image\/jpeg\" \/>\n<meta name=\"twitter:card\" content=\"summary_large_image\" \/>\n<meta name=\"twitter:site\" content=\"@grassrootsintl\" \/>\n<meta name=\"twitter:label1\" content=\"Est. reading time\" \/>\n\t<meta name=\"twitter:data1\" content=\"1 minute\" \/>\n<script type=\"application\/ld+json\" class=\"yoast-schema-graph\">{\"@context\":\"https:\/\/schema.org\",\"@graph\":[{\"@type\":\"WebPage\",\"@id\":\"https:\/\/grassrootsonline.org\/pt\/eventos\/\",\"url\":\"https:\/\/grassrootsonline.org\/pt\/eventos\/\",\"name\":\"Grassroots International | Eventos\",\"isPartOf\":{\"@id\":\"https:\/\/grassrootsonline.org\/#website\"},\"datePublished\":\"2023-06-26T16:53:14+00:00\",\"dateModified\":\"2024-03-28T14:38:00+00:00\",\"breadcrumb\":{\"@id\":\"https:\/\/grassrootsonline.org\/pt\/eventos\/#breadcrumb\"},\"inLanguage\":\"pt\",\"potentialAction\":[{\"@type\":\"ReadAction\",\"target\":[\"https:\/\/grassrootsonline.org\/pt\/eventos\/\"]}]},{\"@type\":\"BreadcrumbList\",\"@id\":\"https:\/\/grassrootsonline.org\/pt\/eventos\/#breadcrumb\",\"itemListElement\":[{\"@type\":\"ListItem\",\"position\":1,\"name\":\"Home\",\"item\":\"https:\/\/grassrootsonline.org\/pt\/\"},{\"@type\":\"ListItem\",\"position\":2,\"name\":\"Eventos\"}]},{\"@type\":\"WebSite\",\"@id\":\"https:\/\/grassrootsonline.org\/#website\",\"url\":\"https:\/\/grassrootsonline.org\/\",\"name\":\"Grassroots International\",\"description\":\"Funding Global Movement for Social Change\",\"publisher\":{\"@id\":\"https:\/\/grassrootsonline.org\/#organization\"},\"potentialAction\":[{\"@type\":\"SearchAction\",\"target\":{\"@type\":\"EntryPoint\",\"urlTemplate\":\"https:\/\/grassrootsonline.org\/?s={search_term_string}\"},\"query-input\":{\"@type\":\"PropertyValueSpecification\",\"valueRequired\":true,\"valueName\":\"search_term_string\"}}],\"inLanguage\":\"pt\"},{\"@type\":\"Organization\",\"@id\":\"https:\/\/grassrootsonline.org\/#organization\",\"name\":\"Grassroots International\",\"url\":\"https:\/\/grassrootsonline.org\/\",\"logo\":{\"@type\":\"ImageObject\",\"inLanguage\":\"pt\",\"@id\":\"https:\/\/grassrootsonline.org\/#\/schema\/logo\/image\/\",\"url\":\"https:\/\/grassrootsonline.org\/wp-content\/uploads\/2023\/09\/GRI-Logo_Primary-Green.png\",\"contentUrl\":\"https:\/\/grassrootsonline.org\/wp-content\/uploads\/2023\/09\/GRI-Logo_Primary-Green.png\",\"width\":2560,\"height\":861,\"caption\":\"Grassroots International\"},\"image\":{\"@id\":\"https:\/\/grassrootsonline.org\/#\/schema\/logo\/image\/\"},\"sameAs\":[\"https:\/\/www.facebook.com\/GrassrootsIntl\",\"https:\/\/x.com\/grassrootsintl\",\"https:\/\/www.linkedin.com\/company\/grassroots-international\/\",\"https:\/\/www.youtube.com\/user\/GRIvideos\",\"https:\/\/www.instagram.com\/grassrootsintl\/\"]}]}<\/script>\n<!-- \/ Yoast SEO plugin. -->","yoast_head_json":{"title":"Grassroots International | Eventos","robots":{"index":"index","follow":"follow","max-snippet":"max-snippet:-1","max-image-preview":"max-image-preview:large","max-video-preview":"max-video-preview:-1"},"canonical":"https:\/\/grassrootsonline.org\/pt\/eventos\/","og_locale":"pt_PT","og_type":"article","og_title":"Grassroots International | Eventos","og_description":"[vc_section full_width=&#8221;stretch_row&#8221; el_class=&#8221;events&#8221;][vc_row remove_bottom_col_margin=&#8221;true&#8221; el_class=&#8221;events__hero&#8221;][vc_column][vc_column_text]A Grassroots International realiza eventos on-line e presenciais com regularidade para criar uma comunidade e aprofundar nossa solidariedade. Nossos eventos incluem os Encontros Solid\u00e1rios: uma s\u00e9rie de f\u00f3runs virtuais ao vivo e participativos para doadores\/as, poss\u00edveis doadores\/as e outros membros de nossa comunidade. Junte-se a n\u00f3s para saber o que os\/as&hellip;","og_url":"https:\/\/grassrootsonline.org\/pt\/eventos\/","og_site_name":"Grassroots International","article_publisher":"https:\/\/www.facebook.com\/GrassrootsIntl","article_modified_time":"2024-03-28T14:38:00+00:00","og_image":[{"width":1200,"height":675,"url":"https:\/\/grassrootsonline.org\/wp-content\/uploads\/2023\/10\/GRI-Web-Cover-03-min.jpeg","type":"image\/jpeg"}],"twitter_card":"summary_large_image","twitter_site":"@grassrootsintl","twitter_misc":{"Est. reading time":"1 minute"},"schema":{"@context":"https:\/\/schema.org","@graph":[{"@type":"WebPage","@id":"https:\/\/grassrootsonline.org\/pt\/eventos\/","url":"https:\/\/grassrootsonline.org\/pt\/eventos\/","name":"Grassroots International | Eventos","isPartOf":{"@id":"https:\/\/grassrootsonline.org\/#website"},"datePublished":"2023-06-26T16:53:14+00:00","dateModified":"2024-03-28T14:38:00+00:00","breadcrumb":{"@id":"https:\/\/grassrootsonline.org\/pt\/eventos\/#breadcrumb"},"inLanguage":"pt","potentialAction":[{"@type":"ReadAction","target":["https:\/\/grassrootsonline.org\/pt\/eventos\/"]}]},{"@type":"BreadcrumbList","@id":"https:\/\/grassrootsonline.org\/pt\/eventos\/#breadcrumb","itemListElement":[{"@type":"ListItem","position":1,"name":"Home","item":"https:\/\/grassrootsonline.org\/pt\/"},{"@type":"ListItem","position":2,"name":"Eventos"}]},{"@type":"WebSite","@id":"https:\/\/grassrootsonline.org\/#website","url":"https:\/\/grassrootsonline.org\/","name":"Grassroots International","description":"Funding Global Movement for Social Change","publisher":{"@id":"https:\/\/grassrootsonline.org\/#organization"},"potentialAction":[{"@type":"SearchAction","target":{"@type":"EntryPoint","urlTemplate":"https:\/\/grassrootsonline.org\/?s={search_term_string}"},"query-input":{"@type":"PropertyValueSpecification","valueRequired":true,"valueName":"search_term_string"}}],"inLanguage":"pt"},{"@type":"Organization","@id":"https:\/\/grassrootsonline.org\/#organization","name":"Grassroots International","url":"https:\/\/grassrootsonline.org\/","logo":{"@type":"ImageObject","inLanguage":"pt","@id":"https:\/\/grassrootsonline.org\/#\/schema\/logo\/image\/","url":"https:\/\/grassrootsonline.org\/wp-content\/uploads\/2023\/09\/GRI-Logo_Primary-Green.png","contentUrl":"https:\/\/grassrootsonline.org\/wp-content\/uploads\/2023\/09\/GRI-Logo_Primary-Green.png","width":2560,"height":861,"caption":"Grassroots International"},"image":{"@id":"https:\/\/grassrootsonline.org\/#\/schema\/logo\/image\/"},"sameAs":["https:\/\/www.facebook.com\/GrassrootsIntl","https:\/\/x.com\/grassrootsintl","https:\/\/www.linkedin.com\/company\/grassroots-international\/","https:\/\/www.youtube.com\/user\/GRIvideos","https:\/\/www.instagram.com\/grassrootsintl\/"]}]}},"_links":{"self":[{"href":"https:\/\/grassrootsonline.org\/pt\/wp-json\/wp\/v2\/pages\/8978","targetHints":{"allow":["GET"]}}],"collection":[{"href":"https:\/\/grassrootsonline.org\/pt\/wp-json\/wp\/v2\/pages"}],"about":[{"href":"https:\/\/grassrootsonline.org\/pt\/wp-json\/wp\/v2\/types\/page"}],"author":[{"embeddable":true,"href":"https:\/\/grassrootsonline.org\/pt\/wp-json\/wp\/v2\/users\/6"}],"replies":[{"embeddable":true,"href":"https:\/\/grassrootsonline.org\/pt\/wp-json\/wp\/v2\/comments?post=8978"}],"version-history":[{"count":0,"href":"https:\/\/grassrootsonline.org\/pt\/wp-json\/wp\/v2\/pages\/8978\/revisions"}],"wp:attachment":[{"href":"https:\/\/grassrootsonline.org\/pt\/wp-json\/wp\/v2\/media?parent=8978"}],"curies":[{"name":"wp","href":"https:\/\/api.w.org\/{rel}","templated":true}]}}