{"id":9887,"date":"2023-07-06T08:44:32","date_gmt":"2023-07-06T13:44:32","guid":{"rendered":"https:\/\/grassrootsonline.org\/mbi\/"},"modified":"2024-07-05T09:26:25","modified_gmt":"2024-07-05T14:26:25","slug":"mbi","status":"publish","type":"page","link":"https:\/\/grassrootsonline.org\/pt\/mbi\/","title":{"rendered":"MBI"},"content":{"rendered":"<div class=\"wpb-content-wrapper\">[vc_row full_width=&#8221;stretch_row_content&#8221; equal_height=&#8221;yes&#8221; remove_bottom_col_margin=&#8221;true&#8221; el_class=&#8221;mbi__hero hero-section maize&#8221;][vc_column width=&#8221;5\/12&#8243; css=&#8221;.vc_custom_1693916118055{background-image: url(https:\/\/grassrootsonline.org\/wp-content\/uploads\/2023\/09\/MBI-Hero-min.jpg?id=1421) !important;}&#8221; el_class=&#8221;imgCol&#8221;][\/vc_column][vc_column width=&#8221;7\/12&#8243; el_class=&#8221;textCol&#8221;]<h1 class=\"vcex-heading vcex-heading-plain vcex-module wpex-heading wpex-text-2xl subheading\"><span class=\"vcex-heading-inner wpex-inline-block\">Special Initiatives<\/span><\/h1><h2 class=\"vcex-heading vcex-heading-plain vcex-module wpex-heading wpex-text-2xl heading\"><span class=\"vcex-heading-inner wpex-inline-block\">The Mart\u00edn-Bar\u00f3 Initiative<\/span><\/h2>[\/vc_column][vc_column el_class=&#8221;decorCol&#8221;]<figure class=\"vcex-image vcex-module\"><div class=\"vcex-image-inner wpex-relative wpex-inline-block\"><img width=\"9999\" height=\"25\" src=\"https:\/\/grassrootsonline.org\/wp-content\/uploads\/2023\/07\/hero_blue_vawe.svg\" class=\"vcex-image-img wpex-align-middle\" alt=\"\" loading=\"lazy\" decoding=\"async\" \/><\/div><\/figure>[\/vc_column][\/vc_row][vc_row full_width=&#8221;stretch_row_content_no_spaces&#8221; content_placement=&#8221;middle&#8221; el_class=&#8221;sticky-menu isBlue&#8221;][vc_column]<nav class=\"vcex-navbar vcex-module vcex-navbar-sticky wpex-transition-opacity wpex-duration-300 vcex-navbar-sticky-offset wpex-ls-offset align-center wpex-text-center local-scroll\"><div class=\"vcex-navbar-inner wpex-clr wpex-last-mr-0\"><a href=\"https:\/\/grassrootsonline.org\/mbi\/#mbi-about\" class=\"vcex-navbar-link vcex-navbar-link--975 wpex-inline-block wpex-mr-5 wpex-mb-5 theme-button minimal-border local-scroll\"><span class=\"vcex-navbar-link-text\">About Ignacio Mart\u00edn-Bar\u00f3<\/span><\/a><a href=\"https:\/\/grassrootsonline.org\/mbi\/#mbi-newsletter\" class=\"vcex-navbar-link vcex-navbar-link--976 wpex-inline-block wpex-mr-5 wpex-mb-5 theme-button minimal-border local-scroll\"><span class=\"vcex-navbar-link-text\">Newsletter<\/span><\/a><a href=\"https:\/\/grassrootsonline.org\/mbi\/#mbi-grantees\" class=\"vcex-navbar-link vcex-navbar-link--977 wpex-inline-block wpex-mr-5 wpex-mb-5 theme-button minimal-border local-scroll\"><span class=\"vcex-navbar-link-text\">Grantees<\/span><\/a><a href=\"https:\/\/grassrootsonline.org\/mbi\/#mbi-resources\" class=\"vcex-navbar-link vcex-navbar-link--978 wpex-inline-block wpex-mr-5 wpex-mb-5 theme-button minimal-border local-scroll\"><span class=\"vcex-navbar-link-text\">Resources<\/span><\/a><a href=\"https:\/\/grassrootsonline.org\/mbi\/#mbi-donate\" class=\"vcex-navbar-link vcex-navbar-link--979 wpex-inline-block wpex-mr-5 wpex-mb-5 theme-button minimal-border local-scroll\"><span class=\"vcex-navbar-link-text\">Donate<\/span><\/a><\/div><\/nav>[\/vc_column][\/vc_row][vc_row full_width=&#8221;stretch_row&#8221; el_class=&#8221;mbi__introduction mbi__intro&#8221;][vc_column][vc_row_inner el_class=&#8221;inner-row&#8221;][vc_column_inner]<h3 class=\"vcex-heading vcex-heading-plain vcex-module wpex-heading wpex-text-2xl subheading\"><span class=\"vcex-heading-inner wpex-inline-block\">Introdu\u00e7\u00e3o<\/span><\/h3>[vc_column_text css=&#8221;&#8221; el_class=&#8221;text-element&#8221;]A Grassroots International reconhece as profundas feridas causadas pelo colonialismo, militarismo e outros sistemas de opress\u00e3o. Acreditamos no poder dos movimentos sociais para trabalhar no sentido de curar essas feridas, desenvolvendo recursos por meio dos quais as pessoas diretamente afetadas possam refazer a hist\u00f3ria de suas vidas, \u00e0 medida que criam mudan\u00e7as transformadoras e alcan\u00e7am a liberta\u00e7\u00e3o.<\/p>\n<p>Portanto, temos a honra de sediar a Iniciativa Mart\u00edn-Bar\u00f3 para o Bem-estar e os Direitos Humanos (IMB). Trabalhando em estreita colabora\u00e7\u00e3o com um grupo de volunt\u00e1rios, incluindo psic\u00f3logos, pesquisadores, professores, estudantes e ativistas, a IMB oferece subs\u00eddios para iniciativas de base em comunidades afetadas por viol\u00eancia institucional, repress\u00e3o e injusti\u00e7a social. Esses projetos promovem bem-estar psicol\u00f3gico, conscientiza\u00e7\u00e3o social, resist\u00eancia pol\u00edtica e justi\u00e7a social, muitas vezes com base em conhecimentos e pr\u00e1ticas ancestrais. <a href=\"https:\/\/grassrootsonline.org\/blog\/martin-baro-initiative-for-wellbeing-and-human-rights-2021-grantees\/\">Leia mais sobre os mais recentes benefici\u00e1rios da IMB.<\/a>[\/vc_column_text]<div class=\"vc_custom_1720179390676 wpex-clr\"><a href=\"#\" class=\"vcex-button theme-txt-link wpex-inline-block inline more popmake-9891\"><span class=\"vcex-button-inner theme-button-inner wpex-flex wpex-flex-wrap wpex-items-center wpex-justify-center\">Read more on MBI<\/span><\/a><\/div> <a href=\"https:\/\/grassrootsonline.org\/pt\/temas-em-que-trabalhamos\/?postID=9875\" class=\"vcex-button theme-txt-link wpex-inline-block inline more\"><span class=\"vcex-button-inner theme-button-inner wpex-flex wpex-flex-wrap wpex-items-center wpex-justify-center\">Read our Healing and Wellbeing page<\/span><\/a> [\/vc_column_inner][\/vc_row_inner][\/vc_column][\/vc_row][vc_row full_width=&#8221;stretch_row&#8221; el_class=&#8221;mbi__about&#8221; el_id=&#8221;mbi-about&#8221;][vc_column][vc_row_inner el_class=&#8221;inner-row&#8221;][vc_column_inner width=&#8221;1\/2&#8243;]<figure class=\"vcex-image vcex-module\"><div class=\"vcex-image-inner wpex-relative wpex-inline-block\"><img width=\"494\" height=\"431\" src=\"https:\/\/grassrootsonline.org\/wp-content\/uploads\/2023\/07\/Rectangle-4375.png\" class=\"vcex-image-img wpex-align-middle\" alt=\"\" loading=\"lazy\" decoding=\"async\" srcset=\"https:\/\/grassrootsonline.org\/wp-content\/uploads\/2023\/07\/Rectangle-4375.png 494w, https:\/\/grassrootsonline.org\/wp-content\/uploads\/2023\/07\/Rectangle-4375-300x262.png 300w\" sizes=\"auto, (max-width: 494px) 100vw, 494px\" \/><\/div><\/figure>[vc_column_text el_class=&#8221;caption&#8221;]<img decoding=\"async\" class=\"alignnone size-full wp-image-993 attachment-svg\" src=\"https:\/\/grassrootsonline.org\/wp-content\/uploads\/2023\/07\/Group-9682.svg\" alt=\"\" \/><img decoding=\"async\" class=\"alignnone size-full wp-image-994 attachment-svg\" src=\"https:\/\/grassrootsonline.org\/wp-content\/uploads\/2023\/07\/Group-9683.svg\" alt=\"\" \/>[\/vc_column_text][\/vc_column_inner][vc_column_inner width=&#8221;1\/2&#8243;]<h2 class=\"vcex-heading vcex-heading-plain vcex-module wpex-heading wpex-text-2xl heading\"><span class=\"vcex-heading-inner wpex-inline-block\">Sobre Ignacio Mart\u00edn-Bar\u00f3<\/span><\/h2>[vc_column_text css=&#8221;&#8221; el_class=&#8221;text-element&#8221;]Ignacio Mart\u00edn-Bar\u00f3 foi um psic\u00f3logo social, acad\u00eamico, ativista e padre jesu\u00edta conhecido por seu trabalho de ponta com a psicologia da liberta\u00e7\u00e3o. Ele foi um dos seis jesu\u00edtas que, junto com sua governanta e a filha dela, foram assassinados pelos militares salvadorenhos em 1989 na Universidade Centro-Americana em San Salvador. Quando morreu, era vice-reitor e diretor do Centro de Opini\u00e3o P\u00fablica da universidade.[\/vc_column_text]<a href=\"#\" class=\"vcex-button theme-txt-link wpex-inline-block inline more popmake-9895\"><span class=\"vcex-button-inner theme-button-inner wpex-flex wpex-flex-wrap wpex-items-center wpex-justify-center\">Read more about Ignacio<\/span><\/a> <a href=\"https:\/\/grassrootsonline.org\/wp-content\/uploads\/2023\/09\/Ignacio-Martin-Baro-Lawsuit-Update-2022.pdf\" class=\"vcex-button theme-txt-link wpex-inline-block inline more\" target=\"_blank\" rel=\"noopener noreferrer\"><span class=\"vcex-button-inner theme-button-inner wpex-flex wpex-flex-wrap wpex-items-center wpex-justify-center\">Seeking justice through the legal system<\/span><\/a> [\/vc_column_inner][\/vc_row_inner][\/vc_column][\/vc_row][vc_row full_width=&#8221;stretch_row&#8221; el_class=&#8221;mbi__newsletter&#8221; el_id=&#8221;mbi-newsletter&#8221;][vc_column][vc_row_inner el_class=&#8221;inner-row&#8221;][vc_column_inner el_class=&#8221;accentCol&#8221; width=&#8221;1\/2&#8243;][vc_column_text]The Just Word:<\/p>\n<h2>The Mart\u00edn-Bar\u00f3 Initiative Newsletter<\/h2>\n[\/vc_column_text]<a href=\"https:\/\/grassrootsonline.org\/wp-content\/uploads\/2023\/11\/MBIFall23Web.pdf\" class=\"vcex-button theme-txt-link wpex-inline-block inline latest-link\" target=\"_blank\" rel=\"noopener noreferrer\"><span class=\"vcex-button-inner theme-button-inner wpex-flex wpex-flex-wrap wpex-items-center wpex-justify-center\">Click to view latest <b>2023 edition<\/b><\/span><\/a> [vc_column_text]\n<p style=\"text-align: center; font-size: 1.2rem;\">or<\/p>\n[\/vc_column_text]<a href=\"https:\/\/grassrootsonline.org\/wp-content\/uploads\/2023\/11\/MBIFall23Web.pdf\" class=\"vcex-button theme-txt-link wpex-inline-block inline download-link\" download><span class=\"vcex-button-inner theme-button-inner wpex-flex wpex-flex-wrap wpex-items-center wpex-justify-center\">Download here<\/span><\/a> [\/vc_column_inner][vc_column_inner el_class=&#8221;lettersCol&#8221; width=&#8221;1\/2&#8243;][vc_column_text el_class=&#8221;newsletters-year&#8221;]\n<h3>2020<\/h3>\n[\/vc_column_text][vc_column_text el_class=&#8221;newsletters-year&#8221;]\n<h3>2021<\/h3>\n[\/vc_column_text][vc_column_text el_class=&#8221;newsletters-archive&#8221; text_align=&#8221;center&#8221;]See all our Newsletters stored in our archive<\/p>\n<p><a class=\"newsletter-link popmake-2599\" href=\"#\">Click here<\/a>[\/vc_column_text][\/vc_column_inner][\/vc_row_inner][\/vc_column][\/vc_row][vc_row full_width=&#8221;stretch_row&#8221; el_class=&#8221;mbi__grantees&#8221; el_id=&#8221;mbi-grantees&#8221;][vc_column][vc_row_inner remove_bottom_col_margin=&#8221;true&#8221;][vc_column_inner]<h2 class=\"vcex-heading vcex-heading-plain vcex-module wpex-heading wpex-text-2xl\"><span class=\"vcex-heading-inner wpex-inline-block\">Current Grantees<\/span><\/h2>[\/vc_column_inner][\/vc_row_inner]<div class=\"vcex-shortcode wpex-clr\"><div class=\"mbiGrantees\"><\/div><\/div><div class=\"theme-button-wrap textcenter wpex-clr\"><a href=\"#\" class=\"vcex-button theme-txt-link align-center wpex-inline-block inline mbi-grantees-btn popmake-2946\"><span class=\"vcex-button-inner theme-button-inner wpex-flex wpex-flex-wrap wpex-items-center wpex-justify-center\">Archives of past grantees<\/span><\/a><\/div> [\/vc_column][\/vc_row][vc_row full_width=&#8221;stretch_row_content_no_spaces&#8221; el_class=&#8221;mbi__relevantResources&#8221; el_id=&#8221;mbi-resources&#8221;][vc_column][vc_row_inner remove_bottom_col_margin=&#8221;true&#8221; el_class=&#8221;inner-row&#8221;][vc_column_inner]<h2 class=\"vcex-heading vcex-heading-plain vcex-module wpex-heading wpex-text-2xl\"><span class=\"vcex-heading-inner wpex-inline-block\">Explore our relevant resources<\/span><\/h2>[\/vc_column_inner][\/vc_row_inner]<div class=\"vcex-shortcode wpex-clr news-layout\">\n\n<div id=\"ymc-smart-filter-container-1\" \r\n\t\t\t\t  class=\"ymc-smart-filter-container ymc-filter-1033 ymc-loaded-filter ymc-no-filter-layout ymc-post-custom-layout ymc-pagination-numeric data-target-ymc1033-1 data-target-ymc1 \" data-loading=\"true\"\r\n\t\t\t\t  data-params='{\"cpt\":\"learning_hub\",\"tax\":\"hub_resources\",\"terms\":\"84\",\"default_terms\":\"\",\"exclude_posts\":\"off\",\"choices_posts\":\"\",\"posts_selected\":\"all\",\"preloader_icon\":\"preloader_1\",\"type_pg\":\"numeric\",\"per_page\":\"4\",\"page\":\"1\",\"page_scroll\":\"1\",\"preloader_filters\":\"none\",\"preloader_filters_rate\":\"0.5\",\"preloader_filters_custom\":\"\",\"post_animation\":\"\",\"popup_animation\":\"normal\",\"letter\":\"\",\"post_layout\":\"post-custom-layout\",\"filter_layout\":\"no-filter-layout\",\"filter_id\":\"1033\",\"search\":\"\",\"search_filtered_posts\":\"0\",\"carousel_params\":&quot;&quot;,\"filter_date\":\"\",\"sort_order\":\"\",\"sort_orderby\":\"\",\"meta_key\":\"\",\"meta_query\":\"\",\"date_query\":\"\",\"data_target\":\"data-target-ymc1\",\"target_id\":\"1\",\"page_id\":\"0\"}'><div class=\"container-posts container-post-custom-layout\"><div class=\"post-entry ymc-xs-col-1 ymc-sm-col-2 ymc-md-col-3 ymc-lg-col-4 ymc-xl-col-4 ymc-xxl-col-4 post-custom-layout post-custom-layout-1033 post-custom-layout-1033-1\"><\/div><\/div><\/div><\/div><div class=\"theme-button-wrap textcenter wpex-clr\"><a href=\"http:\/\/grassrootsonline.org\/learning-hub\/\" class=\"vcex-button theme-txt-link align-center wpex-inline-block inline\"><span class=\"vcex-button-inner theme-button-inner wpex-flex wpex-flex-wrap wpex-items-center wpex-justify-center\">Go to Learning Hub<\/span><\/a><\/div> [\/vc_column][\/vc_row][vc_row full_width=&#8221;stretch_row&#8221; el_class=&#8221;mbi__donate&#8221; el_id=&#8221;mbi-donate&#8221; local_scroll_id=&#8221;mbi-donate&#8221;][vc_column][vc_row_inner equal_height=&#8221;yes&#8221; remove_bottom_col_margin=&#8221;true&#8221; el_class=&#8221;mbi__donate__row&#8221;][vc_column_inner el_class=&#8221;imgCol&#8221; width=&#8221;1\/3&#8243; css=&#8221;.vc_custom_1693916645548{background-image: url(https:\/\/grassrootsonline.org\/wp-content\/uploads\/2023\/09\/MBI-Donate-min-e1693916611620.jpeg?id=1423) !important;}&#8221;][\/vc_column_inner][vc_column_inner el_class=&#8221;textCol&#8221; width=&#8221;2\/3&#8243;]<figure class=\"vcex-image vcex-module\"><div class=\"vcex-image-inner wpex-relative wpex-inline-block\"><img width=\"9999\" height=\"34\" src=\"https:\/\/grassrootsonline.org\/wp-content\/uploads\/2023\/07\/Frame-9270.svg\" class=\"vcex-image-img wpex-align-middle\" alt=\"\" loading=\"lazy\" decoding=\"async\" \/><\/div><\/figure><h3 class=\"vcex-heading vcex-heading-plain vcex-module wpex-heading wpex-text-2xl\"><span class=\"vcex-heading-inner wpex-inline-block\">Donate today to support the Mart\u00edn-Bar\u00f3 Initiative<\/span><\/h3>[vc_column_text]Click below to donate online or send checks to Grassroots International, with Mart\u00edn-Bar\u00f3 Initiative (or MBI) in the memo line and send to: Grassroots International, 179 Boylston Street, Boston, MA 02130.[\/vc_column_text]<a href=\"#\" class=\"vcex-button theme-button inline donate_btn popmake-2643\"><span class=\"vcex-button-inner theme-button-inner wpex-flex wpex-flex-wrap wpex-items-center wpex-justify-center\">Donate today<\/span><\/a> [\/vc_column_inner][\/vc_row_inner][\/vc_column][\/vc_row]\n<\/div>","protected":false},"excerpt":{"rendered":"<p>[vc_row full_width=&#8221;stretch_row_content&#8221; equal_height=&#8221;yes&#8221; remove_bottom_col_margin=&#8221;true&#8221; el_class=&#8221;mbi__hero hero-section maize&#8221;][vc_column width=&#8221;5\/12&#8243; css=&#8221;.vc_custom_1693916118055{background-image: url(https:\/\/grassrootsonline.org\/wp-content\/uploads\/2023\/09\/MBI-Hero-min.jpg?id=1421) !important;}&#8221; el_class=&#8221;imgCol&#8221;][\/vc_column][vc_column width=&#8221;7\/12&#8243; el_class=&#8221;textCol&#8221;][\/vc_column][vc_column el_class=&#8221;decorCol&#8221;][\/vc_column][\/vc_row][vc_row full_width=&#8221;stretch_row_content_no_spaces&#8221; content_placement=&#8221;middle&#8221; el_class=&#8221;sticky-menu isBlue&#8221;][vc_column][\/vc_column][\/vc_row][vc_row full_width=&#8221;stretch_row&#8221; el_class=&#8221;mbi__introduction mbi__intro&#8221;][vc_column][vc_row_inner el_class=&#8221;inner-row&#8221;][vc_column_inner][vc_column_text css=&#8221;&#8221; el_class=&#8221;text-element&#8221;]A Grassroots International reconhece as profundas feridas causadas pelo colonialismo, militarismo e outros sistemas de opress\u00e3o. Acreditamos no poder dos movimentos sociais para trabalhar no sentido de curar essas feridas, desenvolvendo&hellip;<\/p>\n","protected":false},"author":6,"featured_media":0,"parent":0,"menu_order":0,"comment_status":"closed","ping_status":"closed","template":"","meta":{"_acf_changed":false,"inline_featured_image":false,"footnotes":"","_links_to":"","_links_to_target":""},"class_list":["post-9887","page","type-page","status-publish","hentry","entry","no-media"],"acf":[],"yoast_head":"<!-- This site is optimized with the Yoast SEO plugin v27.5 - https:\/\/yoast.com\/product\/yoast-seo-wordpress\/ -->\n<title>Grassroots International | MBI<\/title>\n<meta name=\"description\" content=\"Ignacio Mart\u00edn-Bar\u00f3 was a social psychologist, scholar, activist, and Jesuit priest renowned for his cutting-edge work around liberation psychology.\" \/>\n<meta name=\"robots\" content=\"index, follow, max-snippet:-1, max-image-preview:large, max-video-preview:-1\" \/>\n<link rel=\"canonical\" href=\"https:\/\/grassrootsonline.org\/pt\/mbi\/\" \/>\n<meta property=\"og:locale\" content=\"pt_PT\" \/>\n<meta property=\"og:type\" content=\"article\" \/>\n<meta property=\"og:title\" content=\"Grassroots International | MBI\" \/>\n<meta property=\"og:description\" content=\"Ignacio Mart\u00edn-Bar\u00f3 was a social psychologist, scholar, activist, and Jesuit priest renowned for his cutting-edge work around liberation psychology.\" \/>\n<meta property=\"og:url\" content=\"https:\/\/grassrootsonline.org\/pt\/mbi\/\" \/>\n<meta property=\"og:site_name\" content=\"Grassroots International\" \/>\n<meta property=\"article:publisher\" content=\"https:\/\/www.facebook.com\/GrassrootsIntl\" \/>\n<meta property=\"article:modified_time\" content=\"2024-07-05T14:26:25+00:00\" \/>\n<meta property=\"og:image\" content=\"https:\/\/grassrootsonline.org\/wp-content\/uploads\/2023\/07\/Group-9682.svg\" \/>\n<meta name=\"twitter:card\" content=\"summary_large_image\" \/>\n<meta name=\"twitter:site\" content=\"@grassrootsintl\" \/>\n<meta name=\"twitter:label1\" content=\"Est. reading time\" \/>\n\t<meta name=\"twitter:data1\" content=\"3 minutes\" \/>\n<script type=\"application\/ld+json\" class=\"yoast-schema-graph\">{\"@context\":\"https:\\\/\\\/schema.org\",\"@graph\":[{\"@type\":\"WebPage\",\"@id\":\"https:\\\/\\\/grassrootsonline.org\\\/pt\\\/mbi\\\/\",\"url\":\"https:\\\/\\\/grassrootsonline.org\\\/pt\\\/mbi\\\/\",\"name\":\"Grassroots International | MBI\",\"isPartOf\":{\"@id\":\"https:\\\/\\\/grassrootsonline.org\\\/#website\"},\"primaryImageOfPage\":{\"@id\":\"https:\\\/\\\/grassrootsonline.org\\\/pt\\\/mbi\\\/#primaryimage\"},\"image\":{\"@id\":\"https:\\\/\\\/grassrootsonline.org\\\/pt\\\/mbi\\\/#primaryimage\"},\"thumbnailUrl\":\"https:\\\/\\\/grassrootsonline.org\\\/wp-content\\\/uploads\\\/2023\\\/07\\\/Group-9682.svg\",\"datePublished\":\"2023-07-06T13:44:32+00:00\",\"dateModified\":\"2024-07-05T14:26:25+00:00\",\"description\":\"Ignacio Mart\u00edn-Bar\u00f3 was a social psychologist, scholar, activist, and Jesuit priest renowned for his cutting-edge work around liberation psychology.\",\"breadcrumb\":{\"@id\":\"https:\\\/\\\/grassrootsonline.org\\\/pt\\\/mbi\\\/#breadcrumb\"},\"inLanguage\":\"pt\",\"potentialAction\":[{\"@type\":\"ReadAction\",\"target\":[\"https:\\\/\\\/grassrootsonline.org\\\/pt\\\/mbi\\\/\"]}]},{\"@type\":\"ImageObject\",\"inLanguage\":\"pt\",\"@id\":\"https:\\\/\\\/grassrootsonline.org\\\/pt\\\/mbi\\\/#primaryimage\",\"url\":\"https:\\\/\\\/grassrootsonline.org\\\/wp-content\\\/uploads\\\/2023\\\/07\\\/Group-9682.svg\",\"contentUrl\":\"https:\\\/\\\/grassrootsonline.org\\\/wp-content\\\/uploads\\\/2023\\\/07\\\/Group-9682.svg\"},{\"@type\":\"BreadcrumbList\",\"@id\":\"https:\\\/\\\/grassrootsonline.org\\\/pt\\\/mbi\\\/#breadcrumb\",\"itemListElement\":[{\"@type\":\"ListItem\",\"position\":1,\"name\":\"Home\",\"item\":\"https:\\\/\\\/grassrootsonline.org\\\/pt\\\/\"},{\"@type\":\"ListItem\",\"position\":2,\"name\":\"MBI\"}]},{\"@type\":\"WebSite\",\"@id\":\"https:\\\/\\\/grassrootsonline.org\\\/#website\",\"url\":\"https:\\\/\\\/grassrootsonline.org\\\/\",\"name\":\"Grassroots International\",\"description\":\"Funding Global Movement for Social Change\",\"publisher\":{\"@id\":\"https:\\\/\\\/grassrootsonline.org\\\/#organization\"},\"potentialAction\":[{\"@type\":\"SearchAction\",\"target\":{\"@type\":\"EntryPoint\",\"urlTemplate\":\"https:\\\/\\\/grassrootsonline.org\\\/?s={search_term_string}\"},\"query-input\":{\"@type\":\"PropertyValueSpecification\",\"valueRequired\":true,\"valueName\":\"search_term_string\"}}],\"inLanguage\":\"pt\"},{\"@type\":\"Organization\",\"@id\":\"https:\\\/\\\/grassrootsonline.org\\\/#organization\",\"name\":\"Grassroots International\",\"url\":\"https:\\\/\\\/grassrootsonline.org\\\/\",\"logo\":{\"@type\":\"ImageObject\",\"inLanguage\":\"pt\",\"@id\":\"https:\\\/\\\/grassrootsonline.org\\\/#\\\/schema\\\/logo\\\/image\\\/\",\"url\":\"https:\\\/\\\/grassrootsonline.org\\\/wp-content\\\/uploads\\\/2023\\\/09\\\/GRI-Logo_Primary-Green.png\",\"contentUrl\":\"https:\\\/\\\/grassrootsonline.org\\\/wp-content\\\/uploads\\\/2023\\\/09\\\/GRI-Logo_Primary-Green.png\",\"width\":2560,\"height\":861,\"caption\":\"Grassroots International\"},\"image\":{\"@id\":\"https:\\\/\\\/grassrootsonline.org\\\/#\\\/schema\\\/logo\\\/image\\\/\"},\"sameAs\":[\"https:\\\/\\\/www.facebook.com\\\/GrassrootsIntl\",\"https:\\\/\\\/x.com\\\/grassrootsintl\",\"https:\\\/\\\/www.linkedin.com\\\/company\\\/grassroots-international\\\/\",\"https:\\\/\\\/www.youtube.com\\\/user\\\/GRIvideos\",\"https:\\\/\\\/www.instagram.com\\\/grassrootsintl\\\/\"]}]}<\/script>\n<!-- \/ Yoast SEO plugin. -->","yoast_head_json":{"title":"Grassroots International | MBI","description":"Ignacio Mart\u00edn-Bar\u00f3 was a social psychologist, scholar, activist, and Jesuit priest renowned for his cutting-edge work around liberation psychology.","robots":{"index":"index","follow":"follow","max-snippet":"max-snippet:-1","max-image-preview":"max-image-preview:large","max-video-preview":"max-video-preview:-1"},"canonical":"https:\/\/grassrootsonline.org\/pt\/mbi\/","og_locale":"pt_PT","og_type":"article","og_title":"Grassroots International | MBI","og_description":"Ignacio Mart\u00edn-Bar\u00f3 was a social psychologist, scholar, activist, and Jesuit priest renowned for his cutting-edge work around liberation psychology.","og_url":"https:\/\/grassrootsonline.org\/pt\/mbi\/","og_site_name":"Grassroots International","article_publisher":"https:\/\/www.facebook.com\/GrassrootsIntl","article_modified_time":"2024-07-05T14:26:25+00:00","og_image":[{"url":"https:\/\/grassrootsonline.org\/wp-content\/uploads\/2023\/07\/Group-9682.svg","type":"","width":"","height":""}],"twitter_card":"summary_large_image","twitter_site":"@grassrootsintl","twitter_misc":{"Est. reading time":"3 minutes"},"schema":{"@context":"https:\/\/schema.org","@graph":[{"@type":"WebPage","@id":"https:\/\/grassrootsonline.org\/pt\/mbi\/","url":"https:\/\/grassrootsonline.org\/pt\/mbi\/","name":"Grassroots International | MBI","isPartOf":{"@id":"https:\/\/grassrootsonline.org\/#website"},"primaryImageOfPage":{"@id":"https:\/\/grassrootsonline.org\/pt\/mbi\/#primaryimage"},"image":{"@id":"https:\/\/grassrootsonline.org\/pt\/mbi\/#primaryimage"},"thumbnailUrl":"https:\/\/grassrootsonline.org\/wp-content\/uploads\/2023\/07\/Group-9682.svg","datePublished":"2023-07-06T13:44:32+00:00","dateModified":"2024-07-05T14:26:25+00:00","description":"Ignacio Mart\u00edn-Bar\u00f3 was a social psychologist, scholar, activist, and Jesuit priest renowned for his cutting-edge work around liberation psychology.","breadcrumb":{"@id":"https:\/\/grassrootsonline.org\/pt\/mbi\/#breadcrumb"},"inLanguage":"pt","potentialAction":[{"@type":"ReadAction","target":["https:\/\/grassrootsonline.org\/pt\/mbi\/"]}]},{"@type":"ImageObject","inLanguage":"pt","@id":"https:\/\/grassrootsonline.org\/pt\/mbi\/#primaryimage","url":"https:\/\/grassrootsonline.org\/wp-content\/uploads\/2023\/07\/Group-9682.svg","contentUrl":"https:\/\/grassrootsonline.org\/wp-content\/uploads\/2023\/07\/Group-9682.svg"},{"@type":"BreadcrumbList","@id":"https:\/\/grassrootsonline.org\/pt\/mbi\/#breadcrumb","itemListElement":[{"@type":"ListItem","position":1,"name":"Home","item":"https:\/\/grassrootsonline.org\/pt\/"},{"@type":"ListItem","position":2,"name":"MBI"}]},{"@type":"WebSite","@id":"https:\/\/grassrootsonline.org\/#website","url":"https:\/\/grassrootsonline.org\/","name":"Grassroots International","description":"Funding Global Movement for Social Change","publisher":{"@id":"https:\/\/grassrootsonline.org\/#organization"},"potentialAction":[{"@type":"SearchAction","target":{"@type":"EntryPoint","urlTemplate":"https:\/\/grassrootsonline.org\/?s={search_term_string}"},"query-input":{"@type":"PropertyValueSpecification","valueRequired":true,"valueName":"search_term_string"}}],"inLanguage":"pt"},{"@type":"Organization","@id":"https:\/\/grassrootsonline.org\/#organization","name":"Grassroots International","url":"https:\/\/grassrootsonline.org\/","logo":{"@type":"ImageObject","inLanguage":"pt","@id":"https:\/\/grassrootsonline.org\/#\/schema\/logo\/image\/","url":"https:\/\/grassrootsonline.org\/wp-content\/uploads\/2023\/09\/GRI-Logo_Primary-Green.png","contentUrl":"https:\/\/grassrootsonline.org\/wp-content\/uploads\/2023\/09\/GRI-Logo_Primary-Green.png","width":2560,"height":861,"caption":"Grassroots International"},"image":{"@id":"https:\/\/grassrootsonline.org\/#\/schema\/logo\/image\/"},"sameAs":["https:\/\/www.facebook.com\/GrassrootsIntl","https:\/\/x.com\/grassrootsintl","https:\/\/www.linkedin.com\/company\/grassroots-international\/","https:\/\/www.youtube.com\/user\/GRIvideos","https:\/\/www.instagram.com\/grassrootsintl\/"]}]}},"_links":{"self":[{"href":"https:\/\/grassrootsonline.org\/pt\/wp-json\/wp\/v2\/pages\/9887","targetHints":{"allow":["GET"]}}],"collection":[{"href":"https:\/\/grassrootsonline.org\/pt\/wp-json\/wp\/v2\/pages"}],"about":[{"href":"https:\/\/grassrootsonline.org\/pt\/wp-json\/wp\/v2\/types\/page"}],"author":[{"embeddable":true,"href":"https:\/\/grassrootsonline.org\/pt\/wp-json\/wp\/v2\/users\/6"}],"replies":[{"embeddable":true,"href":"https:\/\/grassrootsonline.org\/pt\/wp-json\/wp\/v2\/comments?post=9887"}],"version-history":[{"count":0,"href":"https:\/\/grassrootsonline.org\/pt\/wp-json\/wp\/v2\/pages\/9887\/revisions"}],"wp:attachment":[{"href":"https:\/\/grassrootsonline.org\/pt\/wp-json\/wp\/v2\/media?parent=9887"}],"curies":[{"name":"wp","href":"https:\/\/api.w.org\/{rel}","templated":true}]}}